{"id":899,"date":"2022-03-27T16:33:58","date_gmt":"2022-03-27T16:33:58","guid":{"rendered":"https:\/\/cdl-aragon.es\/congresosecah\/?page_id=899"},"modified":"2022-03-27T16:34:00","modified_gmt":"2022-03-27T16:34:00","slug":"seccion-poster-online","status":"publish","type":"page","link":"https:\/\/cdl-aragon.es\/congresosecah\/index.php\/seccion-poster-online\/","title":{"rendered":"Secci\u00f3n P\u00f3ster online"},"content":{"rendered":"\n<p>Esta secci\u00f3n est\u00e1 disponible para las personas inscritas con posibilidad de acceso con contrase\u00f1a.<\/p>\n\n\n\n<figure class=\"wp-block-pullquote\"><blockquote><p>P4. <a href=\"https:\/\/cdl-aragon.es\/congresosecah\/index.php\/2022\/03\/27\/880\/\">Cer\u00e1micas ib\u00e9ricas con decoraci\u00f3n impresa halladas en Qart-Hadasth: contextualizaci\u00f3n arqueol\u00f3gica y aproximaci\u00f3n arqueom\u00e9trica.<\/a><\/p><\/blockquote><\/figure>\n\n\n\n<figure class=\"wp-block-pullquote\"><blockquote><p>P8. <a href=\"https:\/\/cdl-aragon.es\/congresosecah\/index.php\/2022\/03\/27\/a-ocupacao-de-epoca-romana-no-vale-da-ribeira-de-colares-sintra-portugal-2\/\" data-type=\"URL\" data-id=\"https:\/\/cdl-aragon.es\/congresosecah\/index.php\/2022\/03\/27\/a-ocupacao-de-epoca-romana-no-vale-da-ribeira-de-colares-sintra-portugal-2\/\">A ocupa\u00e7\u00e3o de \u00e9poca romana no vale da ribeira de Colares (Sintra, Portugal).<\/a><\/p><\/blockquote><\/figure>\n\n\n\n<figure class=\"wp-block-pullquote\"><blockquote><p>P15. <span class=\"entry-title\" style=\"overflow-wrap: break-word; font-size: 32px; margin: 0px 0px 10px; font-family: &quot;Open Sans&quot;, Helvetica, Arial, sans-serif; font-weight: 500; line-height: 1.5; clear: both; word-break: break-word; word-wrap: break-word; letter-spacing: -0.6px; white-space: normal;\"><a href=\"https:\/\/cdl-aragon.es\/congresosecah\/index.php\/2022\/03\/27\/las-marcas-isturgitanas-notas-acerca-de-la-situacion-politico-juridica-2\/\" data-type=\"URL\" data-id=\"https:\/\/cdl-aragon.es\/congresosecah\/index.php\/2022\/03\/27\/las-marcas-isturgitanas-notas-acerca-de-la-situacion-politico-juridica-2\/\">Las marcas isturgitanas: notas acerca de la situaci\u00f3n pol\u00edtico-jur\u00eddic<\/a>a.<\/span><\/p><\/blockquote><\/figure>\n","protected":false},"excerpt":{"rendered":"<p>Esta secci\u00f3n est\u00e1 disponible para las personas inscritas con posibilidad de acceso con contrase\u00f1a. P4. Cer\u00e1micas ib\u00e9ricas con decoraci\u00f3n impresa halladas en Qart-Hadasth: contextualizaci\u00f3n arqueol\u00f3gica y aproximaci\u00f3n arqueom\u00e9trica. P8. A &#8230;<\/p>\n","protected":false},"author":1,"featured_media":0,"parent":0,"menu_order":0,"comment_status":"closed","ping_status":"closed","template":"","meta":{"footnotes":""},"class_list":["post-899","page","type-page","status-publish","hentry"],"_links":{"self":[{"href":"https:\/\/cdl-aragon.es\/congresosecah\/index.php\/wp-json\/wp\/v2\/pages\/899","targetHints":{"allow":["GET"]}}],"collection":[{"href":"https:\/\/cdl-aragon.es\/congresosecah\/index.php\/wp-json\/wp\/v2\/pages"}],"about":[{"href":"https:\/\/cdl-aragon.es\/congresosecah\/index.php\/wp-json\/wp\/v2\/types\/page"}],"author":[{"embeddable":true,"href":"https:\/\/cdl-aragon.es\/congresosecah\/index.php\/wp-json\/wp\/v2\/users\/1"}],"replies":[{"embeddable":true,"href":"https:\/\/cdl-aragon.es\/congresosecah\/index.php\/wp-json\/wp\/v2\/comments?post=899"}],"version-history":[{"count":1,"href":"https:\/\/cdl-aragon.es\/congresosecah\/index.php\/wp-json\/wp\/v2\/pages\/899\/revisions"}],"predecessor-version":[{"id":900,"href":"https:\/\/cdl-aragon.es\/congresosecah\/index.php\/wp-json\/wp\/v2\/pages\/899\/revisions\/900"}],"wp:attachment":[{"href":"https:\/\/cdl-aragon.es\/congresosecah\/index.php\/wp-json\/wp\/v2\/media?parent=899"}],"curies":[{"name":"wp","href":"https:\/\/api.w.org\/{rel}","templated":true}]}}