{"id":8,"date":"2021-06-03T07:23:28","date_gmt":"2021-06-03T07:23:28","guid":{"rendered":"https:\/\/cdl-aragon.es\/congresosecah\/?page_id=8"},"modified":"2022-01-19T10:46:55","modified_gmt":"2022-01-19T10:46:55","slug":"contacto","status":"publish","type":"page","link":"https:\/\/cdl-aragon.es\/congresosecah\/index.php\/contacto\/","title":{"rendered":"Inscripci\u00f3n"},"content":{"rendered":"\n<p>La inscripci\u00f3n al Congreso se formalizar\u00e1 en el momento en el que se adjunte el justificante del ingreso bancario de la cuota elegida. No obstante, los participantes que presenten comunicaci\u00f3n o p\u00f3ster deber\u00e1n haber obtenido su aceptaci\u00f3n por parte del Comit\u00e9 Cient\u00edfico del Congreso antes de proceder al pago de la cuota de inscripci\u00f3n. <\/p>\n\n\n<div class=\"wpforms-container wpforms-container-full wpforms-block\" id=\"wpforms-271\"><form id=\"wpforms-form-271\" class=\"wpforms-validate wpforms-form\" data-formid=\"271\" method=\"post\" enctype=\"multipart\/form-data\" action=\"\/congresosecah\/index.php\/wp-json\/wp\/v2\/pages\/8\" data-token=\"08bdd0cdec5be85e6b2e99333295b67c\"><noscript class=\"wpforms-error-noscript\">Por favor, activa JavaScript en tu navegador para completar este formulario.<\/noscript><div class=\"wpforms-field-container\"><div id=\"wpforms-271-field_0-container\" class=\"wpforms-field wpforms-field-name\" data-field-id=\"0\"><label class=\"wpforms-field-label\" for=\"wpforms-271-field_0\">Nombre <span class=\"wpforms-required-label\">*<\/span><\/label><div class=\"wpforms-field-row wpforms-field-medium\"><div class=\"wpforms-field-row-block wpforms-first wpforms-one-half\"><input type=\"text\" id=\"wpforms-271-field_0\" class=\"wpforms-field-name-first wpforms-field-required\" name=\"wpforms[fields][0][first]\" required><label for=\"wpforms-271-field_0\" class=\"wpforms-field-sublabel after \">Nombre<\/label><\/div><div class=\"wpforms-field-row-block wpforms-one-half\"><input type=\"text\" id=\"wpforms-271-field_0-last\" class=\"wpforms-field-name-last wpforms-field-required\" name=\"wpforms[fields][0][last]\" required><label for=\"wpforms-271-field_0-last\" class=\"wpforms-field-sublabel after \">Apellidos<\/label><\/div><\/div><\/div><div id=\"wpforms-271-field_4-container\" class=\"wpforms-field wpforms-field-text\" data-field-id=\"4\"><label class=\"wpforms-field-label\" for=\"wpforms-271-field_4\">Situaci\u00f3n profesional. Instituci\u00f3n \/ Empresa  <span class=\"wpforms-required-label\">*<\/span><\/label><input type=\"text\" id=\"wpforms-271-field_4\" class=\"wpforms-field-large wpforms-field-required\" name=\"wpforms[fields][4]\" required><\/div><div id=\"wpforms-271-field_9-container\" class=\"wpforms-field wpforms-field-text\" data-field-id=\"9\"><label class=\"wpforms-field-label\" for=\"wpforms-271-field_9\">Direcci\u00f3n postal<\/label><input type=\"text\" id=\"wpforms-271-field_9\" class=\"wpforms-field-large\" name=\"wpforms[fields][9]\" ><\/div><div id=\"wpforms-271-field_11-container\" class=\"wpforms-field wpforms-field-text\" data-field-id=\"11\"><label class=\"wpforms-field-label\" for=\"wpforms-271-field_11\">Localidad<\/label><input type=\"text\" id=\"wpforms-271-field_11\" class=\"wpforms-field-medium\" name=\"wpforms[fields][11]\" ><\/div><div id=\"wpforms-271-field_12-container\" class=\"wpforms-field wpforms-field-text\" data-field-id=\"12\"><label class=\"wpforms-field-label\" for=\"wpforms-271-field_12\">Provincia<\/label><input type=\"text\" id=\"wpforms-271-field_12\" class=\"wpforms-field-medium\" name=\"wpforms[fields][12]\" ><\/div><div id=\"wpforms-271-field_13-container\" class=\"wpforms-field wpforms-field-text\" data-field-id=\"13\"><label class=\"wpforms-field-label\" for=\"wpforms-271-field_13\">Pa\u00eds<\/label><input type=\"text\" id=\"wpforms-271-field_13\" class=\"wpforms-field-medium\" name=\"wpforms[fields][13]\" ><\/div><div id=\"wpforms-271-field_10-container\" class=\"wpforms-field wpforms-field-text\" data-field-id=\"10\"><label class=\"wpforms-field-label\" for=\"wpforms-271-field_10\">C\u00f3digo Postal<\/label><input type=\"text\" id=\"wpforms-271-field_10\" class=\"wpforms-field-medium\" name=\"wpforms[fields][10]\" ><\/div><div id=\"wpforms-271-field_1-container\" class=\"wpforms-field wpforms-field-email\" data-field-id=\"1\"><label class=\"wpforms-field-label\" for=\"wpforms-271-field_1\">Correo electr\u00f3nico <span class=\"wpforms-required-label\">*<\/span><\/label><input type=\"email\" id=\"wpforms-271-field_1\" class=\"wpforms-field-medium wpforms-field-required\" name=\"wpforms[fields][1]\" spellcheck=\"false\" required><\/div><div id=\"wpforms-271-field_15-container\" class=\"wpforms-field wpforms-field-text\" data-field-id=\"15\"><label class=\"wpforms-field-label\" for=\"wpforms-271-field_15\">Tel\u00e9fono de contacto <span class=\"wpforms-required-label\">*<\/span><\/label><input type=\"text\" id=\"wpforms-271-field_15\" class=\"wpforms-field-medium wpforms-field-required\" name=\"wpforms[fields][15]\" required><\/div><div id=\"wpforms-271-field_14-container\" class=\"wpforms-field wpforms-field-select wpforms-field-select-style-classic\" data-field-id=\"14\"><label class=\"wpforms-field-label\" for=\"wpforms-271-field_14\">Tipo de participaci\u00f3n <span class=\"wpforms-required-label\">*<\/span><\/label><select id=\"wpforms-271-field_14\" class=\"wpforms-field-medium wpforms-field-required\" name=\"wpforms[fields][14]\" required=\"required\"><option value=\"Comunicaci\u00f3n\" >Comunicaci\u00f3n<\/option><option value=\"P\u00f3ster\" >P\u00f3ster<\/option><option value=\"Asistente\" >Asistente<\/option><\/select><\/div><div id=\"wpforms-271-field_8-container\" class=\"wpforms-field wpforms-field-checkbox\" data-field-id=\"8\"><label class=\"wpforms-field-label\" for=\"wpforms-271-field_8\">Socio de la SECAH <span class=\"wpforms-required-label\">*<\/span><\/label><ul id=\"wpforms-271-field_8\" class=\"wpforms-field-required\"><li class=\"choice-1 depth-1\"><input type=\"checkbox\" id=\"wpforms-271-field_8_1\" name=\"wpforms[fields][8][]\" value=\"SI\" required ><label class=\"wpforms-field-label-inline\" for=\"wpforms-271-field_8_1\">SI<\/label><\/li><li class=\"choice-2 depth-1\"><input type=\"checkbox\" id=\"wpforms-271-field_8_2\" name=\"wpforms[fields][8][]\" value=\"NO\" required ><label class=\"wpforms-field-label-inline\" for=\"wpforms-271-field_8_2\">NO<\/label><\/li><\/ul><div class=\"wpforms-field-description\">En caso de solicitar reducci\u00f3n por ser socio de a SECAH se deber\u00e1 indicar el n\u00ba de asociado y estar al corriente de las cuotas anuales.<\/div><\/div><div id=\"wpforms-271-field_7-container\" class=\"wpforms-field wpforms-field-select wpforms-field-select-style-modern\" data-field-id=\"7\"><label class=\"wpforms-field-label\" for=\"wpforms-271-field_7\">Cuota de inscripci\u00f3n <span class=\"wpforms-required-label\">*<\/span><\/label><select id=\"wpforms-271-field_7\" class=\"wpforms-field-medium wpforms-field-required choicesjs-select\" data-size-class=\"wpforms-field-row wpforms-field-medium\" data-search-enabled=\"\" name=\"wpforms[fields][7][]\" required=\"required\" multiple=\"multiple\"><option value=\"\" class=\"placeholder\" disabled >150\u20ac Inscritos CON Actas<\/option><option value=\"150\u20ac Inscritos CON Actas\" >150\u20ac Inscritos CON Actas<\/option><option value=\"100\u20ac Inscritos SIN Actas\" >100\u20ac Inscritos SIN Actas<\/option><option value=\"100\u20ac Socios SECAH CON Actas\" >100\u20ac Socios SECAH CON Actas<\/option><option value=\"75\u20ac Socios SECAH SIN Actas\" >75\u20ac Socios SECAH SIN Actas<\/option><option value=\"80\u20ac Estudiantes CON Actas\" >80\u20ac Estudiantes CON Actas<\/option><option value=\"30\u20ac Estudiantes SIN Actas\" >30\u20ac Estudiantes SIN Actas<\/option><option value=\"+ 30\u20ac Impresi\u00f3n P\u00f3ster\" >+ 30\u20ac Impresi\u00f3n P\u00f3ster<\/option><\/select><div class=\"wpforms-field-description\">Todas las cuotas dan derecho al acceso online.\r\nLos estudiantes deber\u00e1n justificar su situaci\u00f3n.\r\nEn caso de presentar un p\u00f3ster deber\u00eda a\u00f1adirse a la cuota 30\u20ac para su impresi\u00f3n.<\/div><\/div><div id=\"wpforms-271-field_5-container\" class=\"wpforms-field wpforms-field-gdpr-checkbox\" data-field-id=\"5\"><label class=\"wpforms-field-label\" for=\"wpforms-271-field_5\">Acuerdo RGPD  <span class=\"wpforms-required-label\">*<\/span><\/label><ul id=\"wpforms-271-field_5\" class=\"wpforms-field-required\"><li class=\"choice-1\"><input type=\"checkbox\" id=\"wpforms-271-field_5_1\" name=\"wpforms[fields][5][]\" value=\"Doy mi consentimiento para que esta web almacene la informaci\u00f3n que env\u00edo para que puedan responder a mi petici\u00f3n. \" required ><label class=\"wpforms-field-label-inline\" for=\"wpforms-271-field_5_1\">Doy mi consentimiento para que esta web almacene la informaci\u00f3n que env\u00edo para que puedan responder a mi petici\u00f3n. <\/label><\/li><\/ul><\/div><\/div><!-- .wpforms-field-container --><div class=\"wpforms-submit-container\" ><input type=\"hidden\" name=\"wpforms[id]\" value=\"271\"><input type=\"hidden\" name=\"wpforms[author]\" value=\"1\"><button type=\"submit\" name=\"wpforms[submit]\" id=\"wpforms-submit-271\" class=\"wpforms-submit\" data-alt-text=\"Enviando...\" data-submit-text=\"Enviar\" aria-live=\"assertive\" value=\"wpforms-submit\">Enviar<\/button><\/div><\/form><\/div>  <!-- .wpforms-container -->\n\n\n<p>La cuota de inscripci\u00f3n dar\u00e1 derecho a la recepci\u00f3n de la documentaci\u00f3n del Congreso, a la asistencia a las sesiones cient\u00edficas, certificado de asistencia1&nbsp;y a la recepci\u00f3n de un volumen de las actas del propio Congreso si se ha optado por la cuota correspondiente que las incluya. El alojamiento y la manutenci\u00f3n no est\u00e1n incluidos en la cuota.<\/p>\n\n\n\n<p>Se han establecido las siguientes modalidades de cuotas:<\/p>\n\n\n\n<figure class=\"wp-block-table is-style-stripes\"><table><tbody><tr><td><\/td><td>Cuota general con actas<\/td><td>Cuota reducida sin actas<\/td><\/tr><tr><td>Inscritos<\/td><td>150<\/td><td>100<\/td><\/tr><tr><td>Miembros SECAH<\/td><td>100<\/td><td>75<\/td><\/tr><tr><td>Estudiantes presencial y online<\/td><td>80<\/td><td>30<\/td><\/tr><\/tbody><\/table><figcaption>En caso de solicitar reducci\u00f3n por ser socio de la SECAH se deber\u00e1 indicar el n\u00famero de asociado y estar al corriente del pago de las cuotas anuales. Los estudiantes deber\u00e1n justificar su situaci\u00f3n. En caso de presentar un p\u00f3ster deber\u00e1 a\u00f1adirse a la cuota 30 \u20ac para su impresi\u00f3n.<br>&nbsp;<\/figcaption><\/figure>\n\n\n\n<hr class=\"wp-block-separator has-text-color has-background has-vivid-cyan-blue-background-color has-vivid-cyan-blue-color\"\/>\n\n\n\n<p>La cuota de inscripci\u00f3n deber\u00e1 abonarse en la CUENTA CORRIENTE habilitada a tal efecto: <strong>ES66 3025 0013 6614 0000 0362 (CAJA DE INGENIEROS)<\/strong>. Rogamos indiqu\u00e9is en el concepto VISECAH_Nombre_Apellido.<\/p>\n\n\n\n<p><\/p>\n\n\n\n<p>1&nbsp;La Universidad de Zaragoza tiene reconocido este congreso con 1 cr\u00e9dito ECTS, encontr\u00e1ndose en tr\u00e1mite el reconocimiento de otras universidades de las que se informar\u00e1 en la Segunda Circular.<\/p>\n","protected":false},"excerpt":{"rendered":"<p>La inscripci\u00f3n al Congreso se formalizar\u00e1 en el momento en el que se adjunte el justificante del ingreso bancario de la cuota elegida. No obstante, los participantes que presenten comunicaci\u00f3n &#8230;<\/p>\n","protected":false},"author":1,"featured_media":0,"parent":0,"menu_order":0,"comment_status":"closed","ping_status":"closed","template":"","meta":{"footnotes":""},"class_list":["post-8","page","type-page","status-publish","hentry"],"_links":{"self":[{"href":"https:\/\/cdl-aragon.es\/congresosecah\/index.php\/wp-json\/wp\/v2\/pages\/8","targetHints":{"allow":["GET"]}}],"collection":[{"href":"https:\/\/cdl-aragon.es\/congresosecah\/index.php\/wp-json\/wp\/v2\/pages"}],"about":[{"href":"https:\/\/cdl-aragon.es\/congresosecah\/index.php\/wp-json\/wp\/v2\/types\/page"}],"author":[{"embeddable":true,"href":"https:\/\/cdl-aragon.es\/congresosecah\/index.php\/wp-json\/wp\/v2\/users\/1"}],"replies":[{"embeddable":true,"href":"https:\/\/cdl-aragon.es\/congresosecah\/index.php\/wp-json\/wp\/v2\/comments?post=8"}],"version-history":[{"count":9,"href":"https:\/\/cdl-aragon.es\/congresosecah\/index.php\/wp-json\/wp\/v2\/pages\/8\/revisions"}],"predecessor-version":[{"id":823,"href":"https:\/\/cdl-aragon.es\/congresosecah\/index.php\/wp-json\/wp\/v2\/pages\/8\/revisions\/823"}],"wp:attachment":[{"href":"https:\/\/cdl-aragon.es\/congresosecah\/index.php\/wp-json\/wp\/v2\/media?parent=8"}],"curies":[{"name":"wp","href":"https:\/\/api.w.org\/{rel}","templated":true}]}}