{"id":60,"date":"2021-06-04T08:58:48","date_gmt":"2021-06-04T08:58:48","guid":{"rendered":"https:\/\/cdl-aragon.es\/congresosecah\/?page_id=60"},"modified":"2021-10-05T10:26:43","modified_gmt":"2021-10-05T10:26:43","slug":"valle-del-tajo-guadiana-sado-y-mira","status":"publish","type":"page","link":"https:\/\/cdl-aragon.es\/congresosecah\/index.php\/valle-del-tajo-guadiana-sado-y-mira\/","title":{"rendered":"Valle del Tajo, Guadiana, Sado y Mira"},"content":{"rendered":"\n<h2 class=\"has-vivid-cyan-blue-color has-text-color wp-block-heading\">Estu\u00e0rios do Sudoeste: Guadiana, Mira, Sado e Tejo, portas de entrada a espa\u00e7os de redistribui\u00e7\u00e3o de importa\u00e7\u00f5es cer\u00e2micas<\/h2>\n\n\n\n<h4 class=\"wp-block-heading\">Por Carlos Fabi\u00e3o, Catarina Vegas, In\u00e9s Vaz Pinto, Rui Almeida<\/h4>\n\n\n\n<div class=\"wp-block-columns is-layout-flex wp-container-core-columns-is-layout-9d6595d7 wp-block-columns-is-layout-flex\">\n<div class=\"wp-block-column is-vertically-aligned-center is-layout-flow wp-block-column-is-layout-flow\">\n<p class=\"has-black-color has-text-color has-large-font-size\"><strong>Carlos Fabi\u00e3o<\/strong><\/p>\n<\/div>\n\n\n\n<div class=\"wp-block-column is-vertically-aligned-center has-pale-cyan-blue-color has-text-color is-layout-flow wp-block-column-is-layout-flow\">\n<hr class=\"wp-block-separator alignfull is-style-wide\"\/>\n<\/div>\n<\/div>\n\n\n\n<div class=\"wp-block-columns is-layout-flex wp-container-core-columns-is-layout-9d6595d7 wp-block-columns-is-layout-flex\">\n<div class=\"wp-block-column is-layout-flow wp-block-column-is-layout-flow\" style=\"flex-basis:200px\">\n<div class=\"wp-block-image\"><figure class=\"alignleft size-full is-resized\"><img decoding=\"async\" src=\"https:\/\/cdl-aragon.es\/congresosecah\/wp-content\/uploads\/2021\/10\/CFabiao2021.jpg\" alt=\"\" class=\"wp-image-556\" width=\"200\" srcset=\"https:\/\/cdl-aragon.es\/congresosecah\/wp-content\/uploads\/2021\/10\/CFabiao2021.jpg 450w, https:\/\/cdl-aragon.es\/congresosecah\/wp-content\/uploads\/2021\/10\/CFabiao2021-225x300.jpg 225w\" sizes=\"(max-width: 450px) 100vw, 450px\" \/><\/figure><\/div>\n<\/div>\n\n\n\n<div class=\"wp-block-column is-layout-flow wp-block-column-is-layout-flow\" style=\"flex-basis:66.66%\">\n<p class=\"has-black-color has-text-color\">Professor da Faculdade de Letras da Universidade de Lisboa, Director do Centro de Arqueologia da Universidade de Lisboa (Uniarq). Lecciona na Licenciatura e no Mestrado de Arqueologia. Orientou e orienta diversas disserta\u00e7\u00f5es de Mestrado e Doutoramento na \u00e1rea da Arqueologia.<\/p>\n\n\n\n<p class=\"has-black-color has-text-color\">T\u00eam sido seus temas de trabalho a Economia da Lusit\u00e2nia, a explora\u00e7\u00e3o dos seus recursos e a interac\u00e7\u00e3o desta prov\u00edncia com o restante Imp\u00e9rio Romano.<\/p>\n\n\n\n<p class=\"has-black-color has-text-color\">\u00c9 autor e co-autor de cerca de duas centenas de t\u00edtulos, entre estudos monogr\u00e1ficos, artigos cient\u00edficos e obras de divulga\u00e7\u00e3o, publicados em Portugal, Espanha, Brasil, Inglaterra, Fran\u00e7a, It\u00e1lia, Alemanha e Pol\u00f3nia. Integra as comiss\u00f5es cient\u00edficas de v\u00e1rias revistas nacionais e internacionais.<\/p>\n<\/div>\n<\/div>\n\n\n\n<div class=\"wp-block-columns is-layout-flex wp-container-core-columns-is-layout-9d6595d7 wp-block-columns-is-layout-flex\">\n<div class=\"wp-block-column has-pale-cyan-blue-color has-text-color is-layout-flow wp-block-column-is-layout-flow\">\n<hr class=\"wp-block-separator alignfull is-style-wide\"\/>\n<\/div>\n\n\n\n<div class=\"wp-block-column is-vertically-aligned-center is-layout-flow wp-block-column-is-layout-flow\">\n<p class=\"has-text-align-right has-black-color has-text-color has-large-font-size\"><strong>Catarina Vegas<\/strong><\/p>\n<\/div>\n<\/div>\n\n\n\n<div class=\"wp-block-columns is-layout-flex wp-container-core-columns-is-layout-9d6595d7 wp-block-columns-is-layout-flex\">\n<div class=\"wp-block-column is-layout-flow wp-block-column-is-layout-flow\" style=\"flex-basis:66.66%\">\n<p class=\"has-black-color has-text-color\">Arque\u00f3loga. Licenciada en Historia por la FCSH (Univ. Nova de Lisboa) en 1989, doctorada en Historia, especialidad en Arqueolog\u00eda por la Universidad de Lisboa (2009). Actualmente es Profesora Asociada de Arqueolog\u00eda en la Facultad de Letras de la misma Universidad.<\/p>\n\n\n\n<p class=\"has-black-color has-text-color\">Ha pertenecido al equipo de investigaci\u00f3n de UNIARQ (Centro Arqueol\u00f3gico de la Universidad de Lisboa) desde 1997, y su trabajo se ha centrado en el estudio del poblamiento y la econom\u00eda del Algarve durante la \u00e9poca romana y la antig\u00fcedad tard\u00eda. Participa en varios proyectos de investigaci\u00f3n nacionales e internacionales y desde 2018 dirige el proyecto LORIVAI &#8211; Loul\u00e9 Velho y el paleoestuario del r\u00edo Carcavai desde \u00e9poca romana (con R. R. de Almeida).<\/p>\n\n\n\n<p class=\"has-black-color has-text-color\">Su investigaci\u00f3n se centra principalmente en los conjuntos cer\u00e1micos como indicadores de la econom\u00eda antigua, habiendo publicado trabajos cient\u00edficos sobre contextos de producci\u00f3n y consumo de cer\u00e1mica com\u00fan, cer\u00e1mica fina (<em>terra sigillata<\/em>) o productos alimenticios transportados en \u00e1nforas de yacimientos del sur de Lusitania.<\/p>\n<\/div>\n\n\n\n<div class=\"wp-block-column is-vertically-aligned-top is-layout-flow wp-block-column-is-layout-flow\" style=\"flex-basis:33.33%\">\n<div class=\"wp-block-image\"><figure class=\"alignright size-full\"><img loading=\"lazy\" decoding=\"async\" width=\"202\" height=\"211\" src=\"https:\/\/cdl-aragon.es\/congresosecah\/wp-content\/uploads\/2021\/10\/CV-academia.png\" alt=\"\" class=\"wp-image-563\"\/><\/figure><\/div>\n<\/div>\n<\/div>\n\n\n\n<div class=\"wp-block-columns is-layout-flex wp-container-core-columns-is-layout-9d6595d7 wp-block-columns-is-layout-flex\">\n<div class=\"wp-block-column is-vertically-aligned-center has-black-color has-text-color is-layout-flow wp-block-column-is-layout-flow\">\n<p class=\"has-large-font-size\"><strong>In\u00e9s Vaz Pinto<\/strong><\/p>\n<\/div>\n\n\n\n<div class=\"wp-block-column is-vertically-aligned-bottom has-black-color has-text-color is-layout-flow wp-block-column-is-layout-flow\">\n<hr class=\"wp-block-separator alignfull has-text-color has-background has-pale-cyan-blue-background-color has-pale-cyan-blue-color is-style-wide\"\/>\n<\/div>\n<\/div>\n\n\n\n<div class=\"wp-block-columns is-layout-flex wp-container-core-columns-is-layout-9d6595d7 wp-block-columns-is-layout-flex\">\n<div class=\"wp-block-column is-vertically-aligned-top is-layout-flow wp-block-column-is-layout-flow\" style=\"flex-basis:33.33%\">\n<div class=\"wp-block-image\"><figure class=\"alignleft size-full is-resized\"><img decoding=\"async\" src=\"https:\/\/cdl-aragon.es\/congresosecah\/wp-content\/uploads\/2021\/10\/Foto-Ines-Vaz-Pinto.jpg\" alt=\"\" class=\"wp-image-570\" width=\"200\" srcset=\"https:\/\/cdl-aragon.es\/congresosecah\/wp-content\/uploads\/2021\/10\/Foto-Ines-Vaz-Pinto.jpg 357w, https:\/\/cdl-aragon.es\/congresosecah\/wp-content\/uploads\/2021\/10\/Foto-Ines-Vaz-Pinto-300x256.jpg 300w\" sizes=\"(max-width: 357px) 100vw, 357px\" \/><\/figure><\/div>\n<\/div>\n\n\n\n<div class=\"wp-block-column is-layout-flow wp-block-column-is-layout-flow\" style=\"flex-basis:75%\">\n<p class=\"has-black-color has-text-color\">Arque\u00f3loga. Licenciada em Ci\u00eancias Hist\u00f3ricas na Universidade Lus\u00edada de Lisboa em 1983, com MA (Master of Arts) em Cl\u00e1ssicas e Arqueologia Cl\u00e1ssica na Universidade do Arizona (Tucson) conclu\u00eddo em 1986 e doutoramento em Arqueologia na Universidade Lus\u00edada de Lisboa, conclu\u00eddo em 1999.&nbsp;<\/p>\n\n\n\n<p class=\"has-black-color has-text-color\">Foi professora na Universidade Lus\u00edada de 1987 a 2006 e \u00e9 a arque\u00f3loga respons\u00e1vel das Ru\u00ednas Romanas de Tr\u00f3ia desde 2006.<\/p>\n\n\n\n<p class=\"has-black-color has-text-color\">Dedicou-se ao projecto de investiga\u00e7\u00e3o da Villa Romana da Tourega de 1987 a 2002, e actualmente dedica-se ao projecto de investiga\u00e7\u00e3o e valoriza\u00e7\u00e3o do s\u00edtio arqueol\u00f3gico de Tr\u00f3ia.<\/p>\n\n\n\n<p class=\"has-black-color has-text-color\">Os seus temas de investiga\u00e7\u00e3o t\u00eam sido a economia e a sociedade na \u00e9poca romana atrav\u00e9s da arquitectura e da cer\u00e2mica romana, com particular foco na cer\u00e2mica comum e nas \u00e2nforas. Actualmente, dedica-se principalmente ao estudo e interpreta\u00e7\u00e3o do s\u00edtio arqueol\u00f3gico de Tr\u00f3ia e, em particular, \u00e0 produ\u00e7\u00e3o de salgas de peixe em \u00e9poca romana e ao seu com\u00e9rcio.&nbsp;<\/p>\n\n\n\n<p class=\"has-black-color has-text-color\">Tem cerca de 65 artigos publicados e tr\u00eas monografias (sendo autora de uma e coordenadora das outras).<\/p>\n<\/div>\n<\/div>\n\n\n\n<div class=\"wp-block-columns is-layout-flex wp-container-core-columns-is-layout-9d6595d7 wp-block-columns-is-layout-flex\">\n<div class=\"wp-block-column is-vertically-aligned-bottom has-pale-cyan-blue-color has-text-color is-layout-flow wp-block-column-is-layout-flow\">\n<hr class=\"wp-block-separator alignfull has-text-color has-background has-pale-cyan-blue-background-color has-pale-cyan-blue-color is-style-wide\"\/>\n<\/div>\n\n\n\n<div class=\"wp-block-column is-layout-flow wp-block-column-is-layout-flow\">\n<p class=\"has-text-align-right has-black-color has-text-color has-large-font-size\"><strong>Rui Roberto de Almeida<\/strong><\/p>\n<\/div>\n<\/div>\n\n\n\n<div class=\"wp-block-columns is-layout-flex wp-container-core-columns-is-layout-9d6595d7 wp-block-columns-is-layout-flex\">\n<div class=\"wp-block-column is-layout-flow wp-block-column-is-layout-flow\" style=\"flex-basis:75%\">\n<p class=\"has-black-color has-text-color\">Licenciado e Mestre em Hist\u00f3ria\/Arqueologia e actualmente funcion\u00e1rio da C\u00e2mara Municipal de Loul\u00e9 (Algarve, Portugal) como arque\u00f3logo municipal e colaborado dos projectos do Museu Municipal, destacando-se a musealiza\u00e7\u00e3o dos Banhos Isl\u00e2micos e o novo Museu e Quarteir\u00e3o Cultural de Loul\u00e9.<\/p>\n\n\n\n<p class=\"has-black-color has-text-color\">\u00c9 ainda investigador da UNIARQ (Centro de Arqueologia da Universidade de Lisboa),&nbsp; tendo nos \u00faltimos 20 anos centrado a sua investiga\u00e7\u00e3o em temas de ceramologia romana, principalmente nos objetos do com\u00e9rcio provincial e interprovincial, ocupando as \u00e2nforas um lugar de protagonismo. \u00c9 igualmente neste dom\u00ednio a investiga\u00e7\u00e3o para o seu trabalho de doutoramento.&nbsp;<\/p>\n\n\n\n<p class=\"has-black-color has-text-color\">Tem participado em v\u00e1rios projectos de investiga\u00e7\u00e3o nacionais e internacionais e desde 2018 dirige o projecto LORIVAI &#8211; <em>Loul\u00e9 Velho y el paleoestuario da ribeira Carcavai desde \u00e9poca romana<\/em> (com C.Viegas R. R. de Almeida). \u00c9 autor e editor ou coordenador de variad\u00edssimos trabalhos em revistas nacionais e internacionais, congressos cient\u00edficos nacionais e internacionais, obras individuais e coletivas monogr\u00e1ficas, bem como cat\u00e1logos de exposi\u00e7\u00f5es.&nbsp;<\/p>\n<\/div>\n\n\n\n<div class=\"wp-block-column is-vertically-aligned-top is-layout-flow wp-block-column-is-layout-flow\" style=\"flex-basis:33.33%\">\n<div class=\"wp-block-image is-style-default\"><figure class=\"alignright size-full is-resized\"><img decoding=\"async\" src=\"https:\/\/cdl-aragon.es\/congresosecah\/wp-content\/uploads\/2021\/10\/Foto-Passe-1.jpg\" alt=\"\" class=\"wp-image-576\" width=\"200\"\/><\/figure><\/div>\n<\/div>\n<\/div>\n\n\n\n<hr class=\"wp-block-separator has-text-color has-background has-pale-cyan-blue-background-color has-pale-cyan-blue-color is-style-wide\"\/>\n\n\n\n<p class=\"has-pale-cyan-blue-color has-text-color has-medium-font-size\"><strong>Rios da Lusit\u00e2nia Meridional como meios de difus\u00e3o de importa\u00e7\u00f5es cer\u00e2micas<\/strong><\/p>\n\n\n\n<p class=\"has-normal-font-size\">Apresentam-se alguns exemplos de como os rios da Lusitania Meridional constitu\u00edram meios de difus\u00e3o de cer\u00e2micas importadas.<\/p>\n\n\n\n<p class=\"has-normal-font-size\">Os principais rios da Lusit\u00e2nia Meridional t\u00eam centros urbanos na foz e nos fundos de estu\u00e1rio, que constitu\u00edam lugares de recep\u00e7\u00e3o e redistribui\u00e7\u00e3o de cer\u00e2micas importadas, em estreita rela\u00e7\u00e3o. Apresentam-se alguns exemplos: <em>Ana <\/em>(Guadiana), com a interac\u00e7\u00e3o de <em>Baesuris <\/em>(Castro Marim) e <em>Myrtilis <\/em>(M\u00e9rtola); <em>Callipus <\/em>(Sado), com a interac\u00e7\u00e3o <em>Caetobriga <\/em>\/ Tr\u00f3ia e <em>Salacia <\/em>(Alc\u00e1cer do Sal); <em>Tagus <\/em>(Tejo), com a interac\u00e7\u00e3o <em>Olisipo <\/em>(Lisboa) e <em>Scallabis <\/em>(Santar\u00e9m). Mesmo em outros cursos de \u00e1gua de menor express\u00e3o essa difus\u00e3o para o interior \u00e9 not\u00f3ria, como nos casos dos rios Arade ou Mira.<\/p>\n\n\n\n<p class=\"has-normal-font-size\">Estes grandes rios geraram verdadeiras economias de estu\u00e1rio, com m\u00faltiplos pontos de povoamento interactivos. A recep\u00e7\u00e3o e difus\u00e3o das cer\u00e2micas pode perceber-se pela presen\u00e7a das cer\u00e2micas nos portos e nos aglomerados de interior, alcan\u00e7\u00e1veis por rios naveg\u00e1veis. Estes lugares foram, por seu turno, centros redistribuidores para mais vastos territ\u00f3rios interiores.<\/p>\n","protected":false},"excerpt":{"rendered":"<p>Estu\u00e0rios do Sudoeste: Guadiana, Mira, Sado e Tejo, portas de entrada a espa\u00e7os de redistribui\u00e7\u00e3o de importa\u00e7\u00f5es cer\u00e2micas Por Carlos Fabi\u00e3o, Catarina Vegas, In\u00e9s Vaz Pinto, Rui Almeida Carlos Fabi\u00e3o &#8230;<\/p>\n","protected":false},"author":1,"featured_media":0,"parent":0,"menu_order":0,"comment_status":"closed","ping_status":"closed","template":"","meta":{"footnotes":""},"class_list":["post-60","page","type-page","status-publish","hentry"],"_links":{"self":[{"href":"https:\/\/cdl-aragon.es\/congresosecah\/index.php\/wp-json\/wp\/v2\/pages\/60","targetHints":{"allow":["GET"]}}],"collection":[{"href":"https:\/\/cdl-aragon.es\/congresosecah\/index.php\/wp-json\/wp\/v2\/pages"}],"about":[{"href":"https:\/\/cdl-aragon.es\/congresosecah\/index.php\/wp-json\/wp\/v2\/types\/page"}],"author":[{"embeddable":true,"href":"https:\/\/cdl-aragon.es\/congresosecah\/index.php\/wp-json\/wp\/v2\/users\/1"}],"replies":[{"embeddable":true,"href":"https:\/\/cdl-aragon.es\/congresosecah\/index.php\/wp-json\/wp\/v2\/comments?post=60"}],"version-history":[{"count":15,"href":"https:\/\/cdl-aragon.es\/congresosecah\/index.php\/wp-json\/wp\/v2\/pages\/60\/revisions"}],"predecessor-version":[{"id":585,"href":"https:\/\/cdl-aragon.es\/congresosecah\/index.php\/wp-json\/wp\/v2\/pages\/60\/revisions\/585"}],"wp:attachment":[{"href":"https:\/\/cdl-aragon.es\/congresosecah\/index.php\/wp-json\/wp\/v2\/media?parent=60"}],"curies":[{"name":"wp","href":"https:\/\/api.w.org\/{rel}","templated":true}]}}