{"id":592,"date":"2021-11-05T10:08:47","date_gmt":"2021-11-05T10:08:47","guid":{"rendered":"https:\/\/cdl-aragon.es\/congresosecah\/?page_id=592"},"modified":"2022-02-11T09:38:39","modified_gmt":"2022-02-11T09:38:39","slug":"listado-de-comunicaciones-y-poster","status":"publish","type":"page","link":"https:\/\/cdl-aragon.es\/congresosecah\/index.php\/listado-de-comunicaciones-y-poster\/","title":{"rendered":"Comunicaciones y p\u00f3ster"},"content":{"rendered":"\n<p class=\"has-white-color has-vivid-cyan-blue-background-color has-text-color has-background has-medium-font-size\"><strong>Secci\u00f3n I<\/strong><\/p>\n\n\n\n<ul class=\"wp-block-list\"><li><a href=\"https:\/\/cdl-aragon.es\/congresosecah\/index.php\/2021\/11\/17\/los-morteros-republicanos-del-siglo-ii-en-el-ne-peninsular-los-casos-de-puig-castellar-biosca-y-can-taco-montmelo\/\"><strong>1. Los morteros republicanos del siglo II en el NE peninsular: los casos de Puig Castellar (Biosca) y Can Tac\u00f3 (Montmel\u00f3).<\/strong><\/a><\/li><li><strong><a href=\"https:\/\/cdl-aragon.es\/congresosecah\/index.php\/2021\/11\/17\/el-valle-del-jalon-como-interlocutor-de-los-intercambios-ceramicos-entre-los-valles-del-ebro-y-del-duero\/\">2. El valle del Jal\u00f3n como interlocutor de los intercambios cer\u00e1micos entre los valles del Ebro y del Duero.<\/a><\/strong><\/li><li><strong><a href=\"https:\/\/cdl-aragon.es\/congresosecah\/index.php\/2021\/11\/17\/el-comercio-fluvial-y-la-distribucion-de-ceramicas-romanas-en-el-curso-inferior-del-ebro-a-traves-del-estudio-de-las-anforas-y-la-terra-sigillata\/\">3. El comercio fluvial y la distribuci\u00f3n de cer\u00e1micas romanas en el curso inferior del Ebro a trav\u00e9s del estudio de las \u00e1nforas y la <em>terra sigillata.<\/em><\/a><\/strong><\/li><li><strong><a href=\"https:\/\/cdl-aragon.es\/congresosecah\/index.php\/2021\/11\/17\/surcando-los-rios-el-guadalquivir-el-ebro-y-el-rodano-origenes-de-las-anforas-de-fondo-plano-altoimperiales-occidentales\/\">4.<em> <\/em>Surcando los r\u00edos. El Guadalquivir, el Ebro y el R\u00f3dano: or\u00edgenes de las \u00e1nforas de fondo plano altoimperiales occidentales.<\/a><\/strong><\/li><li><a href=\"https:\/\/cdl-aragon.es\/congresosecah\/index.php\/2021\/11\/17\/caesaraugusta-centro-consumidor-productor-y-distribuidor-de-ceramica-el-caso-de-su-suburbio-occidental\/\"><strong>5. <em>Caesaraugusta<\/em>: centro consumidor, productor y distribuidor de cer\u00e1mica.&nbsp; El caso de su suburbio occidental.<\/strong><\/a><\/li><li><strong><a href=\"https:\/\/cdl-aragon.es\/congresosecah\/index.php\/2021\/11\/17\/un-conjunto-de-anforas-de-la-domus-aterrazada-de-ercavica-y-la-comercializacion-del-vino-por-via-terrestre-y-fluvial\/\">6. Un conjunto de \u00e1nforas de la <em>Domus<\/em> aterrazada de Erc\u00e1vica y la comercializaci\u00f3n del vino por v\u00eda terrestre y fluvial.<\/a><\/strong><\/li><\/ul>\n\n\n\n<p class=\"has-white-color has-vivid-cyan-blue-background-color has-text-color has-background has-medium-font-size\"><strong>Secci\u00f3n II<\/strong><\/p>\n\n\n\n<ul class=\"wp-block-list\"><li><strong><a href=\"https:\/\/cdl-aragon.es\/congresosecah\/index.php\/2021\/11\/17\/el-proyecto-ergasteria-una-aproximacion-experimental-a-los-procesos-de-produccion-de-anforas-en-el-suroeste-peninsular-en-la-edad-del-hierro\/\">1. El Proyecto Ergasteria. Una aproximaci\u00f3n experimental a los procesos de producci\u00f3n de \u00e1nforas en el suroeste peninsular en la Edad del Hierro.<\/a><\/strong><\/li><li><a href=\"https:\/\/cdl-aragon.es\/congresosecah\/index.php\/2022\/02\/02\/dulcis-aqua-phoenissa-et-poena-el-comercio-fluvial-fenicio-punico-en-al-peninsula-iberica\/\" data-type=\"URL\" data-id=\"https:\/\/cdl-aragon.es\/congresosecah\/index.php\/2022\/02\/02\/dulcis-aqua-phoenissa-et-poena-el-comercio-fluvial-fenicio-punico-en-al-peninsula-iberica\/\"><strong>2.<\/strong> <strong>Dulcis aqua phoenissa et poena. El comercio fluvial fenicio-p\u00fanico en la<\/strong> <strong>pen\u00ednsula ib\u00e9rica.<\/strong><\/a><\/li><li><strong><a href=\"https:\/\/cdl-aragon.es\/congresosecah\/index.php\/2021\/11\/18\/las-anforas-ramon-t-9110-o-campamentos-numantinos-revision-y-actualizacion-a-partir-del-estudio-de-materiales-subacuaticos-de-la-bahia-de-cadiz\/\">3. Las \u00e1nforas Ramon T-9110 o \u201cCampamentos Numantinos\u201d. Revisi\u00f3n y actualizaci\u00f3n a partir del estudio de materiales subacu\u00e1ticos de la Bah\u00eda de C\u00e1diz.<\/a><\/strong><\/li><li><strong><a href=\"https:\/\/cdl-aragon.es\/congresosecah\/index.php\/2021\/11\/18\/el-comercio-de-productos-italicos-en-el-bajo-guadalquivir-siglos-iii-i-a-c-actualizacion-y-nuevas-perspectivas\/\">4. El comercio de productos it\u00e1licos en el Bajo Guadalquivir (siglos III-I a.C.): actualizaci\u00f3n y nuevas perspectivas.<\/a><\/strong><\/li><li><strong><a href=\"https:\/\/cdl-aragon.es\/congresosecah\/index.php\/2021\/11\/18\/entre-el-guadiana-y-el-guadalquivir-la-circulacion-de-producciones-ceramicas-en-las-comarcas-de-la-vertiente-norte-de-sierra-morena\/\">5. Entre el Guadiana y el Guadalquivir. La circulaci\u00f3n de producciones cer\u00e1micas en las comarcas de la vertiente norte de Sierra Morena.<\/a><\/strong><\/li><li><strong><a href=\"https:\/\/cdl-aragon.es\/congresosecah\/index.php\/2021\/11\/18\/el-abastecimiento-de-terra-sigillata-hispanica-tardia-en-las-comarcas-de-la-vertiente-norte-de-sierra-morena\/\">6. El abastecimiento de <em>terra sigillata<\/em> hisp\u00e1nica tard\u00eda en las comarcas de la vertiente norte de Sierra Morena.<\/a><\/strong><\/li><\/ul>\n\n\n\n<p class=\"has-white-color has-vivid-cyan-blue-background-color has-text-color has-background has-medium-font-size\"><strong>Secci\u00f3n III<\/strong><\/p>\n\n\n\n<ul class=\"wp-block-list\"><li><strong><a href=\"https:\/\/cdl-aragon.es\/congresosecah\/index.php\/2021\/11\/23\/e-pur-si-muove-ceramicas-romanas-em-transito-ao-longo-do-medio-e-baixo-guadiana\/\">1. E pur si muove: cer\u00e2micas romanas em tr\u00e2nsito ao longo do m\u00e9dio e baixo Guadiana.<\/a><\/strong><\/li><li><strong><a href=\"https:\/\/cdl-aragon.es\/congresosecah\/index.php\/2021\/11\/23\/a-terra-sigillata-como-um-indicador-para-a-cronologia-e-contactos-comerciais-do-sitio-portuario-da-boca-do-rio-vila-do-bispo-portugal\/\">2. A&nbsp;<em>terra sigillata<\/em>&nbsp;como um indicador para a cronologia e contactos comerciais do s\u00edtio portu\u00e1rio da Boca do Rio (Vila do Bispo, Portugal).<\/a><\/strong><\/li><li><strong><a href=\"https:\/\/cdl-aragon.es\/congresosecah\/index.php\/2021\/11\/23\/da-producao-ao-descarte-da-terra-sigillata-o-panorama-das-marcas-de-oleiro-na-lusitania\/\">3. Da produ\u00e7\u00e3o ao descarte da <em>terra sigillata<\/em>. O panorama das marcas de oleiro na <em>Lvsitania<\/em>.<\/a><\/strong><\/li><li><strong><a href=\"https:\/\/cdl-aragon.es\/congresosecah\/index.php\/2021\/11\/24\/importacoes-em-epoca-julio-claudia-em-olisipo-analise-preliminar-de-contextos-do-sec-i-d-c-das-escadinhas-das-portas-do-mar-lisboa-portugal\/\">4. Importa\u00e7\u00f5es em \u00e9poca J\u00falio-Cl\u00e1udia em Olisipo \u2013 an\u00e1lise preliminar de contextos do s\u00e9c. I d.C. das Escadinhas das Portas do Mar (Lisboa, Portugal).<\/a><\/strong><\/li><\/ul>\n\n\n\n<p class=\"has-white-color has-vivid-cyan-blue-background-color has-text-color has-background has-medium-font-size\"><strong>Secci\u00f3n IV<\/strong><\/p>\n\n\n\n<ul class=\"wp-block-list\"><li><strong><a href=\"https:\/\/cdl-aragon.es\/congresosecah\/index.php\/2021\/11\/23\/nuevos-avances-en-el-estudio-de-las-jarras-hervidores-de-procedencia-aquitana-su-distribucion-y-consumo-en-la-peninsula-iberica\/\">1. Nuevos avances en el estudio de las jarras hervidores de procedencia Aquitana. Su distribuci\u00f3n y consumo en la Pen\u00ednsula Ib\u00e9rica.<\/a><\/strong><\/li><li><strong><a href=\"https:\/\/cdl-aragon.es\/congresosecah\/index.php\/2021\/11\/23\/las-cuencas-fluviales-del-eo-y-navia-y-el-comercio-de-manufacturas-ceramicas-durante-la-antiguedad\/\">2. Las cuencas fluviales del Eo y Navia y el comercio de manufacturas cer\u00e1micas durante la Antig\u00fcedad.<\/a><\/strong><\/li><li><strong><a href=\"https:\/\/cdl-aragon.es\/congresosecah\/index.php\/2021\/11\/23\/un-conjunto-ceramico-tardorromano-excepcional-en-el-yacimiento-de-las-ermitas-espejo-valdegovia-alava\/\">3. Un conjunto cer\u00e1mico tardorromano excepcional en el yacimiento de Las Ermitas (Espejo, Valdegov\u00eda, \u00c1lava).<\/a><\/strong><\/li><\/ul>\n\n\n\n<p class=\"has-white-color has-vivid-cyan-blue-background-color has-text-color has-background has-medium-font-size\"><strong>Secci\u00f3n V<\/strong><\/p>\n\n\n\n<ul class=\"wp-block-list\"><li><a href=\"https:\/\/cdl-aragon.es\/congresosecah\/index.php\/2021\/11\/23\/influencias-foraneas-en-la-iconografia-estampillada-de-la-ceramica-vascular-del-cerro-de-las-cabezas-valdepenas\/\"><strong>1. Influencias for\u00e1neas en la iconograf\u00eda estampillada de la cer\u00e1mica vascular del Cerro de las Cabezas (Valdepe\u00f1as)<\/strong>.<\/a><\/li><li><strong><a href=\"https:\/\/cdl-aragon.es\/congresosecah\/index.php\/2021\/11\/23\/centros-productores-de-anforas-romanas-en-el-litoral-del-conventus-gaditanus-aportaciones-recientes-desde-la-arqueometria\/\">2. Centros productores de \u00e1nforas romanas en el litoral del <em>Conventus Gaditanus<\/em>: aportaciones recientes desde la arqueometr\u00eda.<\/a><\/strong><\/li><li><strong><a href=\"https:\/\/cdl-aragon.es\/congresosecah\/index.php\/2021\/11\/23\/aqua-et-figlina-analisis-de-las-estructuras-hidricas-en-el-ciclo-productivo-de-la-ceramica-en-los-alfares-litorales-de-la-baetica\/\">3. <em>AQUA ET FIGLINA<\/em>. An\u00e1lisis de las estructuras h\u00eddricas en el ciclo productivo de la cer\u00e1mica en los alfares litorales de la <em>Baetica<\/em>.<\/a><\/strong><\/li><li><strong>4.<a href=\"https:\/\/cdl-aragon.es\/congresosecah\/index.php\/2021\/11\/23\/la-terra-sigillata-sudgalica-procedente-de-la-excavacion-del-solar-de-can-damia-en-mataro\/\"> La <em>terra sigillata sudg\u00e1lica<\/em> procedente de la excavaci\u00f3n del solar de can Dami\u00e1 en Matar\u00f3.<\/a><\/strong><\/li><li><strong><a href=\"https:\/\/cdl-aragon.es\/congresosecah\/index.php\/2021\/11\/23\/las-vajillas-de-mesa-procedentes-de-la-vispesa-tamarite-de-litera-huesca-producciones-de-sigillata-y-paredes-finas\/\">5. Las vajillas de mesa procedentes de La Vispesa (Tamarite de Litera, Huesca): producciones de <em>sigillata<\/em> y paredes finas.<\/a><\/strong><\/li><li><a href=\"https:\/\/cdl-aragon.es\/congresosecah\/index.php\/2021\/11\/23\/sigilla-hispaniae-la-realidad-de-un-corpus-interactivo\/\"><strong>6. <em>Sigilla Hispaniae<\/em>: la realidad de un <em>corpus<\/em> interactivo<\/strong>.<\/a><\/li><li><a href=\"https:\/\/cdl-aragon.es\/congresosecah\/index.php\/2021\/11\/23\/ceramicas-de-importacion-en-lucus-augusti-contextos-del-s-i-d-c-en-los-solares-no-21-22-de-la-plaza-santo-domingo-lugo\/\"><strong>7. Cer\u00e1micas de importaci\u00f3n en<em> Lucus Augusti<\/em>:<\/strong> <strong>Contextos del s. I d.C. en los solares n\u00ba 21-22 de la plaza Santo Domingo, Lugo.<\/strong><\/a><\/li><li><a href=\"https:\/\/cdl-aragon.es\/congresosecah\/index.php\/2021\/11\/23\/comercio-ceramico-en-el-norte-del-distrito-de-caesar-augusta-contextos-recuperados-en-el-cardo-oriental-del-barrio-septentrional-de-los-banales-de-uncastillo-zaragoza\/\"><strong>8. Comercio cer\u00e1mico en el norte del distrito de <em>Caesar Augusta<\/em>: contextos recuperados en el cardo oriental del barrio septentrional de Los Ba\u00f1ales de Uncastillo (Zaragoza)<\/strong>.<\/a><\/li><li><strong><a href=\"https:\/\/cdl-aragon.es\/congresosecah\/index.php\/2021\/11\/23\/las-ollas-perforadas-de-la-estacion-meco-evidencias-de-jardines-o-finalidad-constructiva\/\">9. Las ollas perforadas de \u00abLa Estaci\u00f3n\u00bb (Meco): evidencias de jardines o finalidad constructiva.<\/a><\/strong><\/li><li><strong><a href=\"https:\/\/cdl-aragon.es\/congresosecah\/index.php\/2021\/11\/23\/la-ceramica-pintada-tardorromana-en-el-centro-de-hispania-un-estado-de-la-cuestion\/\">10. La cer\u00e1mica pintada tardorromana en el centro de <em>Hispania<\/em>. Un estado de la cuesti\u00f3n.<\/a><\/strong><\/li><li><strong><a href=\"https:\/\/cdl-aragon.es\/congresosecah\/index.php\/2021\/11\/23\/produccion-comercio-y-consumo-en-el-interior-peninsular-a-partir-del-estudio-del-material-ceramico-procedente-del-yacimiento-de-carranque-1986-2003\/\">11. Producci\u00f3n, comercio y consumo en el interior peninsular a partir del estudio del material cer\u00e1mico procedente del yacimiento de Carranque (1986-2003).<\/a><\/strong><\/li><li><strong><a href=\"https:\/\/cdl-aragon.es\/congresosecah\/index.php\/2021\/11\/23\/llegada-de-un-tipo-singular-de-lucernas-norteafricanas-al-sinus-ilicitanus-y-su-distribucion-en-el-corredor-fluvial-del-vinalopo-alicante\/\">12. Llegada de un tipo singular de lucernas norteafricanas al <em>sinus ilicitanus<\/em> y su distribuci\u00f3n en el corredor fluvial del Vinalop\u00f3 (Alicante).<\/a><\/strong><\/li><li><strong><a href=\"https:\/\/cdl-aragon.es\/congresosecah\/index.php\/2021\/11\/23\/primera-aproximacion-a-la-tipologia-y-la-proveniencia-las-anforas-del-pecio-de-ses-fontanelles-mallorca-islas-baleares\/\">13. Primera aproximaci\u00f3n a la tipolog\u00eda y la proveniencia las \u00e1nforas del pecio de Ses Fontanelles (Mallorca, islas Baleares).<\/a><\/strong><\/li><li><strong><a href=\"https:\/\/cdl-aragon.es\/congresosecah\/index.php\/2021\/11\/23\/contextos-ceramicos-del-s-v-d-c-en-la-isla-del-fraile-aguilas\/\">14. Contextos cer\u00e1micos del s. V d.C. en la isla del Fraile (\u00c1guilas).<\/a><\/strong><\/li><li><strong><a href=\"https:\/\/cdl-aragon.es\/congresosecah\/index.php\/2021\/11\/23\/un-contexto-ceramico-del-siglo-vii-de-la-septem-bizantina-parcela-7-c-gran-via-ceuta\/\">15. Un contexto cer\u00e1mico del siglo VII de la <em>Septem<\/em> bizantina (Parcela 7, c\/ Gran V\u00eda, Ceuta).<\/a><\/strong><\/li><\/ul>\n\n\n\n<p class=\"has-white-color has-vivid-cyan-blue-background-color has-text-color has-background has-medium-font-size\"><strong>P\u00f3ster<\/strong><\/p>\n\n\n\n<ul class=\"wp-block-list\"><li><strong><a href=\"https:\/\/cdl-aragon.es\/congresosecah\/index.php\/2021\/11\/24\/los-cursos-de-los-rios-xuquer-y-magre-comercio-y-comunicaciones-entre-el-litoral-y-el-interior-de-la-actual-zona-valenciana-durante-los-siglos-vii-i-a-c\/\">1. Los cursos de los r\u00edos X\u00faquer y Magre: comercio y comunicaciones entre el litoral y el interior de la actual zona valenciana durante los siglos VII-I a.C<em>.<\/em><\/a><\/strong><\/li><li><strong><a href=\"https:\/\/cdl-aragon.es\/congresosecah\/index.php\/2021\/11\/24\/caracterizacion-tipologica-de-la-ceramica-del-pueyo-de-marcuello-indicador-de-intercambio-entre-los-horizontes-mediterraneos-y-la-cuenca-del-ebro-a-mediados-del-i-milenio-a-e\/\">2. Caracterizaci\u00f3n tipol\u00f3gica de la cer\u00e1mica del Pueyo de Marcuello. Indicador de intercambio entre los horizontes mediterr\u00e1neos y la cuenca del Ebro a mediados del I milenio a.E.<\/a><\/strong><\/li><li><strong><a href=\"https:\/\/cdl-aragon.es\/congresosecah\/index.php\/2021\/11\/24\/los-contextos-ceramicos-del-sector-occidental-de-cotinusa-gades-la-calle-pericon-de-cadiz-como-caso-de-estudio\/\">3. Los contextos cer\u00e1micos del sector occidental de Cotinusa (<em>Gades<\/em>): la calle Peric\u00f3n de C\u00e1diz como caso de estudio.<\/a><\/strong><\/li><li><strong><a href=\"https:\/\/cdl-aragon.es\/congresosecah\/index.php\/2021\/11\/24\/ceramicas-ibericas-con-decoracion-impresa-halladas-en-qart-hadasth-contextualizacion-arqueologica-y-aproximacion-arqueometrica\/\">4. Cer\u00e1micas ib\u00e9ricas con decoraci\u00f3n impresa halladas en <em>Qart-Hadasth<\/em>: contextualizaci\u00f3n arqueol\u00f3gica y aproximaci\u00f3n arqueom\u00e9trica.<\/a><\/strong><\/li><li><strong><a href=\"https:\/\/cdl-aragon.es\/congresosecah\/index.php\/2021\/11\/24\/el-yacimiento-iberico-del-turo-de-peralada-peralada-girona-un-contexto-ceramico-procedente-de-un-habitat-iberico-pleno-tardio-del-territorio-indiketa\/\">5. El yacimiento ib\u00e9rico del Tur\u00f3 de Peralada (Peralada, Girona): un contexto cer\u00e1mico procedente de un h\u00e1bitat ib\u00e9rico pleno-tard\u00edo del territorio indiketa.<\/a><\/strong><\/li><li><strong><a href=\"https:\/\/cdl-aragon.es\/congresosecah\/index.php\/2021\/11\/24\/a-ceramica-comum-alto-imperial-de-pasta-redutora-de-monte-moliao-lagos-portugal\/\">6. A cer\u00e2mica comum alto-imperial de pasta redutora de Monte Moli\u00e3o (Lagos, Portugal).<\/a><\/strong><\/li><li><strong><a href=\"https:\/\/cdl-aragon.es\/congresosecah\/index.php\/2021\/11\/24\/una-comparativa-de-redes-fluviales-aquitania-y-el-ebro-dos-mercados-de-consumo-de-vino-anforico-tarraconense\/\">7. Una comparativa de redes fluviales. Aquitania y el Ebro, dos mercados de consumo de vino anf\u00f3rico tarraconense.<\/a><\/strong><\/li><li><strong><a href=\"https:\/\/cdl-aragon.es\/congresosecah\/index.php\/2021\/11\/24\/a-ocupacao-de-epoca-romana-no-vale-da-ribeira-de-colares-sintra-portugal\/\">8. A ocupa\u00e7\u00e3o de \u00e9poca romana no vale da ribeira de Colares (Sintra, Portugal).<\/a><\/strong><\/li><li><strong><a href=\"https:\/\/cdl-aragon.es\/congresosecah\/index.php\/2021\/11\/24\/analisis-preliminar-de-los-materiales-ceramicos-de-un-pozo-nogre-del-siglo-i-d-c-de-la-ciudad-de-pollentia-alcudia-mallorca\/\" data-type=\"URL\" data-id=\"https:\/\/cdl-aragon.es\/congresosecah\/index.php\/2021\/11\/24\/analisis-preliminar-de-los-materiales-ceramicos-de-un-pozo-nogre-del-siglo-i-d-c-de-la-ciudad-de-pollentia-alcudia-mallorca\/\">9. An\u00e1lisis preliminar del material cer\u00e1mico del pozo altoimperial (UE 9783) de la ciudad romana de Pollentia (Alc\u00fadia, Mallorca).<\/a><\/strong><\/li><li><strong><a href=\"https:\/\/cdl-aragon.es\/congresosecah\/index.php\/2021\/11\/24\/a-terra-sigillatado-sector-c-de-monte-moliao-lagos-portugal\/\">10. A <em>Terra Sigillata<\/em> do Sector C de Monte Moli\u00e3o (Lagos, Portugal)<\/a><\/strong><\/li><li><strong><a href=\"https:\/\/cdl-aragon.es\/congresosecah\/index.php\/2021\/11\/24\/lusitana-11-beltran-72-similis-novas-abordagens-a-uma-familia-tipologica-de-anforas-de-producao-lusitana\/\">11. Lusitana 11\/Beltr\u00e1n 72 similis: novas abordagens a uma \u201cfam\u00edlia\u201d tipol\u00f3gica de \u00e2nforas de produ\u00e7\u00e3o lusitana.<\/a><\/strong><\/li><li><strong><a href=\"https:\/\/cdl-aragon.es\/congresosecah\/index.php\/2021\/11\/24\/los-intercambios-a-traves-del-rio-mino-entre-el-cambio-de-era-y-la-antiguedad-tardia\/\">12. Los intercambios a trav\u00e9s del r\u00edo Mi\u00f1o entre el cambio de Era y la Antig\u00fcedad Tard\u00eda.<\/a><\/strong><\/li><li><strong><a href=\"https:\/\/cdl-aragon.es\/congresosecah\/index.php\/2021\/11\/24\/baelo-claudia-y-la-ceramica-de-paredes-finas-una-aproximacion-desde-el-analisis-del-vertedero-de-la-muralla-oriental\/\">13. <em>Baelo Claudia<\/em> y la cer\u00e1mica de paredes finas. Una aproximaci\u00f3n desde el an\u00e1lisis del vertedero de la muralla oriental.<\/a><\/strong><\/li><li><strong><a href=\"https:\/\/cdl-aragon.es\/congresosecah\/index.php\/2021\/11\/24\/el-alfar-romano-de-cartuja-granada-nuevos-datos-sobre-el-horno-7\/\">14. El alfar romano de Cartuja (Granada). Nuevos datos sobre el Horno 7 .<\/a><\/strong><\/li><li><strong><a href=\"https:\/\/cdl-aragon.es\/congresosecah\/index.php\/2021\/11\/24\/las-marcas-isturgitanas-notas-acerca-de-la-situacion-politico-juridica\/\">15. Las marcas isturgitanas: notas acerca de la situaci\u00f3n pol\u00edtico-jur\u00eddica.<\/a><\/strong><\/li><li><strong><a href=\"https:\/\/cdl-aragon.es\/congresosecah\/index.php\/2021\/11\/24\/funcionalidad-y-usos-de-la-ceramica-comun-romana-en-el-ciclo-halieutico-hispanorromano-estado-de-la-cuestion\/\">16. Funcionalidad y usos de la cer\u00e1mica com\u00fan romana en el ciclo hali\u00e9utico hispanorromano: estado de la cuesti\u00f3n.<\/a><\/strong><\/li><li><strong><a href=\"https:\/\/cdl-aragon.es\/congresosecah\/index.php\/2021\/11\/24\/vinos-foraneos-y-sus-vias-de-introduccion-comercial-en-la-tarraconense-interior-en-epoca-medio-imperial-un-conjunto-de-anforas-dressel-2-expuestas-en-el-museo-provincial-de-cuenca\/\">17. Vinos for\u00e1neos y sus v\u00edas de introducci\u00f3n comercial en la tarraconense interior en \u00e9poca medio-imperial. Un conjunto de \u00e1nforas Dressel 2 expuestas en el museo provincial de Cuenca.<\/a><\/strong><\/li><li><strong><a href=\"https:\/\/cdl-aragon.es\/congresosecah\/index.php\/2022\/01\/05\/sant-hilari-dabrera-abrera-baix-llobregat-barcelona-contextos-ceramicos-de-los-siglos-ii-y-iii-d-c\/\" data-type=\"URL\" data-id=\"https:\/\/cdl-aragon.es\/congresosecah\/index.php\/2022\/01\/05\/sant-hilari-dabrera-abrera-baix-llobregat-barcelona-contextos-ceramicos-de-los-siglos-ii-y-iii-d-c\/\">18. Sant Hilari d\u2019Abrera (Abrera, Baix Llobregat, Barcelona). Contextos cer\u00e1micos de los siglos II y III d.C.<\/a><\/strong><\/li><li><strong><a href=\"https:\/\/cdl-aragon.es\/congresosecah\/index.php\/2021\/11\/24\/lucernas-romanas-producidas-en-el-torno-de-alfarero-en-el-occidente-peninsular-apuntes-sobre-su-origen-consumo-y-dispersion\/\">19. Lucernas romanas producidas en el torno de alfarero en el occidente peninsular: apuntes\u00a0 sobre su origen, consumo y dispersi\u00f3n.<\/a><\/strong><\/li><li><strong><a href=\"https:\/\/cdl-aragon.es\/congresosecah\/index.php\/2021\/11\/24\/ceramica-de-cocina-local-en-el-litoral-de-la-carthaginense-s-iv-vi-d-c-el-caso-de-la-isla-del-fraile\/\">20. Cer\u00e1mica de cocina local en el litoral de la Carthaginense (s. IV-VI d.C.): el caso de la isla del Fraile.<\/a><\/strong><\/li><li><strong><a href=\"https:\/\/cdl-aragon.es\/congresosecah\/index.php\/2021\/11\/24\/protocolo-de-conservacion-restauracion-en-anfora-con-tituli-picti\/\">21. Protocolo de conservaci\u00f3n-restauraci\u00f3n en \u00e1nfora con <em>tituli picti<\/em>.<\/a><\/strong><\/li><li><strong><a href=\"https:\/\/cdl-aragon.es\/congresosecah\/index.php\/2021\/11\/24\/un-deposito-ceramico-de-siglo-vii-d-c-procedente-de-la-necropolis-de-can-fanals-alcudia-mallorca\/\" data-type=\"URL\" data-id=\"https:\/\/cdl-aragon.es\/congresosecah\/index.php\/2021\/11\/24\/un-deposito-ceramico-de-siglo-vii-d-c-procedente-de-la-necropolis-de-can-fanals-alcudia-mallorca\/\">22. Un dep\u00f3sito cer\u00e1mico de siglo VII d. C. procedente de la necr\u00f3polis de Can Fanals (Alc\u00fadia, Mallorca).<\/a><\/strong><\/li><\/ul>\n\n\n\n<p class=\"has-white-color has-vivid-cyan-blue-background-color has-text-color has-background has-medium-font-size\"><strong>Comunicaciones para publicaci\u00f3n, sin presentaci\u00f3n oral<\/strong><\/p>\n\n\n\n<ul class=\"wp-block-list\"><li><strong><a href=\"https:\/\/cdl-aragon.es\/congresosecah\/index.php\/2021\/11\/24\/el-puerto-fluvial-de-corduba-infraestructura-desarrollo-y-comercio-a-traves-de-los-conjuntos-anforicos-y-ceramicos\/\">1. El puerto fluvial de <em>Corduba<\/em>, infraestructura, desarrollo y comercio a trav\u00e9s de los conjuntos anaf\u00f3ricos y cer\u00e1micos.<\/a><\/strong><\/li><li><strong><a href=\"https:\/\/cdl-aragon.es\/congresosecah\/index.php\/2021\/11\/24\/por-tierra-por-mar-por-rios-estado-del-comercio-de-terra-sigillata-hispanica-en-el-territorio-valenciano\/\">2. Por tierra, por mar, por r\u00edos, Estado del comercio de<em> Terra Sigillata Hisp\u00e1nica<\/em> en el territorio valenciano.<\/a><\/strong><\/li><\/ul>\n\n\n\n<p><\/p>\n","protected":false},"excerpt":{"rendered":"<p>Secci\u00f3n I 1. Los morteros republicanos del siglo II en el NE peninsular: los casos de Puig Castellar (Biosca) y Can Tac\u00f3 (Montmel\u00f3). 2. El valle del Jal\u00f3n como interlocutor &#8230;<\/p>\n","protected":false},"author":1,"featured_media":0,"parent":0,"menu_order":0,"comment_status":"closed","ping_status":"closed","template":"","meta":{"footnotes":""},"class_list":["post-592","page","type-page","status-publish","hentry"],"_links":{"self":[{"href":"https:\/\/cdl-aragon.es\/congresosecah\/index.php\/wp-json\/wp\/v2\/pages\/592","targetHints":{"allow":["GET"]}}],"collection":[{"href":"https:\/\/cdl-aragon.es\/congresosecah\/index.php\/wp-json\/wp\/v2\/pages"}],"about":[{"href":"https:\/\/cdl-aragon.es\/congresosecah\/index.php\/wp-json\/wp\/v2\/types\/page"}],"author":[{"embeddable":true,"href":"https:\/\/cdl-aragon.es\/congresosecah\/index.php\/wp-json\/wp\/v2\/users\/1"}],"replies":[{"embeddable":true,"href":"https:\/\/cdl-aragon.es\/congresosecah\/index.php\/wp-json\/wp\/v2\/comments?post=592"}],"version-history":[{"count":74,"href":"https:\/\/cdl-aragon.es\/congresosecah\/index.php\/wp-json\/wp\/v2\/pages\/592\/revisions"}],"predecessor-version":[{"id":852,"href":"https:\/\/cdl-aragon.es\/congresosecah\/index.php\/wp-json\/wp\/v2\/pages\/592\/revisions\/852"}],"wp:attachment":[{"href":"https:\/\/cdl-aragon.es\/congresosecah\/index.php\/wp-json\/wp\/v2\/media?parent=592"}],"curies":[{"name":"wp","href":"https:\/\/api.w.org\/{rel}","templated":true}]}}