{"id":50,"date":"2021-06-03T09:04:02","date_gmt":"2021-06-03T09:04:02","guid":{"rendered":"https:\/\/cdl-aragon.es\/congresosecah\/?page_id=50"},"modified":"2021-09-16T08:25:44","modified_gmt":"2021-09-16T08:25:44","slug":"presentacion","status":"publish","type":"page","link":"https:\/\/cdl-aragon.es\/congresosecah\/index.php\/presentacion\/","title":{"rendered":"Presentaci\u00f3n"},"content":{"rendered":"\n<h2 class=\"has-vivid-cyan-blue-color has-text-color wp-block-heading\">Presentaci\u00f3n<\/h2>\n\n\n\n<p>La&nbsp;<em>Sociedad de Estudios de la Cer\u00e1mica Antigua en Hispania&nbsp;<\/em>(SECAH) se constituy\u00f3 con fecha 22 de abril de 2009. Entre las actividades que desarrolla una de las m\u00e1s importantes es la realizaci\u00f3n, hasta ahora con periodicidad bienal, de un Congreso Internacional que, en sus doce a\u00f1os de vida ha tenido por sede las ciudades de: C\u00e1diz (I Congreso, 2011), Braga (II Congreso, 2013), Tarragona (III Congreso, 2014), Valencia (IV Congreso, 2017) y Alcal\u00e1 de Henares (V Congreso, 2019), de los cuales se derivan las correspondientes publicaciones de sus actas que son referentes actuales de los estudios ceramol\u00f3gicos.<\/p>\n\n\n\n<p>En la \u00faltima Junta General Ordinaria de la Asociaci\u00f3n, celebrada en Madrid el 22 de mayo de 2019, se contempl\u00f3 la candidatura del&nbsp;<em>VI Congreso<\/em>, para cuya organizaci\u00f3n se present\u00f3 de manera conjunta la Universidad de Zaragoza, a trav\u00e9s de su \u00c1rea de Arqueolog\u00eda (Dpto. de Ciencias de la Antig\u00fcedad) y el Colegio de Doctores y Licenciados de Arag\u00f3n. La candidatura fue aprobada y refrendada por unanimidad el 7 de noviembre de 2019 en el transcurso de la X Asamblea General Ordinaria que se celebr\u00f3 en el marco del V Congreso.<\/p>\n\n\n\n<p>A esta iniciativa se han unido como colaboradores la Instituci\u00f3n Fernando el Cat\u00f3lico y el Ayuntamiento de Zaragoza, que ha demostrado una decidida salvaguarda de su Patrimonio Hist\u00f3rico con la creaci\u00f3n en 1981 de la primera Secci\u00f3n de Arqueolog\u00eda Municipal en nuestro pa\u00eds y de cinco museos con los que se ha conformado la Ruta de <em>Caesaraugusta<\/em>.<\/p>\n\n\n\n<p>Debido a la actual situaci\u00f3n de emergencia sanitaria causada por la Covid-19, la celebraci\u00f3n del&nbsp;<em>VI Congreso<\/em>, que debiera haberse celebrado en el presente a\u00f1o, fue aplazado hasta 2022. Este tiempo de espera ha supuesto una etapa de incertidumbre y prudente reflexi\u00f3n por parte de la organizaci\u00f3n respecto a la modalidad escogida para la nueva edici\u00f3n. Finalmente se ha decidido realizar el esfuerzo de abrir al m\u00e1ximo todas las posibilidades de accesibilidad y participaci\u00f3n, empleando un formato h\u00edbrido (presencial y telem\u00e1tico).<\/p>\n\n\n\n<p>La tem\u00e1tica propuesta para el&nbsp;<em>VI Congreso&nbsp;<\/em>se centra en los cursos fluviales en&nbsp;<em>Hispania&nbsp;<\/em>como v\u00edas de comercio cer\u00e1mico, estando inspirada en el car\u00e1cter fluvial de la ciudad que acoger\u00e1 su celebraci\u00f3n, Zaragoza, situada a orillas del Ebro; un r\u00edo de cuya navegabilidad contamos con referencias escritas desde la Antig\u00fcedad, tal es el caso, por ejemplo, de Plinio el Viejo en su&nbsp;<em>Naturalis Historia.<\/em><\/p>\n\n\n\n<p>El curso del&nbsp;<em>Hiberus&nbsp;<\/em>ha supuesto una v\u00eda natural de conexi\u00f3n entre el coraz\u00f3n de&nbsp;<em>Hispania&nbsp;<\/em>y el&nbsp;<em>Mare Nostrum<\/em>, un camino de agua por el que hist\u00f3ricamente ha transcurrido un activo comercio en el que&nbsp;<em>Caesaraugusta&nbsp;<\/em>constitu\u00eda su puerto central, el enclave desde donde se redistribu\u00edan las mercanc\u00edas. Su prolongaci\u00f3n al inicio de su curso fluvial mediante calzadas, le posibilitaba interconectar con la costa del&nbsp;<em>Mare Cantabricum&nbsp;<\/em>complet\u00e1ndose un corredor hac\u00eda el Mediterr\u00e1neo que convirti\u00f3 al Ebro en uno de los grandes ejes econ\u00f3micos peninsulares.<\/p>\n\n\n\n<p>En la pen\u00ednsula ib\u00e9rica, la conexi\u00f3n del comercio mar\u00edtimo con el fluvial gracias a sus r\u00edos, r\u00edas y estuarios supuso una importante baza estrat\u00e9gica y econ\u00f3mica. Resulta indudable que el transporte fluvial era un medio privilegiado frente al terrestre, ya que su menor coste y mayor rapidez lo hac\u00eda m\u00e1s ventajoso, como numerosos estudios derivados del Edicto de Precios de Diocleciano han puesto en relevancia. Las barcazas de fondo plano surcaron el tramo navegable del&nbsp;<em>Hiberus<\/em>, entre&nbsp;<em>Dertosa&nbsp;<\/em>y&nbsp;<em>Vareia<\/em>; r\u00edo abajo, a favor de la corriente, o r\u00edo arriba, ayudadas por el camino de sirga y la vela, tal y como ha sucedido hasta el siglo pasado. Por el Ebro descendieron para su comercializaci\u00f3n ingentes cantidades de&nbsp;<em>terra sigillata&nbsp;<\/em>hisp\u00e1nica elaborada en los talleres tritieneses, mientras remontaban su curso cargamentos de cer\u00e1micas de mesa y cocina procedentes de la cuenca mediterr\u00e1nea, junto a sustancias y alimentos envasados en \u00e1nforas.<\/p>\n\n\n\n<p>La navegaci\u00f3n interior constituye una interesante parte de nuestra historia, no siempre f\u00e1cil de constatar ante la frecuente carencia de infraestructuras portuarias conservadas, ep\u00edgrafes o representaciones iconogr\u00e1ficas, fuentes escritas, etc. La investigaci\u00f3n de las diversas familias cer\u00e1micas y su comercializaci\u00f3n en relaci\u00f3n a los cursos fluviales de la Pen\u00ednsula contribuye al conocimiento de los circuitos comerciales y aporta una notable fuente de informaci\u00f3n respecto a la comprensi\u00f3n de la articulaci\u00f3n del territorio y sus flujos econ\u00f3micos.<\/p>\n\n\n\n<p>La propuesta de las cuatro ponencias que realizamos para este&nbsp;<em>VI Congreso&nbsp;<\/em>permite recorrer todo el litoral peninsular atendiendo no solo a los principales r\u00edos hist\u00f3ricos como el&nbsp;<em><strong>Hiberus<\/strong><\/em>, el&nbsp;<em><strong>Baetis<\/strong><\/em>, el&nbsp;<em><strong>Tagus<\/strong>,&nbsp;<\/em>el&nbsp;<em><strong>Durius<\/strong>&nbsp;<\/em>o el&nbsp;<em><strong>Minius<\/strong><\/em>, sino tambi\u00e9n a sus interfluvios y a los r\u00edos secundarios, incluy\u00e9ndose tambi\u00e9n las r\u00edas y estuarios de la fachada cant\u00e1brica que proporcionan interesantes cauces de informaci\u00f3n.<\/p>\n\n\n\n<p>Al igual que en las anteriores convocatorias, independientemente del tema monogr\u00e1fico propuesto para la celebraci\u00f3n del congreso, contar\u00e1 una secci\u00f3n abierta,&nbsp;<em><strong>Varia<\/strong><\/em>, en la que se podr\u00e1n presentar las \u00faltimas novedades de la investigaci\u00f3n de los estudios cer\u00e1micos en la pen\u00ednsula ib\u00e9rica. Esta secci\u00f3n ser\u00e1 abierta con una ponencia centrada en el eje interfluvial del r\u00edo Garona.<\/p>\n\n\n\n<p>La organizaci\u00f3n del congreso y la SECAH ha querido aprovechar este evento para inaugurarlo con un homenaje a la doctora <strong>Mar\u00eda \u00c1ngeles Mezqu\u00edriz Irujo<\/strong>, pionera en los estudios ceramol\u00f3gicos, en especial los referidos a la&nbsp;<em>Terra Sigillata&nbsp;<\/em>Hisp\u00e1nica, como reconocimiento a su labor y trayectoria investigadora que se inici\u00f3 precisamente en la Universidad de Zaragoza en donde se licenci\u00f3 y doctor\u00f3.<\/p>\n\n\n\n<hr class=\"wp-block-separator has-text-color has-background has-vivid-cyan-blue-background-color has-vivid-cyan-blue-color\"\/>\n\n\n\n<h2 class=\"has-vivid-cyan-blue-color has-text-color wp-block-heading\">Organizadores<\/h2>\n\n\n\n<p>La candidatura de Zaragoza fue aprobada en la Junta General Ordinaria y refrendada por unanimidad en la X Asamblea General Ordinaria que se celebr\u00f3 en el marco del V Congreso que tuvo como sede las salas del Museo Arqueol\u00f3gico Regional de la Comunidad de Madrid, en Alcal\u00e1 de Henares, el pasado 7 de noviembre, para cuya organizaci\u00f3n se present\u00f3 de manera conjunta la Universidad de Zaragoza, a trav\u00e9s de su \u00c1rea de Arqueolog\u00eda del Departamento de Ciencias de la Antig\u00fcedad, Grupo de investigaci\u00f3n PPA -Prehistoria y Patrimonio Arqueol\u00f3gico -, y el Colegio Oficial de Doctores y Licenciados de Arag\u00f3n. Tambi\u00e9n se tiene prevista la colaboraci\u00f3n de la Instituci\u00f3n Fernando el Cat\u00f3lico y del Ayuntamiento de Zaragoza.<\/p>\n\n\n\n<hr class=\"wp-block-separator has-text-color has-background has-vivid-cyan-blue-background-color has-vivid-cyan-blue-color\"\/>\n\n\n\n<h2 class=\"has-vivid-cyan-blue-color has-text-color wp-block-heading\">Ficha<\/h2>\n\n\n\n<p>Denominaci\u00f3n: Los cursos fluviales en Hispania, v\u00edas de comunicaci\u00f3n<\/p>\n\n\n\n<p>Lugar: Zaragoza<\/p>\n\n\n\n<p>Fecha: Del 30 de marzo al 2 de abril de 2022<\/p>\n\n\n\n<hr class=\"wp-block-separator has-text-color has-background has-vivid-cyan-blue-background-color has-vivid-cyan-blue-color\"\/>\n\n\n\n<h2 class=\"has-vivid-cyan-blue-color has-text-color wp-block-heading\">Estructura<\/h2>\n\n\n\n<p>El Congreso, ante la situaci\u00f3n de continua incertidumbre debido a la actual situaci\u00f3n sanitaria, se celebrar\u00e1 con un sistema h\u00edbrido: presencial y telem\u00e1tico, facilit\u00e1ndose a todos los inscritos los enlaces correspondientes para su seguimiento.<\/p>\n\n\n\n<p>El Congreso se inaugurar\u00e1 con un homenaje a D\u00f1a. M.a \u00c1ngeles Mezqu\u00edriz, siendo realizado su paneg\u00edrico por D\u00f1a. Mercedes Unzu Urmeneta. Su contenido se articular\u00e1 en cuatro secciones tem\u00e1ticas vinculadas a diferentes ejes fluviales de la Pen\u00ednsula y una quinta de&nbsp;<em>Varia&nbsp;<\/em>con aportaciones de tema libre.<\/p>\n\n\n\n<p>Cada secci\u00f3n ser\u00e1 iniciar\u00e1 con una ponencia invitada impartida por investigadores expertos en cada tema, present\u00e1ndose a continuaci\u00f3n las comunicaciones que ser\u00e1n defendidas por el autor o autores durante 15 minutos. Al final de cada sesi\u00f3n se abrir\u00e1 un turno de debate y discusi\u00f3n. Asimismo, est\u00e1 prevista la presentaci\u00f3n de p\u00f3steres con sus correspondientes \u00e1mbitos para la discusi\u00f3n.<\/p>\n\n\n\n<p>El \u00faltimo d\u00eda se organizar\u00e1 un viaje programado para visitar un espacio cercano a la ciudad de Zaragoza y que complemente la programaci\u00f3n del Congreso.&nbsp;<\/p>\n\n\n\n<p class=\"has-white-color has-vivid-cyan-blue-background-color has-text-color has-background\"><strong>Secciones tem\u00e1ticas y ponentes<\/strong><\/p>\n\n\n\n<ul class=\"wp-block-list\"><li>I:\u00a0<em>Hitos cer\u00e1micos del valle del Ebro en \u00e9poca romana\u00a0<\/em>(Miguel Beltr\u00e1n Lloris).<\/li><li>II:\u00a0<em>R\u00edo arriba, r\u00edo abajo: alfarer\u00eda y comercio cer\u00e1mico a trav\u00e9s del Guadalquivir y deotras cuencas fluviales de la B\u00e9tica\u00a0<\/em>(Dar\u00edo Bernal Casasola y Enrique Garc\u00eda Vargas).<\/li><li>III<em>: Estuarios del sudoeste: Guadiana, Mira, Sado e Tejo, puertas de entrada y espacios de redistribuci\u00f3n de importaciones cer\u00e1micas\u00a0<\/em>(Carlos Fabiao, Catarina Viegas, In\u00e9s Vaz y Rui Almeida).<\/li><li>IV:\u00a0<em>Navegaci\u00f3n y comercio cer\u00e1mico en las \u00e1reas septentrionales de Hispania: r\u00edas y estuarios\u00a0<\/em>(Carmen Fern\u00e1ndez Ochoa, \u00c1ngel Morillo Cerd\u00e1n y Rui Morais).<\/li><li>V:\u00a0<em>Comercio cer\u00e1mico y v\u00edas fluviales en las \u00e1reas meridionales de Francia\u00a0<\/em>(Corinne S\u00e1nchez).<\/li><\/ul>\n\n\n\n<p class=\"has-white-color has-vivid-cyan-blue-background-color has-text-color has-background\"><strong>Visitas arqueol\u00f3gicas<\/strong><\/p>\n\n\n\n<p>El s\u00e1bado de 2 de abril se efectuar\u00e1 una visita guiada a los museos que integran la Ruta de&nbsp;<em>Caesaraugusta<\/em>: Foro, Puerto fluvial, Teatro y Termas p\u00fablicas.<\/p>\n\n\n\n<hr class=\"wp-block-separator has-text-color has-background has-vivid-cyan-blue-background-color has-vivid-cyan-blue-color\"\/>\n\n\n\n<h2 class=\"has-vivid-cyan-blue-color has-text-color wp-block-heading\">Metodolog\u00eda<\/h2>\n\n\n\n<p>La raz\u00f3n de ser del congreso es la exposici\u00f3n de las novedades en la ceramolog\u00eda hispanorromana, pero esencialmente reflexionar y dar a conocer la relaci\u00f3n estrecha entre la cer\u00e1mica y las v\u00edas fluviales que posibilitaron su comercializaci\u00f3n.<\/p>\n\n\n\n<p>La colaboraci\u00f3n con instituciones p\u00fablicas permite la posibilidad de llegar a una mayor audiencia. Estas instituciones favorecer\u00e1n la difusi\u00f3n del Congreso a trav\u00e9s de sus \u00e1reas de comunicaci\u00f3n. Para ello el programa tiene, tambi\u00e9n,&nbsp; un car\u00e1cter divulgativo que permite acceder al mismo al p\u00fablico no especializado. Se informar\u00e1 a colegios, asociaciones y colectivos y se les facilitar\u00e1 la informaci\u00f3n previa que requieran.<\/p>\n\n\n\n<p><\/p>\n","protected":false},"excerpt":{"rendered":"<p>Presentaci\u00f3n La&nbsp;Sociedad de Estudios de la Cer\u00e1mica Antigua en Hispania&nbsp;(SECAH) se constituy\u00f3 con fecha 22 de abril de 2009. Entre las actividades que desarrolla una de las m\u00e1s importantes es &#8230;<\/p>\n","protected":false},"author":1,"featured_media":0,"parent":0,"menu_order":0,"comment_status":"closed","ping_status":"closed","template":"","meta":{"footnotes":""},"class_list":["post-50","page","type-page","status-publish","hentry"],"_links":{"self":[{"href":"https:\/\/cdl-aragon.es\/congresosecah\/index.php\/wp-json\/wp\/v2\/pages\/50","targetHints":{"allow":["GET"]}}],"collection":[{"href":"https:\/\/cdl-aragon.es\/congresosecah\/index.php\/wp-json\/wp\/v2\/pages"}],"about":[{"href":"https:\/\/cdl-aragon.es\/congresosecah\/index.php\/wp-json\/wp\/v2\/types\/page"}],"author":[{"embeddable":true,"href":"https:\/\/cdl-aragon.es\/congresosecah\/index.php\/wp-json\/wp\/v2\/users\/1"}],"replies":[{"embeddable":true,"href":"https:\/\/cdl-aragon.es\/congresosecah\/index.php\/wp-json\/wp\/v2\/comments?post=50"}],"version-history":[{"count":7,"href":"https:\/\/cdl-aragon.es\/congresosecah\/index.php\/wp-json\/wp\/v2\/pages\/50\/revisions"}],"predecessor-version":[{"id":541,"href":"https:\/\/cdl-aragon.es\/congresosecah\/index.php\/wp-json\/wp\/v2\/pages\/50\/revisions\/541"}],"wp:attachment":[{"href":"https:\/\/cdl-aragon.es\/congresosecah\/index.php\/wp-json\/wp\/v2\/media?parent=50"}],"curies":[{"name":"wp","href":"https:\/\/api.w.org\/{rel}","templated":true}]}}