{"id":48,"date":"2021-06-03T09:02:48","date_gmt":"2021-06-03T09:02:48","guid":{"rendered":"https:\/\/cdl-aragon.es\/congresosecah\/?page_id=48"},"modified":"2021-07-19T09:51:54","modified_gmt":"2021-07-19T09:51:54","slug":"organizacion","status":"publish","type":"page","link":"https:\/\/cdl-aragon.es\/congresosecah\/index.php\/organizacion\/","title":{"rendered":"Organizaci\u00f3n"},"content":{"rendered":"\n<p class=\"has-normal-font-size\">La candidatura de Zaragoza fue aprobada en la Junta General Ordinaria y refrendada por unanimidad en la X Asamblea General Ordinaria que se celebr\u00f3 en el marco del V Congreso que tuvo como sede las salas del Museo Arqueol\u00f3gico Regional de la Comunidad de Madrid, en Alcal\u00e1 de Henares, el pasado 7 de noviembre, para cuya organizaci\u00f3n se present\u00f3 de manera conjunta la Universidad de Zaragoza, a trav\u00e9s de su \u00c1rea de Arqueolog\u00eda del Departamento de Ciencias de la Antig\u00fcedad, Grupo de investigaci\u00f3n PPA -Prehistoria y Patrimonio Arqueol\u00f3gico -, y el Colegio Oficial de Doctores y Licenciados de Arag\u00f3n. Tambi\u00e9n se tiene prevista la colaboraci\u00f3n de la Instituci\u00f3n Fernando el Cat\u00f3lico.&nbsp;<\/p>\n\n\n\n<h1 class=\"has-white-color has-vivid-cyan-blue-background-color has-text-color has-background wp-block-heading\">Comit\u00e9 Organizador<\/h1>\n\n\n\n<div class=\"wp-block-group\"><div class=\"wp-block-group__inner-container is-layout-flow wp-block-group-is-layout-flow\">\n<div class=\"wp-block-columns is-layout-flex wp-container-core-columns-is-layout-9d6595d7 wp-block-columns-is-layout-flex\">\n<div class=\"wp-block-column is-layout-flow wp-block-column-is-layout-flow\">\n<figure class=\"wp-block-image size-large is-resized\"><img loading=\"lazy\" decoding=\"async\" src=\"https:\/\/cdl-aragon.es\/congresosecah\/wp-content\/uploads\/2021\/06\/jlorenzo.png\" alt=\"\" class=\"wp-image-79\" width=\"128\" height=\"128\" srcset=\"https:\/\/cdl-aragon.es\/congresosecah\/wp-content\/uploads\/2021\/06\/jlorenzo.png 200w, https:\/\/cdl-aragon.es\/congresosecah\/wp-content\/uploads\/2021\/06\/jlorenzo-150x150.png 150w\" sizes=\"auto, (max-width: 128px) 100vw, 128px\" \/><\/figure>\n\n\n\n<p class=\"has-text-align-left has-vivid-cyan-blue-color has-text-color\" style=\"font-size:18px\"><strong>JOS\u00c9 IGNACIO LORENZO<\/strong><\/p>\n\n\n\n<p class=\"has-text-align-left\">CDL de ARAG\u00d3N<\/p>\n<\/div>\n\n\n\n<div class=\"wp-block-column is-layout-flow wp-block-column-is-layout-flow\">\n<figure class=\"wp-block-image size-large is-resized is-style-default\"><img loading=\"lazy\" decoding=\"async\" src=\"https:\/\/cdl-aragon.es\/congresosecah\/wp-content\/uploads\/2021\/06\/carmen_aguarod.jpg\" alt=\"\" class=\"wp-image-126\" width=\"128\" height=\"128\" srcset=\"https:\/\/cdl-aragon.es\/congresosecah\/wp-content\/uploads\/2021\/06\/carmen_aguarod.jpg 511w, https:\/\/cdl-aragon.es\/congresosecah\/wp-content\/uploads\/2021\/06\/carmen_aguarod-300x300.jpg 300w, https:\/\/cdl-aragon.es\/congresosecah\/wp-content\/uploads\/2021\/06\/carmen_aguarod-150x150.jpg 150w\" sizes=\"auto, (max-width: 128px) 100vw, 128px\" \/><\/figure>\n\n\n\n<p class=\"has-text-align-left has-vivid-cyan-blue-color has-text-color\" style=\"font-size:18px\"><strong>CARMEN AGUAROD<\/strong><\/p>\n\n\n\n<p class=\"has-text-align-left\">SECAH<\/p>\n<\/div>\n\n\n\n<div class=\"wp-block-column is-layout-flow wp-block-column-is-layout-flow\">\n<figure class=\"wp-block-image size-large is-resized is-style-default\"><img loading=\"lazy\" decoding=\"async\" src=\"https:\/\/cdl-aragon.es\/congresosecah\/wp-content\/uploads\/2021\/06\/carlos_saenz.jpg\" alt=\"\" class=\"wp-image-127\" width=\"128\" height=\"128\" srcset=\"https:\/\/cdl-aragon.es\/congresosecah\/wp-content\/uploads\/2021\/06\/carlos_saenz.jpg 511w, https:\/\/cdl-aragon.es\/congresosecah\/wp-content\/uploads\/2021\/06\/carlos_saenz-300x300.jpg 300w, https:\/\/cdl-aragon.es\/congresosecah\/wp-content\/uploads\/2021\/06\/carlos_saenz-150x150.jpg 150w\" sizes=\"auto, (max-width: 128px) 100vw, 128px\" \/><\/figure>\n\n\n\n<p class=\"has-text-align-left has-vivid-cyan-blue-color has-text-color\" style=\"font-size:18px\"><strong>CARLOS S\u00c1ENZ<\/strong><\/p>\n\n\n\n<p class=\"has-text-align-left\">Universidad de ZARAGOZA<\/p>\n<\/div>\n\n\n\n<div class=\"wp-block-column is-layout-flow wp-block-column-is-layout-flow\">\n<figure class=\"wp-block-image size-large is-resized is-style-default\"><img loading=\"lazy\" decoding=\"async\" src=\"https:\/\/cdl-aragon.es\/congresosecah\/wp-content\/uploads\/2021\/06\/angelinesmagallon.png\" alt=\"\" class=\"wp-image-76\" width=\"128\" height=\"128\" srcset=\"https:\/\/cdl-aragon.es\/congresosecah\/wp-content\/uploads\/2021\/06\/angelinesmagallon.png 200w, https:\/\/cdl-aragon.es\/congresosecah\/wp-content\/uploads\/2021\/06\/angelinesmagallon-150x150.png 150w\" sizes=\"auto, (max-width: 128px) 100vw, 128px\" \/><\/figure>\n\n\n\n<p class=\"has-text-align-left has-vivid-cyan-blue-color has-text-color\" style=\"font-size:18px\"><strong>M\u00aa \u00c1NGELES MAGALL\u00d3N<\/strong><\/p>\n\n\n\n<p class=\"has-text-align-left\">Universidad de ZARAGOZA<\/p>\n<\/div>\n\n\n\n<div class=\"wp-block-column is-layout-flow wp-block-column-is-layout-flow\">\n<figure class=\"wp-block-image size-large is-resized is-style-default\"><img loading=\"lazy\" decoding=\"async\" src=\"https:\/\/cdl-aragon.es\/congresosecah\/wp-content\/uploads\/2021\/06\/cesar_heras.jpg\" alt=\"\" class=\"wp-image-128\" width=\"128\" height=\"128\" srcset=\"https:\/\/cdl-aragon.es\/congresosecah\/wp-content\/uploads\/2021\/06\/cesar_heras.jpg 511w, https:\/\/cdl-aragon.es\/congresosecah\/wp-content\/uploads\/2021\/06\/cesar_heras-300x300.jpg 300w, https:\/\/cdl-aragon.es\/congresosecah\/wp-content\/uploads\/2021\/06\/cesar_heras-150x150.jpg 150w\" sizes=\"auto, (max-width: 128px) 100vw, 128px\" \/><\/figure>\n\n\n\n<p class=\"has-text-align-left has-vivid-cyan-blue-color has-text-color\" style=\"font-size:18px\"><strong>C\u00c9SAR HERAS<\/strong><\/p>\n\n\n\n<p class=\"has-text-align-left\">SECAH<\/p>\n<\/div>\n\n\n\n<div class=\"wp-block-column is-layout-flow wp-block-column-is-layout-flow\">\n<figure class=\"wp-block-image size-large is-resized is-style-default\"><img loading=\"lazy\" decoding=\"async\" src=\"https:\/\/cdl-aragon.es\/congresosecah\/wp-content\/uploads\/2021\/06\/paula_uribe.jpg\" alt=\"\" class=\"wp-image-129\" width=\"128\" height=\"128\" srcset=\"https:\/\/cdl-aragon.es\/congresosecah\/wp-content\/uploads\/2021\/06\/paula_uribe.jpg 511w, https:\/\/cdl-aragon.es\/congresosecah\/wp-content\/uploads\/2021\/06\/paula_uribe-300x300.jpg 300w, https:\/\/cdl-aragon.es\/congresosecah\/wp-content\/uploads\/2021\/06\/paula_uribe-150x150.jpg 150w\" sizes=\"auto, (max-width: 128px) 100vw, 128px\" \/><\/figure>\n\n\n\n<p class=\"has-text-align-left has-vivid-cyan-blue-color has-text-color\" style=\"font-size:18px\"><strong>PAULA URIBE<\/strong><\/p>\n\n\n\n<p class=\"has-text-align-left\">Universidad de ZARAGOZA<\/p>\n<\/div>\n<\/div>\n<\/div><\/div>\n\n\n\n<h1 class=\"has-white-color has-vivid-cyan-blue-background-color has-text-color has-background wp-block-heading\"><strong>COMIT\u00c9 CIENT\u00cdFICO<\/strong><\/h1>\n\n\n\n<p>Carmen Aguarod Otal<\/p>\n\n\n\n<p>Rui Almeida<\/p>\n\n\n\n<p>Xavier Aquilu\u00e9 Abad\u00edas<\/p>\n\n\n\n<p>Roberto Bartolom\u00e9 Abraira<\/p>\n\n\n\n<p>Miguel Beltr\u00e1n Lloris<\/p>\n\n\n\n<p>Dar\u00edo Bernal Casasola<\/p>\n\n\n\n<p>Sonia Bombico<\/p>\n\n\n\n<p>Jos\u00e9 Juan D\u00edaz Rodr\u00edguez<\/p>\n\n\n\n<p>Carlos Fabiao<\/p>\n\n\n\n<p>M.\u00aa Isabel Fern\u00e1ndez Garc\u00eda<\/p>\n\n\n\n<p>Carmen Fern\u00e1ndez Ochoa<\/p>\n\n\n\n<p>Enrique Garc\u00eda Vargas<\/p>\n\n\n\n<p>Ana Mart\u00ednez Salcedo<\/p>\n\n\n\n<p>Rui Morais<\/p>\n\n\n\n<p>\u00c1ngel Morillo Cerd\u00e1n<\/p>\n\n\n\n<p>Manuel Moreno Alcaide<\/p>\n\n\n\n<p>M.\u00aa Rosa Pina Bur\u00f3n<\/p>\n\n\n\n<p>Jos\u00e9 Carlos Quaresma<\/p>\n\n\n\n<p>Alejandro Quevedo S\u00e1nchez&nbsp;<\/p>\n\n\n\n<p>Antonio Manuel S\u00e1ez Romero&nbsp;<\/p>\n\n\n\n<p>Ines Vaz Pinto<\/p>\n\n\n\n<p>Catarina Viegas<\/p>\n\n\n\n<h1 class=\"has-white-color has-vivid-cyan-blue-background-color has-text-color has-background wp-block-heading\"><strong>SECRETAR\u00cdA&nbsp;<\/strong><\/h1>\n\n\n\n<p>Coordinadora: Ana Dur\u00e1n Boldova<\/p>\n\n\n\n<p>Adri\u00e1n Gordon Zan&nbsp;<\/p>\n\n\n\n<h1 class=\"has-white-color has-vivid-cyan-blue-background-color has-text-color has-background wp-block-heading\"><strong>COLABORADORES<\/strong><\/h1>\n\n\n\n<div class=\"wp-block-columns is-layout-flex wp-container-core-columns-is-layout-9d6595d7 wp-block-columns-is-layout-flex\">\n<div class=\"wp-block-column is-layout-flow wp-block-column-is-layout-flow\">\n<div class=\"wp-block-image is-style-default\"><figure class=\"aligncenter size-large is-resized\"><img loading=\"lazy\" decoding=\"async\" src=\"https:\/\/cdl-aragon.es\/congresosecah\/wp-content\/uploads\/2021\/07\/fundacion-ibercaja_Mesa-de-trabajo-1-1-1024x428.png\" alt=\"\" class=\"wp-image-298\" width=\"201\" height=\"84\" srcset=\"https:\/\/cdl-aragon.es\/congresosecah\/wp-content\/uploads\/2021\/07\/fundacion-ibercaja_Mesa-de-trabajo-1-1-1024x428.png 1024w, https:\/\/cdl-aragon.es\/congresosecah\/wp-content\/uploads\/2021\/07\/fundacion-ibercaja_Mesa-de-trabajo-1-1-300x125.png 300w, https:\/\/cdl-aragon.es\/congresosecah\/wp-content\/uploads\/2021\/07\/fundacion-ibercaja_Mesa-de-trabajo-1-1-768x321.png 768w, https:\/\/cdl-aragon.es\/congresosecah\/wp-content\/uploads\/2021\/07\/fundacion-ibercaja_Mesa-de-trabajo-1-1.png 1073w\" sizes=\"auto, (max-width: 201px) 100vw, 201px\" \/><\/figure><\/div>\n<\/div>\n\n\n\n<div class=\"wp-block-column is-vertically-aligned-center is-layout-flow wp-block-column-is-layout-flow\">\n<figure class=\"wp-block-image size-large\"><img decoding=\"async\" src=\"https:\/\/cdl-aragon.es\/congresosecah\/wp-content\/uploads\/2021\/07\/basicofondoblanco.tif\" alt=\"\" class=\"wp-image-310\" width=\"NaN\" height=\"NaN\"\/><\/figure>\n<\/div>\n\n\n\n<div class=\"wp-block-column is-vertically-aligned-top is-layout-flow wp-block-column-is-layout-flow\">\n<div class=\"wp-block-image is-style-default\"><figure class=\"aligncenter size-large is-resized\"><img loading=\"lazy\" decoding=\"async\" src=\"https:\/\/cdl-aragon.es\/congresosecah\/wp-content\/uploads\/2021\/07\/Logo_IFC_negro_HD_trazado-01-1-1024x560.png\" alt=\"\" class=\"wp-image-299\" width=\"137\" height=\"75\" srcset=\"https:\/\/cdl-aragon.es\/congresosecah\/wp-content\/uploads\/2021\/07\/Logo_IFC_negro_HD_trazado-01-1-1024x560.png 1024w, https:\/\/cdl-aragon.es\/congresosecah\/wp-content\/uploads\/2021\/07\/Logo_IFC_negro_HD_trazado-01-1-300x164.png 300w, https:\/\/cdl-aragon.es\/congresosecah\/wp-content\/uploads\/2021\/07\/Logo_IFC_negro_HD_trazado-01-1-768x420.png 768w, https:\/\/cdl-aragon.es\/congresosecah\/wp-content\/uploads\/2021\/07\/Logo_IFC_negro_HD_trazado-01-1-1536x840.png 1536w, https:\/\/cdl-aragon.es\/congresosecah\/wp-content\/uploads\/2021\/07\/Logo_IFC_negro_HD_trazado-01-1-2048x1120.png 2048w\" sizes=\"auto, (max-width: 137px) 100vw, 137px\" \/><\/figure><\/div>\n<\/div>\n<\/div>\n\n\n\n<div class=\"wp-block-columns is-layout-flex wp-container-core-columns-is-layout-9d6595d7 wp-block-columns-is-layout-flex\">\n<div class=\"wp-block-column is-layout-flow wp-block-column-is-layout-flow\"><\/div>\n\n\n\n<div class=\"wp-block-column is-layout-flow wp-block-column-is-layout-flow\"><\/div>\n\n\n\n<div class=\"wp-block-column is-layout-flow wp-block-column-is-layout-flow\"><\/div>\n<\/div>\n\n\n\n<div class=\"wp-block-columns is-layout-flex wp-container-core-columns-is-layout-9d6595d7 wp-block-columns-is-layout-flex\">\n<div class=\"wp-block-column is-layout-flow wp-block-column-is-layout-flow\">\n<div class=\"wp-block-image\"><figure class=\"aligncenter size-large is-resized\"><img loading=\"lazy\" decoding=\"async\" src=\"https:\/\/cdl-aragon.es\/congresosecah\/wp-content\/uploads\/2021\/07\/logo-PPVE-Nuevo_v3-1024x445.jpg\" alt=\"\" class=\"wp-image-278\" width=\"172\" height=\"75\" srcset=\"https:\/\/cdl-aragon.es\/congresosecah\/wp-content\/uploads\/2021\/07\/logo-PPVE-Nuevo_v3-1024x445.jpg 1024w, https:\/\/cdl-aragon.es\/congresosecah\/wp-content\/uploads\/2021\/07\/logo-PPVE-Nuevo_v3-300x130.jpg 300w, https:\/\/cdl-aragon.es\/congresosecah\/wp-content\/uploads\/2021\/07\/logo-PPVE-Nuevo_v3-768x333.jpg 768w, https:\/\/cdl-aragon.es\/congresosecah\/wp-content\/uploads\/2021\/07\/logo-PPVE-Nuevo_v3-1536x667.jpg 1536w, https:\/\/cdl-aragon.es\/congresosecah\/wp-content\/uploads\/2021\/07\/logo-PPVE-Nuevo_v3.jpg 2041w\" sizes=\"auto, (max-width: 172px) 100vw, 172px\" \/><\/figure><\/div>\n<\/div>\n\n\n\n<div class=\"wp-block-column is-layout-flow wp-block-column-is-layout-flow\"><\/div>\n\n\n\n<div class=\"wp-block-column is-layout-flow wp-block-column-is-layout-flow\"><\/div>\n<\/div>\n\n\n\n<div class=\"wp-block-columns is-layout-flex wp-container-core-columns-is-layout-9d6595d7 wp-block-columns-is-layout-flex\">\n<div class=\"wp-block-column is-layout-flow wp-block-column-is-layout-flow\"><\/div>\n\n\n\n<div class=\"wp-block-column is-layout-flow wp-block-column-is-layout-flow\"><\/div>\n\n\n\n<div class=\"wp-block-column is-layout-flow wp-block-column-is-layout-flow\"><\/div>\n<\/div>\n\n\n\n<div class=\"wp-block-columns is-layout-flex wp-container-core-columns-is-layout-9d6595d7 wp-block-columns-is-layout-flex\">\n<div class=\"wp-block-column is-layout-flow wp-block-column-is-layout-flow\"><\/div>\n\n\n\n<div class=\"wp-block-column is-layout-flow wp-block-column-is-layout-flow\"><\/div>\n<\/div>\n","protected":false},"excerpt":{"rendered":"<p>Conoce al Equipo organizador<\/p>\n","protected":false},"author":1,"featured_media":0,"parent":0,"menu_order":0,"comment_status":"closed","ping_status":"closed","template":"template-fullwidth.php","meta":{"footnotes":""},"class_list":["post-48","page","type-page","status-publish","hentry"],"_links":{"self":[{"href":"https:\/\/cdl-aragon.es\/congresosecah\/index.php\/wp-json\/wp\/v2\/pages\/48","targetHints":{"allow":["GET"]}}],"collection":[{"href":"https:\/\/cdl-aragon.es\/congresosecah\/index.php\/wp-json\/wp\/v2\/pages"}],"about":[{"href":"https:\/\/cdl-aragon.es\/congresosecah\/index.php\/wp-json\/wp\/v2\/types\/page"}],"author":[{"embeddable":true,"href":"https:\/\/cdl-aragon.es\/congresosecah\/index.php\/wp-json\/wp\/v2\/users\/1"}],"replies":[{"embeddable":true,"href":"https:\/\/cdl-aragon.es\/congresosecah\/index.php\/wp-json\/wp\/v2\/comments?post=48"}],"version-history":[{"count":19,"href":"https:\/\/cdl-aragon.es\/congresosecah\/index.php\/wp-json\/wp\/v2\/pages\/48\/revisions"}],"predecessor-version":[{"id":313,"href":"https:\/\/cdl-aragon.es\/congresosecah\/index.php\/wp-json\/wp\/v2\/pages\/48\/revisions\/313"}],"wp:attachment":[{"href":"https:\/\/cdl-aragon.es\/congresosecah\/index.php\/wp-json\/wp\/v2\/media?parent=48"}],"curies":[{"name":"wp","href":"https:\/\/api.w.org\/{rel}","templated":true}]}}