{"id":317,"date":"2021-07-16T09:11:12","date_gmt":"2021-07-16T09:11:12","guid":{"rendered":"https:\/\/cdl-aragon.es\/congresosecah\/?page_id=317"},"modified":"2021-09-15T15:19:27","modified_gmt":"2021-09-15T15:19:27","slug":"comite-cientifico","status":"publish","type":"page","link":"https:\/\/cdl-aragon.es\/congresosecah\/index.php\/comite-cientifico\/","title":{"rendered":"Comit\u00e9 cient\u00edfico"},"content":{"rendered":"\n<h1 class=\"alignwide has-text-align-center has-white-color has-vivid-cyan-blue-background-color has-text-color has-background wp-block-heading\" id=\"block-4f91f5b9-1920-475c-9b92-c1aede9f6b77\"><strong>Comit\u00e9 Cient\u00edfico<\/strong><\/h1>\n\n\n\n<p class=\"has-normal-font-size\"><\/p>\n\n\n\n<p class=\"has-text-align-center has-normal-font-size\" id=\"block-4807ec89-f4fd-4a6b-9ac2-cc02828e8a1f\">Carmen Aguarod Otal<\/p>\n\n\n\n<p class=\"has-text-align-center has-normal-font-size\" id=\"block-7b478485-11ca-4fbe-b18c-a409633e88cb\">Rui Almeida<\/p>\n\n\n\n<p class=\"has-text-align-center has-normal-font-size\" id=\"block-354fb9df-b7d6-49d6-bf70-2272f9067de9\">Xavier Aquilu\u00e9 Abad\u00edas<\/p>\n\n\n\n<p class=\"has-text-align-center has-normal-font-size\" id=\"block-1387d31d-d866-4dac-8877-6642036a0750\">Roberto Bartolom\u00e9 Abraira<\/p>\n\n\n\n<p class=\"has-text-align-center has-normal-font-size\" id=\"block-5dbf1ae8-71dc-4dc5-9537-8ebd5c5661b8\">Miguel Beltr\u00e1n Lloris<\/p>\n\n\n\n<p class=\"has-text-align-center has-normal-font-size\" id=\"block-632c464d-479d-4387-bb2e-8b817bd43c69\">Dar\u00edo Bernal Casasola<\/p>\n\n\n\n<p class=\"has-text-align-center has-normal-font-size\" id=\"block-a04046e7-4376-4326-8549-29889df98d61\">Sonia Bombico<\/p>\n\n\n\n<p class=\"has-text-align-center has-normal-font-size\" id=\"block-4fd93bd4-1b2b-41a7-bef4-1f3cb374f2ed\">Jos\u00e9 Juan D\u00edaz Rodr\u00edguez<\/p>\n\n\n\n<p class=\"has-text-align-center has-normal-font-size\" id=\"block-0585260f-7335-45b7-bae6-16f388fde986\">Carlos Fabiao<\/p>\n\n\n\n<p class=\"has-text-align-center has-normal-font-size\" id=\"block-f064437f-fde7-4412-a6be-6c86f7b3ab94\">M.\u00aa Isabel Fern\u00e1ndez Garc\u00eda<\/p>\n\n\n\n<p class=\"has-text-align-center has-normal-font-size\" id=\"block-34e05c96-df35-4f10-851f-8f061d46ecf3\">Carmen Fern\u00e1ndez Ochoa<\/p>\n\n\n\n<p class=\"has-text-align-center has-normal-font-size\" id=\"block-06a31ccb-42d3-49a0-a820-431b060a27a5\">Enrique Garc\u00eda Vargas<\/p>\n\n\n\n<p class=\"has-text-align-center has-normal-font-size\" id=\"block-89ccc424-c117-4e48-8bed-2d7cf4d7c6b7\">Ana Mart\u00ednez Salcedo<\/p>\n\n\n\n<p class=\"has-text-align-center has-normal-font-size\" id=\"block-03d0f4b9-7fda-458e-97d1-09cdd0636195\">Rui Morais<\/p>\n\n\n\n<p class=\"has-text-align-center has-normal-font-size\" id=\"block-0786f28c-b422-4a6c-bd13-5740c4875811\">\u00c1ngel Morillo Cerd\u00e1n<\/p>\n\n\n\n<p class=\"has-text-align-center has-normal-font-size\" id=\"block-3f3f887f-4bf3-46bc-83a7-6852b3985add\">Manuel Moreno Alcaide<\/p>\n\n\n\n<p class=\"has-text-align-center has-normal-font-size\" id=\"block-30b9004e-e939-48f5-a6f6-0ec53383312b\">M.\u00aa Rosa Pina Bur\u00f3n<\/p>\n\n\n\n<p class=\"has-text-align-center has-normal-font-size\" id=\"block-d3026701-ea4e-4b93-ad00-a3a8a5f95497\">Jos\u00e9 Carlos Quaresma<\/p>\n\n\n\n<p class=\"has-text-align-center has-normal-font-size\" id=\"block-cee090af-0709-4471-a568-d1e2a2cc283b\">Alejandro Quevedo S\u00e1nchez&nbsp;<\/p>\n\n\n\n<p class=\"has-text-align-center has-normal-font-size\" id=\"block-911bd290-e1dd-4a01-b711-9a6d81896584\">Antonio Manuel S\u00e1ez Romero&nbsp;<\/p>\n\n\n\n<p class=\"has-text-align-center has-normal-font-size\" id=\"block-0e02c702-6475-42b8-8b89-e5e7da26f99f\">Ines Vaz Pinto<\/p>\n\n\n\n<p class=\"has-text-align-center has-normal-font-size\" id=\"block-efd523db-56d2-4bf4-815e-ffa563a23e11\">Catarina Viegas<\/p>\n","protected":false},"excerpt":{"rendered":"<p>Comit\u00e9 Cient\u00edfico Carmen Aguarod Otal Rui Almeida Xavier Aquilu\u00e9 Abad\u00edas Roberto Bartolom\u00e9 Abraira Miguel Beltr\u00e1n Lloris Dar\u00edo Bernal Casasola Sonia Bombico Jos\u00e9 Juan D\u00edaz Rodr\u00edguez Carlos Fabiao M.\u00aa Isabel Fern\u00e1ndez &#8230;<\/p>\n","protected":false},"author":1,"featured_media":0,"parent":0,"menu_order":0,"comment_status":"closed","ping_status":"closed","template":"","meta":{"footnotes":""},"class_list":["post-317","page","type-page","status-publish","hentry"],"_links":{"self":[{"href":"https:\/\/cdl-aragon.es\/congresosecah\/index.php\/wp-json\/wp\/v2\/pages\/317","targetHints":{"allow":["GET"]}}],"collection":[{"href":"https:\/\/cdl-aragon.es\/congresosecah\/index.php\/wp-json\/wp\/v2\/pages"}],"about":[{"href":"https:\/\/cdl-aragon.es\/congresosecah\/index.php\/wp-json\/wp\/v2\/types\/page"}],"author":[{"embeddable":true,"href":"https:\/\/cdl-aragon.es\/congresosecah\/index.php\/wp-json\/wp\/v2\/users\/1"}],"replies":[{"embeddable":true,"href":"https:\/\/cdl-aragon.es\/congresosecah\/index.php\/wp-json\/wp\/v2\/comments?post=317"}],"version-history":[{"count":3,"href":"https:\/\/cdl-aragon.es\/congresosecah\/index.php\/wp-json\/wp\/v2\/pages\/317\/revisions"}],"predecessor-version":[{"id":324,"href":"https:\/\/cdl-aragon.es\/congresosecah\/index.php\/wp-json\/wp\/v2\/pages\/317\/revisions\/324"}],"wp:attachment":[{"href":"https:\/\/cdl-aragon.es\/congresosecah\/index.php\/wp-json\/wp\/v2\/media?parent=317"}],"curies":[{"name":"wp","href":"https:\/\/api.w.org\/{rel}","templated":true}]}}