{"id":314,"date":"2021-07-16T09:10:03","date_gmt":"2021-07-16T09:10:03","guid":{"rendered":"https:\/\/cdl-aragon.es\/congresosecah\/?page_id=314"},"modified":"2021-07-16T11:49:11","modified_gmt":"2021-07-16T11:49:11","slug":"comite-organizador","status":"publish","type":"page","link":"https:\/\/cdl-aragon.es\/congresosecah\/index.php\/comite-organizador\/","title":{"rendered":"Comit\u00e9 Organizador"},"content":{"rendered":"\n<h1 class=\"has-text-align-center has-white-color has-vivid-cyan-blue-background-color has-text-color has-background wp-block-heading\">Comit\u00e9 Organizador<\/h1>\n\n\n\n<div class=\"wp-block-columns is-layout-flex wp-container-core-columns-is-layout-9d6595d7 wp-block-columns-is-layout-flex\">\n<div class=\"wp-block-column is-layout-flow wp-block-column-is-layout-flow\">\n<div class=\"wp-block-image\"><figure class=\"aligncenter size-large is-resized\"><img loading=\"lazy\" decoding=\"async\" src=\"https:\/\/cdl-aragon.es\/congresosecah\/wp-content\/uploads\/2021\/06\/jlorenzo.png\" alt=\"\" class=\"wp-image-79\" width=\"129\" height=\"128\" srcset=\"https:\/\/cdl-aragon.es\/congresosecah\/wp-content\/uploads\/2021\/06\/jlorenzo.png 200w, https:\/\/cdl-aragon.es\/congresosecah\/wp-content\/uploads\/2021\/06\/jlorenzo-150x150.png 150w\" sizes=\"auto, (max-width: 129px) 100vw, 129px\" \/><\/figure><\/div>\n\n\n\n<p class=\"has-text-align-center has-vivid-cyan-blue-color has-text-color\" style=\"font-size:18px\"><strong>JOS\u00c9 IGNACIO LORENZO<\/strong><\/p>\n\n\n\n<p class=\"has-text-align-center\">CDL de ARAG\u00d3N<\/p>\n<\/div>\n\n\n\n<div class=\"wp-block-column is-layout-flow wp-block-column-is-layout-flow\">\n<div class=\"wp-block-image\"><figure class=\"aligncenter size-large is-resized\"><img loading=\"lazy\" decoding=\"async\" src=\"https:\/\/cdl-aragon.es\/congresosecah\/wp-content\/uploads\/2021\/06\/carmen_aguarod.jpg\" alt=\"\" class=\"wp-image-126\" width=\"128\" height=\"128\" srcset=\"https:\/\/cdl-aragon.es\/congresosecah\/wp-content\/uploads\/2021\/06\/carmen_aguarod.jpg 511w, https:\/\/cdl-aragon.es\/congresosecah\/wp-content\/uploads\/2021\/06\/carmen_aguarod-300x300.jpg 300w, https:\/\/cdl-aragon.es\/congresosecah\/wp-content\/uploads\/2021\/06\/carmen_aguarod-150x150.jpg 150w\" sizes=\"auto, (max-width: 128px) 100vw, 128px\" \/><\/figure><\/div>\n\n\n\n<p class=\"has-text-align-center has-vivid-cyan-blue-color has-text-color\" style=\"font-size:18px\"><strong>CARMEN AGUAROD<\/strong><\/p>\n\n\n\n<p class=\"has-text-align-center\">SECAH<\/p>\n<\/div>\n\n\n\n<div class=\"wp-block-column is-layout-flow wp-block-column-is-layout-flow\">\n<div class=\"wp-block-image\"><figure class=\"aligncenter size-large is-resized\"><img loading=\"lazy\" decoding=\"async\" src=\"https:\/\/cdl-aragon.es\/congresosecah\/wp-content\/uploads\/2021\/06\/carlos_saenz.jpg\" alt=\"\" class=\"wp-image-127\" width=\"128\" height=\"128\" srcset=\"https:\/\/cdl-aragon.es\/congresosecah\/wp-content\/uploads\/2021\/06\/carlos_saenz.jpg 511w, https:\/\/cdl-aragon.es\/congresosecah\/wp-content\/uploads\/2021\/06\/carlos_saenz-300x300.jpg 300w, https:\/\/cdl-aragon.es\/congresosecah\/wp-content\/uploads\/2021\/06\/carlos_saenz-150x150.jpg 150w\" sizes=\"auto, (max-width: 128px) 100vw, 128px\" \/><\/figure><\/div>\n\n\n\n<p class=\"has-text-align-center has-vivid-cyan-blue-color has-text-color\" style=\"font-size:18px\"><strong>CARLOS S\u00c1ENZ<\/strong><\/p>\n\n\n\n<p class=\"has-text-align-center\">Universidad de ZARAGOZA<\/p>\n<\/div>\n\n\n\n<div class=\"wp-block-column is-layout-flow wp-block-column-is-layout-flow\">\n<div class=\"wp-block-image\"><figure class=\"aligncenter size-large is-resized\"><img loading=\"lazy\" decoding=\"async\" src=\"https:\/\/cdl-aragon.es\/congresosecah\/wp-content\/uploads\/2021\/06\/angelinesmagallon.png\" alt=\"\" class=\"wp-image-76\" width=\"129\" height=\"128\" srcset=\"https:\/\/cdl-aragon.es\/congresosecah\/wp-content\/uploads\/2021\/06\/angelinesmagallon.png 200w, https:\/\/cdl-aragon.es\/congresosecah\/wp-content\/uploads\/2021\/06\/angelinesmagallon-150x150.png 150w\" sizes=\"auto, (max-width: 129px) 100vw, 129px\" \/><\/figure><\/div>\n\n\n\n<p class=\"has-text-align-center has-vivid-cyan-blue-color has-text-color\" style=\"font-size:18px\"><strong>M\u00aa \u00c1NGELES MAGALL\u00d3N<\/strong><\/p>\n\n\n\n<p class=\"has-text-align-center\">Universidad de ZARAGOZA<\/p>\n<\/div>\n\n\n\n<div class=\"wp-block-column is-layout-flow wp-block-column-is-layout-flow\">\n<div class=\"wp-block-image\"><figure class=\"aligncenter size-large is-resized\"><img loading=\"lazy\" decoding=\"async\" src=\"https:\/\/cdl-aragon.es\/congresosecah\/wp-content\/uploads\/2021\/06\/cesar_heras.jpg\" alt=\"\" class=\"wp-image-128\" width=\"128\" height=\"128\" srcset=\"https:\/\/cdl-aragon.es\/congresosecah\/wp-content\/uploads\/2021\/06\/cesar_heras.jpg 511w, https:\/\/cdl-aragon.es\/congresosecah\/wp-content\/uploads\/2021\/06\/cesar_heras-300x300.jpg 300w, https:\/\/cdl-aragon.es\/congresosecah\/wp-content\/uploads\/2021\/06\/cesar_heras-150x150.jpg 150w\" sizes=\"auto, (max-width: 128px) 100vw, 128px\" \/><\/figure><\/div>\n\n\n\n<p class=\"has-text-align-center has-vivid-cyan-blue-color has-text-color\" style=\"font-size:18px\"><strong>C\u00c9SAR HERAS<\/strong><\/p>\n\n\n\n<p class=\"has-text-align-center\">SECAH<\/p>\n<\/div>\n\n\n\n<div class=\"wp-block-column is-layout-flow wp-block-column-is-layout-flow\">\n<div class=\"wp-block-image\"><figure class=\"aligncenter size-large is-resized\"><img loading=\"lazy\" decoding=\"async\" src=\"https:\/\/cdl-aragon.es\/congresosecah\/wp-content\/uploads\/2021\/06\/paula_uribe.jpg\" alt=\"\" class=\"wp-image-129\" width=\"128\" height=\"128\" srcset=\"https:\/\/cdl-aragon.es\/congresosecah\/wp-content\/uploads\/2021\/06\/paula_uribe.jpg 511w, https:\/\/cdl-aragon.es\/congresosecah\/wp-content\/uploads\/2021\/06\/paula_uribe-300x300.jpg 300w, https:\/\/cdl-aragon.es\/congresosecah\/wp-content\/uploads\/2021\/06\/paula_uribe-150x150.jpg 150w\" sizes=\"auto, (max-width: 128px) 100vw, 128px\" \/><\/figure><\/div>\n\n\n\n<p class=\"has-text-align-center has-vivid-cyan-blue-color has-text-color\" style=\"font-size:18px\"><strong>PAULA URIBE<\/strong><\/p>\n\n\n\n<p class=\"has-text-align-center\">Universidad de ZARAGOZA<\/p>\n<\/div>\n<\/div>\n\n\n\n<hr class=\"wp-block-separator has-text-color has-background has-vivid-cyan-blue-background-color has-vivid-cyan-blue-color\"\/>\n\n\n\n<h1 class=\"has-text-align-center has-white-color has-vivid-cyan-blue-background-color has-text-color has-background wp-block-heading\">Secretar\u00eda<\/h1>\n\n\n\n<p class=\"has-text-align-center\">Coordinadora: Ana Dur\u00e1n Boldova<\/p>\n\n\n\n<p class=\"has-text-align-center\">Adri\u00e1n Gordon Zan&nbsp;<\/p>\n\n\n\n<hr class=\"wp-block-separator has-text-color has-background has-vivid-cyan-blue-background-color has-vivid-cyan-blue-color\"\/>\n\n\n\n<div class=\"wp-block-columns is-layout-flex wp-container-core-columns-is-layout-9d6595d7 wp-block-columns-is-layout-flex\">\n<div class=\"wp-block-column is-vertically-aligned-center is-layout-flow wp-block-column-is-layout-flow\">\n<div class=\"wp-block-image\"><figure class=\"aligncenter size-large is-resized\"><img loading=\"lazy\" decoding=\"async\" src=\"https:\/\/cdl-aragon.es\/congresosecah\/wp-content\/uploads\/2021\/07\/Logo-SECAH-oficial.jpg\" alt=\"\" class=\"wp-image-279\" width=\"141\" height=\"115\" srcset=\"https:\/\/cdl-aragon.es\/congresosecah\/wp-content\/uploads\/2021\/07\/Logo-SECAH-oficial.jpg 1000w, https:\/\/cdl-aragon.es\/congresosecah\/wp-content\/uploads\/2021\/07\/Logo-SECAH-oficial-300x245.jpg 300w, https:\/\/cdl-aragon.es\/congresosecah\/wp-content\/uploads\/2021\/07\/Logo-SECAH-oficial-768x627.jpg 768w\" sizes=\"auto, (max-width: 141px) 100vw, 141px\" \/><\/figure><\/div>\n\n\n\n<p><\/p>\n<\/div>\n\n\n\n<div class=\"wp-block-column is-vertically-aligned-center is-layout-flow wp-block-column-is-layout-flow\">\n<figure class=\"wp-block-image size-large is-resized\"><img loading=\"lazy\" decoding=\"async\" src=\"https:\/\/cdl-aragon.es\/congresosecah\/wp-content\/uploads\/2021\/07\/ciencias_de_la_antiguedad-color.png\" alt=\"\" class=\"wp-image-274\" width=\"263\" height=\"76\" srcset=\"https:\/\/cdl-aragon.es\/congresosecah\/wp-content\/uploads\/2021\/07\/ciencias_de_la_antiguedad-color.png 766w, https:\/\/cdl-aragon.es\/congresosecah\/wp-content\/uploads\/2021\/07\/ciencias_de_la_antiguedad-color-300x87.png 300w\" sizes=\"auto, (max-width: 263px) 100vw, 263px\" \/><\/figure>\n<\/div>\n\n\n\n<div class=\"wp-block-column is-vertically-aligned-center is-layout-flow wp-block-column-is-layout-flow\">\n<figure class=\"wp-block-image size-full is-resized\"><img loading=\"lazy\" decoding=\"async\" src=\"https:\/\/cdl-aragon.es\/congresosecah\/wp-content\/uploads\/2021\/07\/LOGOCDL-01.png\" alt=\"\" class=\"wp-image-304\" width=\"231\" height=\"75\" srcset=\"https:\/\/cdl-aragon.es\/congresosecah\/wp-content\/uploads\/2021\/07\/LOGOCDL-01.png 1957w, https:\/\/cdl-aragon.es\/congresosecah\/wp-content\/uploads\/2021\/07\/LOGOCDL-01-300x97.png 300w, https:\/\/cdl-aragon.es\/congresosecah\/wp-content\/uploads\/2021\/07\/LOGOCDL-01-1024x332.png 1024w, https:\/\/cdl-aragon.es\/congresosecah\/wp-content\/uploads\/2021\/07\/LOGOCDL-01-768x249.png 768w, https:\/\/cdl-aragon.es\/congresosecah\/wp-content\/uploads\/2021\/07\/LOGOCDL-01-1536x498.png 1536w\" sizes=\"auto, (max-width: 231px) 100vw, 231px\" \/><\/figure>\n<\/div>\n<\/div>\n","protected":false},"excerpt":{"rendered":"<p>Comit\u00e9 Organizador JOS\u00c9 IGNACIO LORENZO CDL de ARAG\u00d3N CARMEN AGUAROD SECAH CARLOS S\u00c1ENZ Universidad de ZARAGOZA M\u00aa \u00c1NGELES MAGALL\u00d3N Universidad de ZARAGOZA C\u00c9SAR HERAS SECAH PAULA URIBE Universidad de ZARAGOZA &#8230;<\/p>\n","protected":false},"author":1,"featured_media":0,"parent":0,"menu_order":0,"comment_status":"closed","ping_status":"closed","template":"","meta":{"footnotes":""},"class_list":["post-314","page","type-page","status-publish","hentry"],"_links":{"self":[{"href":"https:\/\/cdl-aragon.es\/congresosecah\/index.php\/wp-json\/wp\/v2\/pages\/314","targetHints":{"allow":["GET"]}}],"collection":[{"href":"https:\/\/cdl-aragon.es\/congresosecah\/index.php\/wp-json\/wp\/v2\/pages"}],"about":[{"href":"https:\/\/cdl-aragon.es\/congresosecah\/index.php\/wp-json\/wp\/v2\/types\/page"}],"author":[{"embeddable":true,"href":"https:\/\/cdl-aragon.es\/congresosecah\/index.php\/wp-json\/wp\/v2\/users\/1"}],"replies":[{"embeddable":true,"href":"https:\/\/cdl-aragon.es\/congresosecah\/index.php\/wp-json\/wp\/v2\/comments?post=314"}],"version-history":[{"count":12,"href":"https:\/\/cdl-aragon.es\/congresosecah\/index.php\/wp-json\/wp\/v2\/pages\/314\/revisions"}],"predecessor-version":[{"id":368,"href":"https:\/\/cdl-aragon.es\/congresosecah\/index.php\/wp-json\/wp\/v2\/pages\/314\/revisions\/368"}],"wp:attachment":[{"href":"https:\/\/cdl-aragon.es\/congresosecah\/index.php\/wp-json\/wp\/v2\/media?parent=314"}],"curies":[{"name":"wp","href":"https:\/\/api.w.org\/{rel}","templated":true}]}}