{"id":220,"date":"2021-06-23T10:50:20","date_gmt":"2021-06-23T10:50:20","guid":{"rendered":"https:\/\/cdl-aragon.es\/congresosecah\/?page_id=220"},"modified":"2021-06-23T11:36:52","modified_gmt":"2021-06-23T11:36:52","slug":"politica-de-cookies","status":"publish","type":"page","link":"https:\/\/cdl-aragon.es\/congresosecah\/index.php\/politica-de-cookies\/","title":{"rendered":"Pol\u00edtica de Cookies"},"content":{"rendered":"\n<p><strong>1.- ANTECEDENTES<\/strong><\/p>\n\n\n\n<p>De conformidad con la normativa espa\u00f1ola que regula el uso de cookies, le informamos sobre las cookies utilizadas en este sitio web.&nbsp;<\/p>\n\n\n\n<p><strong>2.- \u00bfQUE SON LAS COOKIES?<\/strong><\/p>\n\n\n\n<p>Una cookie es un fichero que se descarga en el ordenador del usuario al acceder a determinadas p\u00e1ginas web y que almacenan y recuperan informaci\u00f3n cuando navega. Las cookies permiten, entre otras cosas, reconocerte como usuario, obtener informaci\u00f3n sobre los h\u00e1bitos de navegaci\u00f3n del usuario, o personalizar la forma en que se muestra el contenido. Los usos de las cookies realizado por esta p\u00e1gina web, se describen en esta Pol\u00edtica de Cookies.<\/p>\n\n\n\n<p><strong>3.- TIPOS DE COOKIES<\/strong><\/p>\n\n\n\n<p>Las cookies se pueden clasificar de la siguiente forma:<\/p>\n\n\n\n<p><strong>Cookies seg\u00fan la entidad que las gestiona<\/strong>:<\/p>\n\n\n\n<p>1.- <strong>Cookies propias<\/strong>: Son aqu\u00e9llas que se env\u00edan al equipo terminal del usuario desde un equipo o dominio gestionado por el propio editor y desde el que se presta el servicio solicitado por el usuario.<\/p>\n\n\n\n<p>2.- <strong>Cookies de terceros<\/strong>: Son aqu\u00e9llas que se env\u00edan al equipo terminal del usuario desde un equipo o dominio que no es gestionado por el editor, sino por otra entidad que trata los datos obtenidos trav\u00e9s de las cookies.<\/p>\n\n\n\n<p><strong>Cookies seg\u00fan la finalidad<\/strong>:<\/p>\n\n\n\n<p>1.- <strong>Cookies t\u00e9cnicas:<\/strong> son aquellas que permiten al usuario la navegaci\u00f3n a trav\u00e9s de una p\u00e1gina web, plataforma o aplicaci\u00f3n y la utilizaci\u00f3n de las diferentes opciones o servicios que en ella existan, incluyendo aquellas que el editor utiliza para permitir la gesti\u00f3n y operativa de la p\u00e1gina web y habilitar sus funciones y servicios.<strong>&nbsp;<\/strong><\/p>\n\n\n\n<p>2.-<strong> Cookies de preferencias o personalizaci\u00f3n:<\/strong> son aquellas que permiten recordar informaci\u00f3n para que el usuario acceda al servicio con determinadas caracter\u00edsticas que pueden diferencias su experiencia de la de otros usuarios.<\/p>\n\n\n\n<p>3.- <strong>Cookies de an\u00e1lisis o medici\u00f3n<\/strong>: Son aqu\u00e9llas que permiten al responsable de las mismas el seguimiento y an\u00e1lisis del comportamiento de los usuarios de los sitios web a los que est\u00e1n vinculadas.&nbsp;<\/p>\n\n\n\n<p>4.- <strong>Cookies de publicidad comportamental<\/strong>: Son aqu\u00e9llas que almacenan informaci\u00f3n del comportamiento de los usuarios obtenida a trav\u00e9s de la observaci\u00f3n continuada de sus h\u00e1bitos de navegaci\u00f3n, lo que permite desarrollar un perfil espec\u00edfico para mostrar publicidad en funci\u00f3n del mismo.<\/p>\n\n\n\n<p><strong>Cookies seg\u00fan el plazo de tiempo que permanecen activadas<\/strong>:<\/p>\n\n\n\n<p>1.- <strong>Cookies de sesi\u00f3n:<\/strong> son aquellas dise\u00f1adas para recabar y almacenar datos mientras el usuario accede a una p\u00e1gina web.&nbsp;<\/p>\n\n\n\n<p>2.- <strong>Cookies persistentes<\/strong>: son aquellas en las que los datos siguen almacenados en el terminal y pueden ser accedidos y tratados durante un periodo definido por el responsable de la cookie, y que puede ir de unos minutos a varios a\u00f1os.<\/p>\n\n\n\n<p><strong>4.- TIPOS DE COOKIES UTILIZADAS POR ESTE SITIO WEB<\/strong><\/p>\n\n\n\n<p>Nuestra p\u00e1gina web utiliza las siguientes cookies:<\/p>\n\n\n\n<figure class=\"wp-block-table\"><table><tbody><tr><td><strong>Nombre<\/strong><\/td><td><strong>Titularidad&nbsp;<\/strong><\/td><td><strong>&nbsp; Tipo&nbsp;<\/strong><\/td><td><strong>Caducidad<\/strong><\/td><td><strong>Finalidad<\/strong><\/td><\/tr><tr><td><br><\/td><td><br><\/td><td><br><\/td><td><br><\/td><td><br><\/td><\/tr><tr><td><br><\/td><td><br><\/td><td><br><\/td><td><br><\/td><td><br><\/td><\/tr><tr><td><br><\/td><td><br><\/td><td><br><\/td><td><br><\/td><td><br><\/td><\/tr><tr><td><br><\/td><td><br><\/td><td><br><\/td><td><br><\/td><td><br><\/td><\/tr><\/tbody><\/table><\/figure>\n\n\n\n<p>En caso de aceptar las cookies de terceros, est\u00e1s deber\u00e1n ser eliminadas desde las opciones del navegador, tal y como se describe en el punto 5 de esta pol\u00edtica o desde el sistema ofrecido por el tercero.<\/p>\n\n\n\n<p><strong>5.- REVOCACI\u00d3N Y ELIMINACI\u00d3N DE COOKIES<\/strong><\/p>\n\n\n\n<p>Cuando acceda por primera vez a nuestra web podr\u00e1 aceptar o rechazar el uso de todas nuestras cookies o si lo prefiere, podr\u00e1 acceder a la configuraci\u00f3n y aceptar las cookies atendiendo al tipo de las mismas, exceptuando las cookies t\u00e9cnicas, las cuales est\u00e1n exceptuadas de necesitar consentimiento del usuario. Podr\u00e1 cambiar sus preferencias en cualquier momento accediendo a nuestro panel de configuraci\u00f3n.<\/p>\n\n\n\n<p>Adem\u00e1s, puede acceder a la configuraci\u00f3n de su navegador para restringir, bloquear o borrar las cookies, siguiendo uno de los siguientes procedimientos, que depende del navegador que utilice:<\/p>\n\n\n\n<p><strong>Google Chrome<\/strong>&nbsp;<\/p>\n\n\n\n<figure class=\"wp-block-embed\"><div class=\"wp-block-embed__wrapper\">\nhttps:\/\/support.google.com\/chrome\/answer\/95647?hl=es\n<\/div><\/figure>\n\n\n\n<p><strong>Microsoft Internet Explorer<\/strong>&nbsp;<\/p>\n\n\n\n<p><a href=\"https:\/\/support.microsoft.com\/es-es\/help\/17442\/windows-internet-explorer-delete-manage-cookies#ie=ie-9\">http:\/\/windows.microsoft.com\/es-es\/internet-explorer\/delete-manage-cookies#ie=ie-9&nbsp;<\/a><\/p>\n\n\n\n<p><strong>Firefox<\/strong><br><a href=\"http:\/\/support.mozilla.org\/es\/kb\/habilitar-y-deshabilitar-cookies-que-los-sitios-we\">http:\/\/support.mozilla.org\/es\/kb\/habilitar-y-deshabilitar-cookies-que-los-sitios-we&nbsp;<\/a><\/p>\n\n\n\n<p><strong>Safari , iPad e iPhone<\/strong><br><a href=\"https:\/\/support.apple.com\/es-es\/HT201265\">https:\/\/support.apple.com\/es-es\/HT201265<\/a><\/p>\n\n\n\n<p><strong>Opera<\/strong><br><a href=\"http:\/\/help.opera.com\/Linux\/10.60\/es-ES\/cookies.html\">http:\/\/help.opera.com\/Linux\/10.60\/es-ES\/cookies.html&nbsp;<\/a><\/p>\n\n\n\n<p><strong>6.- TERCEROS PRESTADORES DE SERVICIOS<\/strong><\/p>\n\n\n\n<p>En concreto los terceros prestadores de servicios con los que hemos contratado alg\u00fan servicio para el que es necesario la utilizaci\u00f3n de cookies son:<\/p>\n\n\n\n<figure class=\"wp-block-table\"><table><tbody><tr><td><strong>Proveedor<\/strong><\/td><td><strong>Finalidad del Servicio y de la Cookie<\/strong><\/td><td><strong>Informaci\u00f3n del Proveedor<\/strong><\/td><\/tr><tr><td><br><\/td><td><br><\/td><td><br><\/td><\/tr><\/tbody><\/table><\/figure>\n\n\n\n<p>En caso de aceptar las cookies de terceros, est\u00e1s deber\u00e1n ser eliminadas desde las opciones del navegador, tal y como se describe en el punto 5 de esta pol\u00edtica o desde el sistema ofrecido por el tercero.<\/p>\n\n\n\n<p>Adem\u00e1s, puedes informarte de las transferencias internacionales a terceros pa\u00edses, que en su caso realizan los terceros identificados en la tabla anterior, en sus correspondientes pol\u00edticas accediendo a trav\u00e9s del enlace ubicado en \u201cinformaci\u00f3n del proveedor\u201d de la tabla anterior.<\/p>\n","protected":false},"excerpt":{"rendered":"<p>1.- ANTECEDENTES De conformidad con la normativa espa\u00f1ola que regula el uso de cookies, le informamos sobre las cookies utilizadas en este sitio web.&nbsp; 2.- \u00bfQUE SON LAS COOKIES? Una &#8230;<\/p>\n","protected":false},"author":1,"featured_media":0,"parent":0,"menu_order":0,"comment_status":"closed","ping_status":"closed","template":"","meta":{"footnotes":""},"class_list":["post-220","page","type-page","status-publish","hentry"],"_links":{"self":[{"href":"https:\/\/cdl-aragon.es\/congresosecah\/index.php\/wp-json\/wp\/v2\/pages\/220","targetHints":{"allow":["GET"]}}],"collection":[{"href":"https:\/\/cdl-aragon.es\/congresosecah\/index.php\/wp-json\/wp\/v2\/pages"}],"about":[{"href":"https:\/\/cdl-aragon.es\/congresosecah\/index.php\/wp-json\/wp\/v2\/types\/page"}],"author":[{"embeddable":true,"href":"https:\/\/cdl-aragon.es\/congresosecah\/index.php\/wp-json\/wp\/v2\/users\/1"}],"replies":[{"embeddable":true,"href":"https:\/\/cdl-aragon.es\/congresosecah\/index.php\/wp-json\/wp\/v2\/comments?post=220"}],"version-history":[{"count":1,"href":"https:\/\/cdl-aragon.es\/congresosecah\/index.php\/wp-json\/wp\/v2\/pages\/220\/revisions"}],"predecessor-version":[{"id":221,"href":"https:\/\/cdl-aragon.es\/congresosecah\/index.php\/wp-json\/wp\/v2\/pages\/220\/revisions\/221"}],"wp:attachment":[{"href":"https:\/\/cdl-aragon.es\/congresosecah\/index.php\/wp-json\/wp\/v2\/media?parent=220"}],"curies":[{"name":"wp","href":"https:\/\/api.w.org\/{rel}","templated":true}]}}