{"id":218,"date":"2021-06-23T10:47:17","date_gmt":"2021-06-23T10:47:17","guid":{"rendered":"https:\/\/cdl-aragon.es\/congresosecah\/?page_id=218"},"modified":"2021-06-23T10:51:55","modified_gmt":"2021-06-23T10:51:55","slug":"politica-de-privacidad","status":"publish","type":"page","link":"https:\/\/cdl-aragon.es\/congresosecah\/index.php\/politica-de-privacidad\/","title":{"rendered":"Pol\u00edtica de Privacidad"},"content":{"rendered":"\n<p><strong>POLITICA PRIVACIDAD<\/strong><\/p>\n\n\n\n<p>COLEGIO DE DOCTORES Y LICENCIADOS EN FILOSOFIA Y LETRAS Y EN CIENCIAS DE ARAGON en cumplimiento de lo establecido en el Reglamento General de Protecci\u00f3n de datos (RGPD 2016\/679), informa a los usuarios de la p\u00e1gina web www.cdl-aragon.es:<\/p>\n\n\n\n<p><strong>\u00bfQui\u00e9n es el responsable del tratamiento de sus datos?<\/strong><\/p>\n\n\n\n<p>Los datos que nos faciliten el usuario a trav\u00e9s de los formularios de esta p\u00e1gina web se incorporar\u00e1n a tratamientos cuyo responsable es COLEGIO DE DOCTORES Y LICENCIADOS EN FILOSOFIA Y LETRAS Y EN CIENCIAS DE ARAGON con CIF Q5068001F&nbsp; y domicilio a efectos de notificaciones en P\u00ba Fernando el Cat\u00f3lico, 50, Entlo. Dcha., 50009 de Zaragoza.<\/p>\n\n\n\n<p>Puede contactar llamando al 976554266 o a trav\u00e9s del correo electr\u00f3nico secretaria@cdl-aragon.es.<\/p>\n\n\n\n<p><strong>\u00bfQui\u00e9n es el Delegado de Protecci\u00f3n de Datos?<\/strong><\/p>\n\n\n\n<p>COLEGIO DE DOCTORES Y LICENCIADOS EN FILOSOFIA Y LETRAS Y EN CIENCIAS DE ARAGON nombra como Delegado de Protecci\u00f3n de datos a EXPLOTACI\u00d3N DE SOFTWARE INTEGRAL S.L., pudiendo contactar a trav\u00e9s del email dpo@cdl-aragon.es, indicando en el asunto \u201cCOLEGIO DE DOCTORES Y LICENCIADOS EN FILOSOFIA Y LETRAS Y EN CIENCIAS DE ARAGON\u201d y el motivo de la consulta o solicitud.<\/p>\n\n\n\n<p><strong>\u00bfCon que finalidad recogemos sus datos?<\/strong><\/p>\n\n\n\n<p>En esta p\u00e1gina web se recogen datos de car\u00e1cter personal a trav\u00e9s de diferentes formularios. Los datos solicitados en cada formulario son los necesarios para la finalidad por la cual se recogen. La finalidad de tratamiento son los siguientes:<\/p>\n\n\n\n<p>FORMULARIO DE CONTACTO:<\/p>\n\n\n\n<p>La finalidad de recogida de datos en este formulario es poder contestar las consultas planteadas y enviar al usuario la informaci\u00f3n solicitada a trav\u00e9s del correo electr\u00f3nico o tel\u00e9fono indicados en el formulario.<\/p>\n\n\n\n<p>FORMULARIO DE INSCRIPCI\u00d3N:&nbsp;<\/p>\n\n\n\n<p>La finalidad de recogida de datos en este formulario es gestionar la inscripci\u00f3n del usuario.&nbsp;<\/p>\n\n\n\n<p>CORREO ELECTRONICO:&nbsp;<\/p>\n\n\n\n<p>Si el usuario se pone en contacto a trav\u00e9s del correo electr\u00f3nico publicado en esta p\u00e1gina web, sus datos ser\u00e1n tratados para contestar las consultas planteadas y poderle enviar la informaci\u00f3n solicitada a trav\u00e9s del correo electr\u00f3nico a trav\u00e9s del cual se recibe la consulta.<\/p>\n\n\n\n<p><strong>\u00bfQu\u00e9 categor\u00eda de datos tratamos?<\/strong><\/p>\n\n\n\n<p>Los datos que se recaban, de forma enunciativa que no limitativa, se refieren a la categor\u00eda de datos identificativos, como pueden ser: Nombre y apellidos, Tel\u00e9fono, Direcci\u00f3n Postal, Empresa y Correo Electr\u00f3nico.<\/p>\n\n\n\n<p><strong>\u00bfCu\u00e1nto guardamos sus datos?<\/strong><\/p>\n\n\n\n<p>Los datos recogidos a trav\u00e9s de los formularios de nuestra p\u00e1gina web ser\u00e1n conservados mientras sean necesarios para dar cumplimiento a la finalidad por la cual fueron recogidos.<\/p>\n\n\n\n<p><strong>\u00bfRealizamos perfiles con sus datos?<\/strong><\/p>\n\n\n\n<p>No se tomar\u00e1n decisiones automatizadas ni se realizar\u00e1n perfiles.<\/p>\n\n\n\n<p><strong>\u00bfQu\u00e9 legitima el tratamiento de sus datos?<\/strong><\/p>\n\n\n\n<p>La legitimaci\u00f3n para el tratamiento de sus datos es el consentimiento expreso otorgado mediante un acto positivo y afirmativo (rellenar el formulario correspondiente y marcar la casilla de aceptaci\u00f3n de esta pol\u00edtica) en el momento de facilitarnos sus datos personales. El usuario deber\u00e1 cumplimentar los campos solicitados para poder enviar los formularios cumplimentados, si no se cumplimentan los campos indicados el usuario no podr\u00e1 enviarlos.<\/p>\n\n\n\n<p>El tratamiento de datos enviados a trav\u00e9s del correo publicado en la web est\u00e1 legitimado por el inter\u00e9s leg\u00edtimo de nuestra empresa de responder a las comunicaciones recibidas.<\/p>\n\n\n\n<p><strong>\u00bfA qui\u00e9n cedemos sus datos?<\/strong><\/p>\n\n\n\n<p>No se prev\u00e9n cesiones de datos a excepci\u00f3n de las autorizadas por la legislaci\u00f3n fiscal, mercantil y de telecomunicaciones, as\u00ed como en aquellos casos en los que una autoridad judicial nos lo requiera.<\/p>\n\n\n\n<p><strong>\u00bfQu\u00e9 terceros prestan servicios en esta web?<\/strong><\/p>\n\n\n\n<p>Para el desarrollo de esta p\u00e1gina web se utilizan los siguientes proveedores de servicios:<\/p>\n\n\n\n<p>Hosting: Los servidores donde est\u00e1 alojada nuestra p\u00e1gina web est\u00e1n ubicados en la UE. Utiliza protocolos seguros con lo que la comunicaci\u00f3n de datos se hace a trav\u00e9s de canal cifrado.<\/p>\n\n\n\n<p><strong>\u00bfQu\u00e9 derechos tiene y como ejercerlos?<\/strong><\/p>\n\n\n\n<p>El usuario tiene derecho a acceder a sus datos personales, a solicitar la rectificaci\u00f3n de los que sean inexactos, as\u00ed como a su supresi\u00f3n cuando, entre otros motivos, ya no sean necesarios para los fines que fueron recogidos. En determinadas circunstancias, tambi\u00e9n podr\u00e1 solicitar la limitaci\u00f3n de su tratamiento, en cuyo caso \u00fanicamente se conservar\u00e1n para el ejercicio o la defensa de reclamaciones, as\u00ed como pedir la portabilidad de sus datos. Por motivos relacionados con su situaci\u00f3n particular, podr\u00e1 oponerse al tratamiento de los mismos y COLEGIO DE DOCTORES Y LICENCIADOS EN FILOSOFIA Y LETRAS Y EN CIENCIAS DE ARAGON dejar\u00e1 de tratarlos, salvo por motivos leg\u00edtimos imperiosos, o el ejercicio o la defensa de posibles reclamaciones.&nbsp;<\/p>\n\n\n\n<p>El solicitante podr\u00e1 revocar los consentimientos prestados en cualquier momento. El solicitante podr\u00e1 ejercer sus derechos a trav\u00e9s del correo electr\u00f3nico dpo@cdl-aragon.es o en las oficinas situadas en P\u00ba Fernando el Cat\u00f3lico, 50, Entlo. Dcha., 50009 de Zaragoza, adjuntando fotocopia del DNI e indicando el derecho que ejercita. Ud. tambi\u00e9n podr\u00e1 presentar una reclamaci\u00f3n ante la Agencia Espa\u00f1ola de Protecci\u00f3n de Datos.<\/p>\n\n\n\n<p><strong>\u00bfQu\u00e9 medidas de seguridad tenemos implantadas?<\/strong><\/p>\n\n\n\n<p>Dentro de nuestro compromiso por garantizar la seguridad y confidencialidad de sus datos de car\u00e1cter personal, le informamos que se han adoptado las medidas de \u00edndole t\u00e9cnica y organizativas necesarias para garantizar la seguridad de los datos de car\u00e1cter personal y evitar su alteraci\u00f3n, p\u00e9rdida, tratamiento o acceso no autorizado, habida cuenta del estado de la tecnolog\u00eda, la naturaleza de los datos almacenados y los riesgos a que est\u00e9n expuestos, seg\u00fan el Art. 32 del RGPD EU 679\/2016.<\/p>\n\n\n\n<p><strong>\u00bfC\u00f3mo funcionan nuestras redes sociales?<\/strong><\/p>\n\n\n\n<p>A trav\u00e9s de nuestras redes sociales puedes compartir nuestros contenidos o dejarnos tus comentarios, fotos o v\u00eddeos, siempre que sean del inter\u00e9s para toda la comunidad.<\/p>\n\n\n\n<p>Nuestras redes sociales est\u00e1n constantemente supervisadas con el fin de atender vuestras preguntas y comentarios en el menor tiempo posible.<\/p>\n\n\n\n<p>Queremos que sea un espacio del que todos disfrutemos, por lo que es importante que entre todos respetemos unas normas de convivencia:<\/p>\n\n\n\n<ol class=\"wp-block-list\"><li>T\u00fa eres el responsable de los contenidos que publiques, no caigas en la violaci\u00f3n de cualquier derecho, ley o reglamento.<\/li><\/ol>\n\n\n\n<ol class=\"wp-block-list\" start=\"2\"><li>Cuida la redacci\u00f3n y el tono, evita publicar cualquier informaci\u00f3n abusiva, difamatoria u obscena.<\/li><\/ol>\n\n\n\n<ol class=\"wp-block-list\" start=\"3\"><li>Respeta el derecho a la privacidad, no hagas comentarios il\u00edcitos, ofensivos o discriminatorios sobre terceros.<\/li><\/ol>\n\n\n\n<ol class=\"wp-block-list\" start=\"4\"><li>Evita comentarios fraudulentos, enga\u00f1osos o que puedan inducir al error.<\/li><\/ol>\n\n\n\n<ol class=\"wp-block-list\" start=\"5\"><li>No permitimos el spam, ni los mensajes comerciales o publicitarios, no queremos mensajes repetitivos.<\/li><\/ol>\n\n\n\n<ol class=\"wp-block-list\" start=\"6\"><li>No mantendremos conversaciones con perfiles que podamos considerar como falsos.<\/li><\/ol>\n\n\n\n<p>Por favor, ten en cuenta que el contenido publicado por los seguidores en nuestras p\u00e1ginas no necesariamente refleja el punto de vista de nuestra empresa.<\/p>\n\n\n\n<p>Si tus comentarios no cumplen las \u2018Normas de la casa\u2019, podr\u00e1n ser eliminados, ocultados o bloqueados. Cualquiera que publique contenidos no permitidos ser\u00e1 bloqueado de la comunidad.<\/p>\n\n\n\n<p>Nos reservamos el derecho a modificar estas normas en cualquier momento y sin previo aviso.<\/p>\n","protected":false},"excerpt":{"rendered":"<p>POLITICA PRIVACIDAD COLEGIO DE DOCTORES Y LICENCIADOS EN FILOSOFIA Y LETRAS Y EN CIENCIAS DE ARAGON en cumplimiento de lo establecido en el Reglamento General de Protecci\u00f3n de datos (RGPD &#8230;<\/p>\n","protected":false},"author":1,"featured_media":0,"parent":0,"menu_order":0,"comment_status":"closed","ping_status":"closed","template":"","meta":{"footnotes":""},"class_list":["post-218","page","type-page","status-publish","hentry"],"_links":{"self":[{"href":"https:\/\/cdl-aragon.es\/congresosecah\/index.php\/wp-json\/wp\/v2\/pages\/218","targetHints":{"allow":["GET"]}}],"collection":[{"href":"https:\/\/cdl-aragon.es\/congresosecah\/index.php\/wp-json\/wp\/v2\/pages"}],"about":[{"href":"https:\/\/cdl-aragon.es\/congresosecah\/index.php\/wp-json\/wp\/v2\/types\/page"}],"author":[{"embeddable":true,"href":"https:\/\/cdl-aragon.es\/congresosecah\/index.php\/wp-json\/wp\/v2\/users\/1"}],"replies":[{"embeddable":true,"href":"https:\/\/cdl-aragon.es\/congresosecah\/index.php\/wp-json\/wp\/v2\/comments?post=218"}],"version-history":[{"count":2,"href":"https:\/\/cdl-aragon.es\/congresosecah\/index.php\/wp-json\/wp\/v2\/pages\/218\/revisions"}],"predecessor-version":[{"id":222,"href":"https:\/\/cdl-aragon.es\/congresosecah\/index.php\/wp-json\/wp\/v2\/pages\/218\/revisions\/222"}],"wp:attachment":[{"href":"https:\/\/cdl-aragon.es\/congresosecah\/index.php\/wp-json\/wp\/v2\/media?parent=218"}],"curies":[{"name":"wp","href":"https:\/\/api.w.org\/{rel}","templated":true}]}}