{"id":105,"date":"2021-06-04T11:04:39","date_gmt":"2021-06-04T11:04:39","guid":{"rendered":"https:\/\/cdl-aragon.es\/congresosecah\/?page_id=105"},"modified":"2021-06-23T08:35:13","modified_gmt":"2021-06-23T08:35:13","slug":"actas","status":"publish","type":"page","link":"https:\/\/cdl-aragon.es\/congresosecah\/index.php\/actas\/","title":{"rendered":"Actas"},"content":{"rendered":"\n<p><strong>Publicaci\u00f3n de las ponencias, comunicaciones y p\u00f3steres<\/strong><\/p>\n\n\n\n<p>La publicaci\u00f3n de las comunicaciones y p\u00f3steres est\u00e1 condicionada a su defensa en la secci\u00f3n correspondiente. El texto para su publicaci\u00f3n deber\u00e1 enviarse a la Secretar\u00eda del Congreso (<a href=\"mailto:congresosecah@cdl-aragon.es\">congresosecah@cdl-aragon.es<\/a>) antes del <strong>17 de octubre de 2022<\/strong>, debiendo ajustarse a las normas establecidas por la SECAH para sus publicaciones:<\/p>\n\n\n\n<p><a href=\"https:\/\/www.exofficinahispana.org\/wp-content\/uploads\/2018\/10\/norma_publicacion.pdf\">https:\/\/www.exofficinahispana.org\/wp-content\/uploads\/2018\/10\/norma_publicacion.pdf<\/a><\/p>\n\n\n\n<p><\/p>\n\n\n\n<figure class=\"wp-block-table\"><table><tbody><tr><td><br>\ufeff<\/td><td>Extensi\u00f3n m\u00e1xima de p\u00e1ginas (sin incluir ilustraciones)<\/td><td>N.\u00ba de im\u00e1genes m\u00e1ximas &nbsp;(planos, dibujos y fotograf\u00edas)<\/td><\/tr><tr><td>PONENCIA<\/td><td>25<\/td><td>15<\/td><\/tr><tr><td>COMUNICACI\u00d3N<\/td><td>15<\/td><td>10<\/td><\/tr><tr><td>P\u00d3STER<\/td><td>10<\/td><td>5<\/td><\/tr><\/tbody><\/table><\/figure>\n","protected":false},"excerpt":{"rendered":"<p>Normativa de publicaci\u00f3n<\/p>\n","protected":false},"author":1,"featured_media":0,"parent":0,"menu_order":0,"comment_status":"closed","ping_status":"closed","template":"","meta":{"footnotes":""},"class_list":["post-105","page","type-page","status-publish","hentry"],"_links":{"self":[{"href":"https:\/\/cdl-aragon.es\/congresosecah\/index.php\/wp-json\/wp\/v2\/pages\/105","targetHints":{"allow":["GET"]}}],"collection":[{"href":"https:\/\/cdl-aragon.es\/congresosecah\/index.php\/wp-json\/wp\/v2\/pages"}],"about":[{"href":"https:\/\/cdl-aragon.es\/congresosecah\/index.php\/wp-json\/wp\/v2\/types\/page"}],"author":[{"embeddable":true,"href":"https:\/\/cdl-aragon.es\/congresosecah\/index.php\/wp-json\/wp\/v2\/users\/1"}],"replies":[{"embeddable":true,"href":"https:\/\/cdl-aragon.es\/congresosecah\/index.php\/wp-json\/wp\/v2\/comments?post=105"}],"version-history":[{"count":3,"href":"https:\/\/cdl-aragon.es\/congresosecah\/index.php\/wp-json\/wp\/v2\/pages\/105\/revisions"}],"predecessor-version":[{"id":158,"href":"https:\/\/cdl-aragon.es\/congresosecah\/index.php\/wp-json\/wp\/v2\/pages\/105\/revisions\/158"}],"wp:attachment":[{"href":"https:\/\/cdl-aragon.es\/congresosecah\/index.php\/wp-json\/wp\/v2\/media?parent=105"}],"curies":[{"name":"wp","href":"https:\/\/api.w.org\/{rel}","templated":true}]}}