{"id":103,"date":"2021-06-04T11:04:25","date_gmt":"2021-06-04T11:04:25","guid":{"rendered":"https:\/\/cdl-aragon.es\/congresosecah\/?page_id=103"},"modified":"2021-09-09T08:21:05","modified_gmt":"2021-09-09T08:21:05","slug":"poster","status":"publish","type":"page","link":"https:\/\/cdl-aragon.es\/congresosecah\/index.php\/poster\/","title":{"rendered":"P\u00f3ster"},"content":{"rendered":"\n<p id=\"block-c9925749-ed5b-4687-be0f-7f95c54d0f26\">Las propuestas de comunicaciones y p\u00f3steres deber\u00e1n remitirse antes del <strong>15 de septiembre de 2021<\/strong> mediante el bolet\u00edn de inscripci\u00f3n que se encuentra en:\u00a0<a href=\"https:\/\/cdl-aragon.es\/congresosecah\/wp-content\/uploads\/2021\/06\/BOLETINSECAH.pdf\">BOLETINSECAH<\/a>\u00a0en el que se deber\u00e1 indicar el t\u00edtulo, autor\/es y filiaci\u00f3n de los mismo, cuota, etc., y un resumen de entre 500 y 1000 palabras.<\/p>\n\n\n\n<p id=\"block-13eb2d5c-25fd-4b47-a1e2-8fbc3a9fa12c\">Con el objeto de dar cabida al mayor n\u00famero de participantes posibles, solo se admitir\u00e1 una comunicaci\u00f3n, o un poster, m\u00e1ximo por inscripci\u00f3n. Para que se acepte la comunicaci\u00f3n y el p\u00f3ster deber\u00e1n estar inscritos sus autores en el congreso.<\/p>\n\n\n\n<p><strong>P\u00f3ster presencial<\/strong>: El p\u00f3ster ser\u00e1 impreso por la organizaci\u00f3n para unificar criterios de presentaci\u00f3n en formato x-banner. Por ello si selecciona este formato como presentaci\u00f3n de su comunicaci\u00f3n, ser\u00e1 necesario abonar a la&nbsp;organizaci\u00f3n 30\u20ac&nbsp;por coste de edici\u00f3n y soporte. El \u00faltimo d\u00eda del Congreso, deber\u00e1 ser retirado por cada responsable del p\u00f3ster.<\/p>\n\n\n\n<p>&#8211; Tama\u00f1o de imagen: 68&#215;135 cms.<\/p>\n\n\n\n<p>&#8211; Orientaci\u00f3n: vertical.<\/p>\n\n\n\n<p>&#8211; Fuente: Times New Roman. T\u00edtulo: 48p; Autor\/Instituci\u00f3n: 36p.; Texto: no menor de 24p.<\/p>\n\n\n\n<p>En la parte superior central del p\u00f3ster deber\u00e1 aparecer la siguiente informaci\u00f3n: t\u00edtulo, autor e instituci\u00f3n\/empresa.<\/p>\n\n\n\n<p>El p\u00f3ster ser\u00e1 enviado en formato JPG, teniendo en cuenta que la resoluci\u00f3n del archivo ser\u00e1 a 100ppp y a tama\u00f1o real [Escala 1:1]. Perfiles de colores: RGB: [Adobe RGB] y CMYK: [Coated FOGRA39].<\/p>\n\n\n\n<p><strong>P\u00f3ster online:&nbsp;<\/strong>Se subir\u00e1 a la p\u00e1gina web del Congreso y se expondr\u00e1n directamente mediante videoconferencia en la \u00faltima sesi\u00f3n del Congreso, abri\u00e9ndose un chat para las preguntas y el debate. En esta modalidad no hay un coste a\u00f1adido, solo se deber\u00e1 estar inscrito en el Congreso.<\/p>\n\n\n\n<p><strong>El Comit\u00e9 Cient\u00edfico del Congreso proceder\u00e1 a la selecci\u00f3n de las propuestas y comunicar\u00e1 su aceptaci\u00f3n antes del 29 de octubre mediante correo electr\u00f3nico y publicaci\u00f3n en la p\u00e1gina web del Congreso<\/strong>:\u00a0<a href=\"http:\/\/www.cdl.aragon.es\/congresosecah\">www.cdl-aragon.es\/congresosecah<\/a><\/p>\n","protected":false},"excerpt":{"rendered":"<p>Propuesta de comunicaci\u00f3n en formato p\u00f3ster<\/p>\n","protected":false},"author":1,"featured_media":0,"parent":0,"menu_order":0,"comment_status":"closed","ping_status":"closed","template":"","meta":{"footnotes":""},"class_list":["post-103","page","type-page","status-publish","hentry"],"_links":{"self":[{"href":"https:\/\/cdl-aragon.es\/congresosecah\/index.php\/wp-json\/wp\/v2\/pages\/103","targetHints":{"allow":["GET"]}}],"collection":[{"href":"https:\/\/cdl-aragon.es\/congresosecah\/index.php\/wp-json\/wp\/v2\/pages"}],"about":[{"href":"https:\/\/cdl-aragon.es\/congresosecah\/index.php\/wp-json\/wp\/v2\/types\/page"}],"author":[{"embeddable":true,"href":"https:\/\/cdl-aragon.es\/congresosecah\/index.php\/wp-json\/wp\/v2\/users\/1"}],"replies":[{"embeddable":true,"href":"https:\/\/cdl-aragon.es\/congresosecah\/index.php\/wp-json\/wp\/v2\/comments?post=103"}],"version-history":[{"count":5,"href":"https:\/\/cdl-aragon.es\/congresosecah\/index.php\/wp-json\/wp\/v2\/pages\/103\/revisions"}],"predecessor-version":[{"id":412,"href":"https:\/\/cdl-aragon.es\/congresosecah\/index.php\/wp-json\/wp\/v2\/pages\/103\/revisions\/412"}],"wp:attachment":[{"href":"https:\/\/cdl-aragon.es\/congresosecah\/index.php\/wp-json\/wp\/v2\/media?parent=103"}],"curies":[{"name":"wp","href":"https:\/\/api.w.org\/{rel}","templated":true}]}}