{"id":101,"date":"2021-06-04T11:04:13","date_gmt":"2021-06-04T11:04:13","guid":{"rendered":"https:\/\/cdl-aragon.es\/congresosecah\/?page_id=101"},"modified":"2021-09-09T08:20:17","modified_gmt":"2021-09-09T08:20:17","slug":"comunicacion-oral","status":"publish","type":"page","link":"https:\/\/cdl-aragon.es\/congresosecah\/index.php\/comunicacion-oral\/","title":{"rendered":"Comunicaci\u00f3n oral"},"content":{"rendered":"\n<p id=\"block-c9925749-ed5b-4687-be0f-7f95c54d0f26\">Las propuestas de comunicaciones y p\u00f3steres deber\u00e1n remitirse antes del <strong>15 de octubre de 2021<\/strong> mediante el bolet\u00edn de inscripci\u00f3n que se encuentra en:\u00a0<a href=\"https:\/\/cdl-aragon.es\/congresosecah\/wp-content\/uploads\/2021\/06\/BOLETINSECAH.pdf\">BOLETINSECAH<\/a>\u00a0en el que se deber\u00e1 indicar el t\u00edtulo, autor\/es y filiaci\u00f3n de los mismo, cuota, etc., y un resumen de entre 500 y 1000 palabras.<\/p>\n\n\n\n<p id=\"block-13eb2d5c-25fd-4b47-a1e2-8fbc3a9fa12c\">Con el objeto de dar cabida al mayor n\u00famero de participantes posibles, solo se admitir\u00e1 una comunicaci\u00f3n, o un poster, m\u00e1ximo por inscripci\u00f3n. Para que se acepte la comunicaci\u00f3n y el p\u00f3ster deber\u00e1n estar inscritos sus autores en el congreso.<\/p>\n\n\n\n<p><strong>El Comit\u00e9 Cient\u00edfico del Congreso proceder\u00e1 a la selecci\u00f3n de las propuestas y comunicar\u00e1 su aceptaci\u00f3n antes del 29 de octubre mediante correo electr\u00f3nico y publicaci\u00f3n en la p\u00e1gina web del Congreso<\/strong>:\u00a0<a href=\"http:\/\/www.cdl.aragon.es\/congresosecah\">www.cdl-aragon.es\/congresosecah<\/a><\/p>\n","protected":false},"excerpt":{"rendered":"<p>Propuestas de comunicaciones orales<\/p>\n","protected":false},"author":1,"featured_media":0,"parent":0,"menu_order":0,"comment_status":"closed","ping_status":"closed","template":"","meta":{"footnotes":""},"class_list":["post-101","page","type-page","status-publish","hentry"],"_links":{"self":[{"href":"https:\/\/cdl-aragon.es\/congresosecah\/index.php\/wp-json\/wp\/v2\/pages\/101","targetHints":{"allow":["GET"]}}],"collection":[{"href":"https:\/\/cdl-aragon.es\/congresosecah\/index.php\/wp-json\/wp\/v2\/pages"}],"about":[{"href":"https:\/\/cdl-aragon.es\/congresosecah\/index.php\/wp-json\/wp\/v2\/types\/page"}],"author":[{"embeddable":true,"href":"https:\/\/cdl-aragon.es\/congresosecah\/index.php\/wp-json\/wp\/v2\/users\/1"}],"replies":[{"embeddable":true,"href":"https:\/\/cdl-aragon.es\/congresosecah\/index.php\/wp-json\/wp\/v2\/comments?post=101"}],"version-history":[{"count":6,"href":"https:\/\/cdl-aragon.es\/congresosecah\/index.php\/wp-json\/wp\/v2\/pages\/101\/revisions"}],"predecessor-version":[{"id":410,"href":"https:\/\/cdl-aragon.es\/congresosecah\/index.php\/wp-json\/wp\/v2\/pages\/101\/revisions\/410"}],"wp:attachment":[{"href":"https:\/\/cdl-aragon.es\/congresosecah\/index.php\/wp-json\/wp\/v2\/media?parent=101"}],"curies":[{"name":"wp","href":"https:\/\/api.w.org\/{rel}","templated":true}]}}