{"id":82,"date":"2021-05-31T16:32:22","date_gmt":"2021-05-31T16:32:22","guid":{"rendered":"https:\/\/cdl-aragon.es\/capa\/?page_id=82"},"modified":"2025-11-18T15:32:18","modified_gmt":"2025-11-18T15:32:18","slug":"normativa-de-participacion","status":"publish","type":"page","link":"https:\/\/cdl-aragon.es\/capa\/index.php\/normativa-de-participacion\/","title":{"rendered":"Normativa de participaci\u00f3n"},"content":{"rendered":"\n<div class=\"wp-block-cover alignwide is-light is-position-center-center\" style=\"min-height:375px;aspect-ratio:unset;\"><img loading=\"lazy\" decoding=\"async\" width=\"741\" height=\"1024\" class=\"wp-block-cover__image-background wp-image-1161 size-large\" alt=\"\" src=\"https:\/\/cdl-aragon.es\/capa\/wp-content\/uploads\/2025\/03\/Portada_v3-copia-002-741x1024.jpg\" data-object-fit=\"cover\" srcset=\"https:\/\/cdl-aragon.es\/capa\/wp-content\/uploads\/2025\/03\/Portada_v3-copia-002-741x1024.jpg 741w, https:\/\/cdl-aragon.es\/capa\/wp-content\/uploads\/2025\/03\/Portada_v3-copia-002-217x300.jpg 217w, https:\/\/cdl-aragon.es\/capa\/wp-content\/uploads\/2025\/03\/Portada_v3-copia-002-768x1061.jpg 768w, https:\/\/cdl-aragon.es\/capa\/wp-content\/uploads\/2025\/03\/Portada_v3-copia-002-1112x1536.jpg 1112w, https:\/\/cdl-aragon.es\/capa\/wp-content\/uploads\/2025\/03\/Portada_v3-copia-002-1483x2048.jpg 1483w, https:\/\/cdl-aragon.es\/capa\/wp-content\/uploads\/2025\/03\/Portada_v3-copia-002-scaled.jpg 1854w\" sizes=\"auto, (max-width: 741px) 100vw, 741px\" \/><span aria-hidden=\"true\" class=\"wp-block-cover__background has-background-dim-20 has-background-dim\" style=\"background-color:#b4a49b\"><\/span><div class=\"wp-block-cover__inner-container is-layout-flow wp-block-cover-is-layout-flow\">\n<p class=\"has-text-align-center has-text-color\" style=\"color:#fffffa;font-size:92px;line-height:1.1\"><strong>Normativa<\/strong><\/p>\n<\/div><\/div>\n\n\n\n<p class=\"has-white-color has-vivid-cyan-blue-background-color has-text-color has-background\"><strong><em>Normativa de participaci\u00f3n<\/em><\/strong><\/p>\n\n\n\n<p class=\"has-normal-font-size\">Est\u00e1n previstos&nbsp;<strong>dos<\/strong>&nbsp;<strong>tipos&nbsp;<\/strong>de presentaciones<\/p>\n\n\n\n<ul class=\"wp-block-list\">\n<li><strong>Comunicaci\u00f3n oral<\/strong>&nbsp;presencial.<\/li>\n\n\n\n<li><strong>Comunicaci\u00f3n p\u00f3ster<\/strong>. Posibilidad de realizar una presentaci\u00f3n en formato x-baneer, de 80 x 180 cms. La impresi\u00f3n correr\u00e1 a cargo del titular de la comunicaci\u00f3n. Se facilitar\u00e1 una plantilla para el dise\u00f1o de la imagen y su entrega para la impresi\u00f3n se realizar\u00e1 antes del 26 de Noviembre<\/li>\n<\/ul>\n\n\n\n<p class=\"has-normal-font-size\"><\/p>\n\n\n\n<p class=\"has-vivid-cyan-blue-color has-text-color has-medium-font-size\"><strong>Comunicaci\u00f3n oral<\/strong><\/p>\n\n\n\n<ul class=\"wp-block-list\">\n<li>Cada comunicaci\u00f3n tiene un tiempo asignado de&nbsp;<strong>10 minutos<\/strong>.<\/li>\n\n\n\n<li>Los ponentes podr\u00e1n disponer de un&nbsp;<strong>ordenador<\/strong>&nbsp;en la mesa central, donde volcar\u00e1n sus&nbsp;presentaciones. Para un buen funcionamiento del evento, rogamos a las personas que realicen su intervenci\u00f3n, que&nbsp;<strong>faciliten su usb<\/strong>&nbsp;antes de cada sesi\u00f3n o manden la presentaci\u00f3n a secretaria@cdl-aragon.es, siempre antes del d\u00eda 24 de noviembre de 2025.<\/li>\n\n\n\n<li>El&nbsp;<strong>formato de presentaci\u00f3n<\/strong>&nbsp;aconsejamos que sea un PowerPoint, si&nbsp;son presentaciones din\u00e1micas, o pdf. si son est\u00e1ticas. Queremos indicar una alerta&nbsp;a las personas que utilizan ordenadores Mac para trabajar, ya que sus formatos&nbsp;suelen dar problemas de compatibilidad. Si es vuestro caso, rogamos que al guardar la presentaci\u00f3n, sea en un formato ppt. En cualquier caso, si hubiese alg\u00fan despiste o incidencia, llevaremos un ordenado Mac, por si tuvi\u00e9ramos que transformar archivos en el \u00faltimo momento.<br>Si opt\u00e1is por reproducir alg\u00fan video, ruego nos lo comuniqu\u00e9is. Se admite cualquier tipo de formato.<\/li>\n\n\n\n<li>Os enviaremos una i<strong>magen en jpg. para incluir c\u00f3mo inicio&nbsp;de la presentaci\u00f3n<\/strong>&nbsp;para dar homogeneidad e imagen de marca al Congreso.<\/li>\n<\/ul>\n\n\n\n<div class=\"wp-block-buttons is-layout-flex wp-block-buttons-is-layout-flex\">\n<div class=\"wp-block-button\"><a class=\"wp-block-button__link has-white-color has-vivid-cyan-blue-background-color has-text-color has-background has-link-color wp-element-button\" href=\"https:\/\/cdl-aragon.es\/capa\/wp-content\/uploads\/2025\/11\/IVCAPA.pptx\">Presentaci\u00f3n en PowerPoint<\/a><\/div>\n\n\n\n<div class=\"wp-block-button\"><a class=\"wp-block-button__link has-white-color has-vivid-cyan-blue-background-color has-text-color has-background has-link-color wp-element-button\" href=\"https:\/\/cdl-aragon.es\/capa\/wp-content\/uploads\/2023\/11\/logotipos-scaled.jpg\">Banner logotipos<\/a><\/div>\n\n\n\n<div class=\"wp-block-button is-style-fill\"><a class=\"wp-block-button__link has-white-color has-vivid-cyan-blue-background-color has-text-color has-background has-link-color wp-element-button\" href=\"https:\/\/cdl-aragon.es\/capa\/wp-content\/uploads\/2025\/11\/Portada_v3-copia-003.jpg\" target=\"_blank\" rel=\"noreferrer noopener\">Logotipo<\/a><\/div>\n<\/div>\n\n\n\n<p class=\"has-vivid-cyan-blue-color has-text-color has-medium-font-size\"><strong>Comunicaci\u00f3n p\u00f3ster<\/strong><\/p>\n\n\n\n<p>Para realizar los p\u00f3steres deberan seguir las siguientes instrucciones:<\/p>\n\n\n\n<ul class=\"wp-block-list\">\n<li>P\u00f3ster presencial: El p\u00f3ster ser\u00e1 impreso por la organizaci\u00f3n para unificar criterios de presentaci\u00f3n en formato x-banner. El \u00faltimo d\u00eda del Congreso, deber\u00e1 ser retirado por cada responsable del p\u00f3ster.<\/li>\n\n\n\n<li>Tama\u00f1o de imagen a entregar: 65\u00d7130 cm.<\/li>\n\n\n\n<li>Tama\u00f1o del p\u00f3ster:80&#215;200<\/li>\n\n\n\n<li>Orientaci\u00f3n: vertical.<\/li>\n\n\n\n<li>Fuente: Times New Roman. T\u00edtulo: 48p; Autor\/Instituci\u00f3n: 36p.; Texto: no menor de 24p.<\/li>\n\n\n\n<li>En la parte superior central del p\u00f3ster deber\u00e1 aparecer la siguiente informaci\u00f3n: t\u00edtulo, autor e instituci\u00f3n\/empresa.<\/li>\n\n\n\n<li>El p\u00f3ster ser\u00e1 enviado en formato JPG, teniendo en cuenta que la resoluci\u00f3n del archivo ser\u00e1 a 100ppp y a tama\u00f1o real [Escala 1:1]. Perfiles de colores: RGB: [Adobe RGB] y CMYK: [Coated FOGRA39].<\/li>\n<\/ul>\n\n\n\n<div class=\"wp-block-buttons is-layout-flex wp-block-buttons-is-layout-flex\">\n<div class=\"wp-block-button\"><a class=\"wp-block-button__link wp-element-button\" href=\"https:\/\/cdl-aragon.es\/capa\/wp-content\/uploads\/2025\/11\/PLANTILLA-POSTER_VI-CAPA-2025_2.0-scaled.png\">Modelo plantilla p\u00f3ster<\/a><\/div>\n<\/div>\n\n\n\n<p class=\"has-vivid-cyan-blue-color has-text-color has-medium-font-size\"><strong>INSTRUCCIONES PARA EL ENV\u00cdO DE&nbsp;RES\u00daMENES<\/strong><\/p>\n\n\n\n<p class=\"has-normal-font-size\">A efectos de la presentaci\u00f3n de los RES\u00daMENES se deber\u00e1 cumplimentar la plantilla que se podr\u00e1 descargar en el enlace:&nbsp;<\/p>\n\n\n\n<div class=\"wp-block-file\"><a id=\"wp-block-file--media-337569d9-b221-46fa-b9fe-425cece7372a\" href=\"https:\/\/cdl-aragon.es\/capa\/wp-content\/uploads\/2025\/09\/resumen_capa_2025.doc\">resumen_capa_2025<\/a><a href=\"https:\/\/cdl-aragon.es\/capa\/wp-content\/uploads\/2025\/09\/resumen_capa_2025.doc\" class=\"wp-block-file__button wp-element-button\" download aria-describedby=\"wp-block-file--media-337569d9-b221-46fa-b9fe-425cece7372a\">Descarga<\/a><\/div>\n\n\n\n<p>Cada resumen tendr\u00e1 que contener la siguiente informaci\u00f3n:<\/p>\n\n\n\n<ul class=\"wp-block-list\">\n<li>T\u00edtulo<\/li>\n\n\n\n<li>Autor principal<\/li>\n\n\n\n<li>Otros autores<\/li>\n\n\n\n<li>Tem\u00e1tica del Congreso<\/li>\n\n\n\n<li>Tel\u00e9fono de contacto<\/li>\n\n\n\n<li>Email de contacto<\/li>\n\n\n\n<li>Resumen de entre 300-500 palabras (espa\u00f1ol e ingl\u00e9s)<\/li>\n\n\n\n<li>5 etiquetas, palabras clave, m\u00e1ximo (espa\u00f1ol e ingl\u00e9s)<\/li>\n<\/ul>\n\n\n\n<p class=\"has-normal-font-size\">Una vez cumplimentada, guarde el archivo bajo el nombre: RESUMEN+nombre y apellidos primer autor (Ejemplo: RESUMEN_Dolores_Garcia_Dies.doc), y env\u00edelo por correo electr\u00f3nico a la direcci\u00f3n secretaria@cdl-aragon.es o arqueologia@cdl-aragon.es. La fecha m\u00e1xima para el env\u00edo de res\u00famenes ser\u00e1 el&nbsp;<strong>30 de septiembre de 2025<\/strong>.<\/p>\n\n\n\n<div class=\"wp-block-group is-nowrap is-layout-flex wp-container-core-group-is-layout-ad2f72ca wp-block-group-is-layout-flex\">\n<p class=\"has-normal-font-size\">Una vez finalizado el congreso, deber\u00e1n ser enviados los originales a la anterior direcci\u00f3n para su publicaci\u00f3n definitiva, cuyo contenido ser\u00e1 sometido al proceso denominado \u00abrevisi\u00f3n por pares\u00bb (<em>peer review<\/em>), por el Comit\u00e9 Cient\u00edfico y\/o expertos externos, en el plazo que se establezca,.<\/p>\n<\/div>\n\n\n\n<p class=\"has-vivid-cyan-blue-color has-text-color has-medium-font-size\"><strong>INSTRUCCIONES PARA EL ENV\u00cdO DE&nbsp;ORIGINALES<\/strong><\/p>\n\n\n\n<div class=\"wp-block-buttons is-layout-flex wp-block-buttons-is-layout-flex\">\n<div class=\"wp-block-button is-style-fill\"><a class=\"wp-block-button__link has-vivid-cyan-blue-background-color has-background wp-element-button\" href=\"https:\/\/cdl-aragon.es\/capa\/wp-content\/uploads\/2025\/10\/Estructur-y-formato-de-las-comunicaciones-para-su-publicacion-1.pdf\" target=\"_blank\" rel=\"noreferrer noopener\">Estructura y formato de los originales<\/a><\/div>\n\n\n\n<div class=\"wp-block-button\"><a class=\"wp-block-button__link has-vivid-cyan-blue-background-color has-background wp-element-button\" href=\"https:\/\/cdl-aragon.es\/capa\/wp-content\/uploads\/2025\/10\/plantilla-articulos-_CAPA2025.docx\" target=\"_blank\" rel=\"noreferrer noopener\">Modelo para original<\/a><\/div>\n<\/div>\n\n\n\n<p><\/p>\n","protected":false},"excerpt":{"rendered":"<p>Normativa de participaci\u00f3n Est\u00e1n previstos&nbsp;dos&nbsp;tipos&nbsp;de presentaciones Comunicaci\u00f3n oral Comunicaci\u00f3n p\u00f3ster Para realizar los p\u00f3steres deberan seguir las siguientes instrucciones: INSTRUCCIONES PARA EL ENV\u00cdO DE&nbsp;RES\u00daMENES A efectos de la presentaci\u00f3n de &#8230;<\/p>\n","protected":false},"author":1,"featured_media":0,"parent":0,"menu_order":0,"comment_status":"closed","ping_status":"closed","template":"","meta":{"_monsterinsights_skip_tracking":false,"_monsterinsights_sitenote_active":false,"_monsterinsights_sitenote_note":"","_monsterinsights_sitenote_category":0,"footnotes":""},"class_list":["post-82","page","type-page","status-publish","hentry"],"_links":{"self":[{"href":"https:\/\/cdl-aragon.es\/capa\/index.php\/wp-json\/wp\/v2\/pages\/82","targetHints":{"allow":["GET"]}}],"collection":[{"href":"https:\/\/cdl-aragon.es\/capa\/index.php\/wp-json\/wp\/v2\/pages"}],"about":[{"href":"https:\/\/cdl-aragon.es\/capa\/index.php\/wp-json\/wp\/v2\/types\/page"}],"author":[{"embeddable":true,"href":"https:\/\/cdl-aragon.es\/capa\/index.php\/wp-json\/wp\/v2\/users\/1"}],"replies":[{"embeddable":true,"href":"https:\/\/cdl-aragon.es\/capa\/index.php\/wp-json\/wp\/v2\/comments?post=82"}],"version-history":[{"count":57,"href":"https:\/\/cdl-aragon.es\/capa\/index.php\/wp-json\/wp\/v2\/pages\/82\/revisions"}],"predecessor-version":[{"id":1349,"href":"https:\/\/cdl-aragon.es\/capa\/index.php\/wp-json\/wp\/v2\/pages\/82\/revisions\/1349"}],"wp:attachment":[{"href":"https:\/\/cdl-aragon.es\/capa\/index.php\/wp-json\/wp\/v2\/media?parent=82"}],"curies":[{"name":"wp","href":"https:\/\/api.w.org\/{rel}","templated":true}]}}