{"id":129,"date":"2021-06-01T10:55:20","date_gmt":"2021-06-01T10:55:20","guid":{"rendered":"https:\/\/cdl-aragon.es\/capa\/?page_id=129"},"modified":"2025-11-26T20:40:02","modified_gmt":"2025-11-26T20:40:02","slug":"programa","status":"publish","type":"page","link":"https:\/\/cdl-aragon.es\/capa\/index.php\/programa\/","title":{"rendered":"Programa"},"content":{"rendered":"\n<h3 class=\"wp-block-heading has-vivid-cyan-blue-color has-text-color\"><a href=\"https:\/\/cdl-aragon.es\/capa\/index.php\/listado-de-comunicaciones-aceptadas\/\">Listado de comunicaciones aceptadas para el VI CAPA <\/a><\/h3>\n\n\n\n<h3 class=\"wp-block-heading\" style=\"font-size:0px\"><\/h3>\n\n\n\n<p class=\"has-white-color has-vivid-cyan-blue-background-color has-text-color has-background has-medium-font-size\"><strong>27 de noviembre<\/strong><\/p>\n\n\n\n<h2 class=\"wp-block-heading\">Francisco Marco: Conferencia inaugural<\/h2>\n\n\n\n<p>&nbsp;&nbsp;&nbsp;&nbsp;&nbsp;&nbsp;&nbsp;&nbsp;&nbsp;&nbsp;&nbsp;&nbsp;&nbsp;&nbsp;&nbsp;&nbsp;&nbsp;&nbsp;&nbsp;&nbsp;&nbsp;&nbsp;&nbsp;&nbsp;&nbsp;&nbsp;&nbsp;&nbsp;&nbsp;&nbsp;&nbsp;&nbsp;&nbsp;&nbsp;&nbsp;<\/p>\n\n\n\n<p class=\"has-text-align-center has-medium-font-size\"><strong>La magia en el templo: Arqueolog\u00eda y religi\u00f3n instrumental en el Occidente latino<\/strong><\/p>\n\n\n<div class=\"wp-block-image\">\n<figure class=\"aligncenter size-large is-resized\"><img loading=\"lazy\" decoding=\"async\" width=\"768\" height=\"1024\" src=\"https:\/\/cdl-aragon.es\/capa\/wp-content\/uploads\/2025\/06\/FMS_Bomarzo-768x1024.jpg\" alt=\"\" class=\"wp-image-1229\" style=\"width:300px\" srcset=\"https:\/\/cdl-aragon.es\/capa\/wp-content\/uploads\/2025\/06\/FMS_Bomarzo-768x1024.jpg 768w, https:\/\/cdl-aragon.es\/capa\/wp-content\/uploads\/2025\/06\/FMS_Bomarzo-225x300.jpg 225w, https:\/\/cdl-aragon.es\/capa\/wp-content\/uploads\/2025\/06\/FMS_Bomarzo-1152x1536.jpg 1152w, https:\/\/cdl-aragon.es\/capa\/wp-content\/uploads\/2025\/06\/FMS_Bomarzo-rotated.jpg 1512w\" sizes=\"auto, (max-width: 768px) 100vw, 768px\" \/><\/figure>\n<\/div>\n\n\n<div class=\"wp-block-group is-nowrap is-layout-flex wp-container-core-group-is-layout-ad2f72ca wp-block-group-is-layout-flex\">\n<p class=\"has-text-align-left\">La escultura del Atis funerario hallada en la Villa Fortunatus de Fraga constituye uno de los ejemplos m\u00e1s importantes de la estatuaria en el Arag\u00f3n romano (cabezas de la misma divinidad aparecen en un relieve del mausoleo de Sofuentes). La menci\u00f3n de Atis, junto con Cibeles, en diversas tablillas execratorias de plomo (<em>defixiones<\/em>) halladas en el santuario de Isis y Mater Magna, excavado en Maguncia (<em>Mogontiacum<\/em>, la capital de la provincia de Germania Superior), ha sido una novedad de gran inter\u00e9s en la arqueolog\u00eda religiosa reciente. La constataci\u00f3n de la pr\u00e1ctica de rituales m\u00e1gico-religiosos en el interior de los santuarios se atestigua igualmente en otros dos centros esenciales de informaci\u00f3n: el templo de Sulis Minerva en Bath y el de Anna Perenna en Roma. Estas aportaciones arqueol\u00f3gicas han renovado de forma sustancial nuestro conocimiento sobre los comportamientos rituales en la Antig\u00fcedad y, de paso, han cuestionado de forma definitiva la gran dicotom\u00eda \u201cmagia\/religi\u00f3n\u201d establecida en la historiograf\u00eda tradicional.<\/p>\n<\/div>\n\n\n\n<div class=\"wp-block-buttons is-layout-flex wp-block-buttons-is-layout-flex\">\n<div class=\"wp-block-button\"><a class=\"wp-block-button__link has-text-align-center wp-element-button\" href=\"https:\/\/cdl-aragon.es\/capa\/wp-content\/uploads\/2025\/11\/HORARIOS_VICAPA2025-002.pdf\">HORARIOS VI CAPA 2025 <\/a><\/div>\n<\/div>\n\n\n\n<hr class=\"wp-block-separator has-css-opacity is-style-default\"\/>\n\n\n\n<figure class=\"wp-block-image size-full\"><img loading=\"lazy\" decoding=\"async\" width=\"2560\" height=\"522\" src=\"https:\/\/cdl-aragon.es\/capa\/wp-content\/uploads\/2025\/06\/Apaisado-corregido-003-scaled.jpg\" alt=\"\" class=\"wp-image-1169\" srcset=\"https:\/\/cdl-aragon.es\/capa\/wp-content\/uploads\/2025\/06\/Apaisado-corregido-003-scaled.jpg 2560w, https:\/\/cdl-aragon.es\/capa\/wp-content\/uploads\/2025\/06\/Apaisado-corregido-003-300x61.jpg 300w, https:\/\/cdl-aragon.es\/capa\/wp-content\/uploads\/2025\/06\/Apaisado-corregido-003-1024x209.jpg 1024w, https:\/\/cdl-aragon.es\/capa\/wp-content\/uploads\/2025\/06\/Apaisado-corregido-003-768x156.jpg 768w, https:\/\/cdl-aragon.es\/capa\/wp-content\/uploads\/2025\/06\/Apaisado-corregido-003-1536x313.jpg 1536w, https:\/\/cdl-aragon.es\/capa\/wp-content\/uploads\/2025\/06\/Apaisado-corregido-003-2048x417.jpg 2048w\" sizes=\"auto, (max-width: 2560px) 100vw, 2560px\" \/><\/figure>\n\n\n\n<p><\/p>\n","protected":false},"excerpt":{"rendered":"<p>Listado de comunicaciones aceptadas para el VI CAPA 27 de noviembre Francisco Marco: Conferencia inaugural &nbsp;&nbsp;&nbsp;&nbsp;&nbsp;&nbsp;&nbsp;&nbsp;&nbsp;&nbsp;&nbsp;&nbsp;&nbsp;&nbsp;&nbsp;&nbsp;&nbsp;&nbsp;&nbsp;&nbsp;&nbsp;&nbsp;&nbsp;&nbsp;&nbsp;&nbsp;&nbsp;&nbsp;&nbsp;&nbsp;&nbsp;&nbsp;&nbsp;&nbsp;&nbsp; La magia en el templo: Arqueolog\u00eda y religi\u00f3n instrumental en el Occidente latino La &#8230;<\/p>\n","protected":false},"author":1,"featured_media":0,"parent":0,"menu_order":0,"comment_status":"closed","ping_status":"closed","template":"","meta":{"_monsterinsights_skip_tracking":false,"_monsterinsights_sitenote_active":false,"_monsterinsights_sitenote_note":"","_monsterinsights_sitenote_category":0,"footnotes":""},"class_list":["post-129","page","type-page","status-publish","hentry"],"_links":{"self":[{"href":"https:\/\/cdl-aragon.es\/capa\/index.php\/wp-json\/wp\/v2\/pages\/129","targetHints":{"allow":["GET"]}}],"collection":[{"href":"https:\/\/cdl-aragon.es\/capa\/index.php\/wp-json\/wp\/v2\/pages"}],"about":[{"href":"https:\/\/cdl-aragon.es\/capa\/index.php\/wp-json\/wp\/v2\/types\/page"}],"author":[{"embeddable":true,"href":"https:\/\/cdl-aragon.es\/capa\/index.php\/wp-json\/wp\/v2\/users\/1"}],"replies":[{"embeddable":true,"href":"https:\/\/cdl-aragon.es\/capa\/index.php\/wp-json\/wp\/v2\/comments?post=129"}],"version-history":[{"count":37,"href":"https:\/\/cdl-aragon.es\/capa\/index.php\/wp-json\/wp\/v2\/pages\/129\/revisions"}],"predecessor-version":[{"id":1363,"href":"https:\/\/cdl-aragon.es\/capa\/index.php\/wp-json\/wp\/v2\/pages\/129\/revisions\/1363"}],"wp:attachment":[{"href":"https:\/\/cdl-aragon.es\/capa\/index.php\/wp-json\/wp\/v2\/media?parent=129"}],"curies":[{"name":"wp","href":"https:\/\/api.w.org\/{rel}","templated":true}]}}