{"id":1222,"date":"2025-06-13T11:12:28","date_gmt":"2025-06-13T11:12:28","guid":{"rendered":"https:\/\/cdl-aragon.es\/capa\/?page_id=1222"},"modified":"2025-06-13T11:12:29","modified_gmt":"2025-06-13T11:12:29","slug":"presentacion-vi-capa","status":"publish","type":"page","link":"https:\/\/cdl-aragon.es\/capa\/index.php\/presentacion-vi-capa\/","title":{"rendered":"Presentaci\u00f3n VI CAPA"},"content":{"rendered":"\n<div class=\"wp-block-cover alignwide is-position-center-center\" style=\"min-height:375px;aspect-ratio:unset;\"><img loading=\"lazy\" decoding=\"async\" width=\"2560\" height=\"1714\" class=\"wp-block-cover__image-background wp-image-110\" alt=\"\" src=\"https:\/\/cdl-aragon.es\/capa\/wp-content\/uploads\/2021\/06\/DSC_0769-scaled.jpg\" style=\"object-position:40% 70%\" data-object-fit=\"cover\" data-object-position=\"40% 70%\" srcset=\"https:\/\/cdl-aragon.es\/capa\/wp-content\/uploads\/2021\/06\/DSC_0769-scaled.jpg 2560w, https:\/\/cdl-aragon.es\/capa\/wp-content\/uploads\/2021\/06\/DSC_0769-300x201.jpg 300w, https:\/\/cdl-aragon.es\/capa\/wp-content\/uploads\/2021\/06\/DSC_0769-1024x685.jpg 1024w, https:\/\/cdl-aragon.es\/capa\/wp-content\/uploads\/2021\/06\/DSC_0769-768x514.jpg 768w, https:\/\/cdl-aragon.es\/capa\/wp-content\/uploads\/2021\/06\/DSC_0769-1536x1028.jpg 1536w, https:\/\/cdl-aragon.es\/capa\/wp-content\/uploads\/2021\/06\/DSC_0769-2048x1371.jpg 2048w\" sizes=\"auto, (max-width: 2560px) 100vw, 2560px\" \/><span aria-hidden=\"true\" class=\"wp-block-cover__background has-background-dim-20 has-background-dim\"><\/span><div class=\"wp-block-cover__inner-container is-layout-flow wp-block-cover-is-layout-flow\">\n<p class=\"has-text-align-center has-text-color\" style=\"color:#fffffa;font-size:74px;line-height:1.1\"><strong>VI CAPA<\/strong><\/p>\n<\/div><\/div>\n\n\n\n<p class=\"has-white-color has-vivid-cyan-blue-background-color has-text-color has-background has-normal-font-size\"><strong><em>VI Congreso de Arqueolog\u00eda y Patrimonio Aragon\u00e9s<\/em><\/strong><\/p>\n\n\n\n<p class=\"has-normal-font-size\"><\/p>\n\n\n\n<h5 class=\"wp-block-heading has-white-color has-vivid-cyan-blue-background-color has-text-color has-background\">L\u00edneas tem\u00e1ticas<\/h5>\n\n\n\n<ul class=\"wp-block-list\">\n<li>Bloque 1: Prehistoria<\/li>\n\n\n\n<li>Bloque 2: Arqueolog\u00eda Cl\u00e1sica <\/li>\n\n\n\n<li>Bloque 3: Arqueolog\u00eda Medieval, Industrial, Urbana, Preventiva y Memoria Hist\u00f3rica<\/li>\n\n\n\n<li>Bloque 4: Patrimonio, Difusi\u00f3n, Did\u00e1ctica, Museos y Legislaci\u00f3n.<\/li>\n<\/ul>\n\n\n\n<p class=\"has-normal-font-size\">Todas las comunicaciones inscritas y editadas en las preactas podr\u00e1n solicitar su certificado de participaci\u00f3n y optar a la publicaci\u00f3n de las mismas en las Actas del Congreso.<\/p>\n\n\n\n<p class=\"has-vivid-cyan-blue-color has-text-color has-normal-font-size\"><strong>La inscripci\u00f3n al mismo ser\u00e1 gratuita<\/strong> <strong>y obligatoria para participantes con comunicaci\u00f3n y asistentes.<\/strong><\/p>\n\n\n\n<p class=\"has-normal-font-size\"><strong><em>Para los estudiantes:<\/em><\/strong><\/p>\n\n\n\n<p class=\"has-normal-font-size\">La Universidad de Zaragoza reconoce el Congreso con 0,5 cr\u00e9ditos ECTS dentro de sus programa de Actividades Universitaria Culturales y Complementarias.<\/p>\n\n\n\n<p class=\"has-normal-font-size\">\u2013 Tendr\u00e1n validez pr\u00e1ctica en las asignaturas del Grado en Historia impartidas por las \u00e1reas de Prehistoria y Arqueolog\u00eda.<\/p>\n\n\n\n<p class=\"has-normal-font-size\">\u2013 Se incluye como actividad complementaria del M\u00e1ster de Mundo Antiguo y Patrimonio Arqueol\u00f3gico.<\/p>\n\n\n\n<p class=\"has-normal-font-size\">\u2013 Se incluye como actividad formativa de la Escuela de Doctorado.<\/p>\n\n\n\n<ul class=\"wp-block-list\">\n<li>Los certificados de asistencia ser\u00e1n emitidos por la organizaci\u00f3n a petici\u00f3n de los profesores responsables que ser\u00e1n quienes establezcan los requisitos, teniendo en cuenta que no es posible&nbsp; el control presencial establecido en ediciones anteriores.<\/li>\n<\/ul>\n","protected":false},"excerpt":{"rendered":"<p>VI Congreso de Arqueolog\u00eda y Patrimonio Aragon\u00e9s L\u00edneas tem\u00e1ticas Todas las comunicaciones inscritas y editadas en las preactas podr\u00e1n solicitar su certificado de participaci\u00f3n y optar a la publicaci\u00f3n de &#8230;<\/p>\n","protected":false},"author":1,"featured_media":0,"parent":0,"menu_order":0,"comment_status":"closed","ping_status":"closed","template":"","meta":{"_monsterinsights_skip_tracking":false,"_monsterinsights_sitenote_active":false,"_monsterinsights_sitenote_note":"","_monsterinsights_sitenote_category":0,"footnotes":""},"class_list":["post-1222","page","type-page","status-publish","hentry"],"_links":{"self":[{"href":"https:\/\/cdl-aragon.es\/capa\/index.php\/wp-json\/wp\/v2\/pages\/1222","targetHints":{"allow":["GET"]}}],"collection":[{"href":"https:\/\/cdl-aragon.es\/capa\/index.php\/wp-json\/wp\/v2\/pages"}],"about":[{"href":"https:\/\/cdl-aragon.es\/capa\/index.php\/wp-json\/wp\/v2\/types\/page"}],"author":[{"embeddable":true,"href":"https:\/\/cdl-aragon.es\/capa\/index.php\/wp-json\/wp\/v2\/users\/1"}],"replies":[{"embeddable":true,"href":"https:\/\/cdl-aragon.es\/capa\/index.php\/wp-json\/wp\/v2\/comments?post=1222"}],"version-history":[{"count":1,"href":"https:\/\/cdl-aragon.es\/capa\/index.php\/wp-json\/wp\/v2\/pages\/1222\/revisions"}],"predecessor-version":[{"id":1223,"href":"https:\/\/cdl-aragon.es\/capa\/index.php\/wp-json\/wp\/v2\/pages\/1222\/revisions\/1223"}],"wp:attachment":[{"href":"https:\/\/cdl-aragon.es\/capa\/index.php\/wp-json\/wp\/v2\/media?parent=1222"}],"curies":[{"name":"wp","href":"https:\/\/api.w.org\/{rel}","templated":true}]}}