{"id":1183,"date":"2025-06-11T06:58:28","date_gmt":"2025-06-11T06:58:28","guid":{"rendered":"https:\/\/cdl-aragon.es\/capa\/?page_id=1183"},"modified":"2025-12-04T13:57:46","modified_gmt":"2025-12-04T13:57:46","slug":"vi-capa","status":"publish","type":"page","link":"https:\/\/cdl-aragon.es\/capa\/","title":{"rendered":""},"content":{"rendered":"\n<p class=\"has-text-align-center has-vivid-cyan-blue-color has-text-color has-link-color has-x-large-font-size wp-elements-cc5ad135c3bc6b5d1219a59579736419\">VI Congreso de Arqueolog\u00eda y Patrimonio Aragon\u00e9s<\/p>\n\n\n\n<p class=\"has-text-align-center has-vivid-cyan-blue-color has-text-color has-link-color has-x-large-font-size wp-elements-658ba718a1048b7a691eebafd0de1eb7\"><strong>27 y 28 de noviembre de 2025<\/strong><\/p>\n\n\n\n<p><\/p>\n\n\n\n<p><\/p>\n\n\n\n<div class=\"wp-block-cover\"><img loading=\"lazy\" decoding=\"async\" width=\"2560\" height=\"1627\" class=\"wp-block-cover__image-background wp-image-1185\" alt=\"Facultad de Filosof\u00eda y Letras de Zaragoza. Foto: Rub\u00e9n Besc\u00f3s.\" src=\"https:\/\/cdl-aragon.es\/capa\/wp-content\/uploads\/2025\/06\/FACULTAD-DE-FILOSOFIA-UNIZAR-128-scaled.jpg\" data-object-fit=\"cover\" srcset=\"https:\/\/cdl-aragon.es\/capa\/wp-content\/uploads\/2025\/06\/FACULTAD-DE-FILOSOFIA-UNIZAR-128-scaled.jpg 2560w, https:\/\/cdl-aragon.es\/capa\/wp-content\/uploads\/2025\/06\/FACULTAD-DE-FILOSOFIA-UNIZAR-128-300x191.jpg 300w, https:\/\/cdl-aragon.es\/capa\/wp-content\/uploads\/2025\/06\/FACULTAD-DE-FILOSOFIA-UNIZAR-128-1024x651.jpg 1024w, https:\/\/cdl-aragon.es\/capa\/wp-content\/uploads\/2025\/06\/FACULTAD-DE-FILOSOFIA-UNIZAR-128-768x488.jpg 768w, https:\/\/cdl-aragon.es\/capa\/wp-content\/uploads\/2025\/06\/FACULTAD-DE-FILOSOFIA-UNIZAR-128-1536x976.jpg 1536w, https:\/\/cdl-aragon.es\/capa\/wp-content\/uploads\/2025\/06\/FACULTAD-DE-FILOSOFIA-UNIZAR-128-2048x1302.jpg 2048w\" sizes=\"auto, (max-width: 2560px) 100vw, 2560px\" \/><span aria-hidden=\"true\" class=\"wp-block-cover__background has-background-dim\"><\/span><div class=\"wp-block-cover__inner-container is-layout-flow wp-block-cover-is-layout-flow\">\n<p class=\"has-text-align-center has-white-color has-text-color has-link-color has-x-large-font-size wp-elements-5c70f2146fef95287c956fd2ce71882b\"><strong><a href=\"https:\/\/docs.google.com\/forms\/d\/e\/1FAIpQLSdTEb_P7iPRLT9J3WJWzBDk2c9SqdA35VsUnwixvjQ01xVRaQ\/viewform?usp=dialog\">Inscripciones<\/a><\/strong><\/p>\n<\/div><\/div>\n\n\n\n<p class=\"has-text-align-center has-vivid-cyan-blue-color has-text-color has-link-color has-large-font-size wp-elements-d7bbacd12fe71d6facde7f6ae5917bdc\"><\/p>\n\n\n\n<div class=\"wp-block-buttons is-content-justification-center is-layout-flex wp-container-core-buttons-is-layout-16018d1d wp-block-buttons-is-layout-flex\">\n<div class=\"wp-block-button\"><a class=\"wp-block-button__link wp-element-button\" href=\"https:\/\/cdl-aragon.es\/capa\/index.php\/listado-de-comunicaciones-aceptadas\/\">LISTADO DE COMUNICACIONES ACEPTADOS<\/a><\/div>\n<\/div>\n\n\n\n<p class=\"has-text-align-center\"><a href=\"https:\/\/cdl-aragon.es\/capa\/index.php\/microrrelatos\/\" data-type=\"page\" data-id=\"1378\">MICRORRELATOS DE ARQUEOLOG\u00cdA<\/a><\/p>\n\n\n\n<p><\/p>\n","protected":false},"excerpt":{"rendered":"<p>VI Congreso de Arqueolog\u00eda y Patrimonio Aragon\u00e9s 27 y 28 de noviembre de 2025 MICRORRELATOS DE ARQUEOLOG\u00cdA<\/p>\n","protected":false},"author":1,"featured_media":0,"parent":0,"menu_order":0,"comment_status":"closed","ping_status":"closed","template":"","meta":{"_monsterinsights_skip_tracking":false,"_monsterinsights_sitenote_active":false,"_monsterinsights_sitenote_note":"","_monsterinsights_sitenote_category":0,"footnotes":""},"class_list":["post-1183","page","type-page","status-publish","hentry"],"_links":{"self":[{"href":"https:\/\/cdl-aragon.es\/capa\/index.php\/wp-json\/wp\/v2\/pages\/1183","targetHints":{"allow":["GET"]}}],"collection":[{"href":"https:\/\/cdl-aragon.es\/capa\/index.php\/wp-json\/wp\/v2\/pages"}],"about":[{"href":"https:\/\/cdl-aragon.es\/capa\/index.php\/wp-json\/wp\/v2\/types\/page"}],"author":[{"embeddable":true,"href":"https:\/\/cdl-aragon.es\/capa\/index.php\/wp-json\/wp\/v2\/users\/1"}],"replies":[{"embeddable":true,"href":"https:\/\/cdl-aragon.es\/capa\/index.php\/wp-json\/wp\/v2\/comments?post=1183"}],"version-history":[{"count":15,"href":"https:\/\/cdl-aragon.es\/capa\/index.php\/wp-json\/wp\/v2\/pages\/1183\/revisions"}],"predecessor-version":[{"id":1384,"href":"https:\/\/cdl-aragon.es\/capa\/index.php\/wp-json\/wp\/v2\/pages\/1183\/revisions\/1384"}],"wp:attachment":[{"href":"https:\/\/cdl-aragon.es\/capa\/index.php\/wp-json\/wp\/v2\/media?parent=1183"}],"curies":[{"name":"wp","href":"https:\/\/api.w.org\/{rel}","templated":true}]}}