{"id":1040,"date":"2023-10-23T08:28:34","date_gmt":"2023-10-23T08:28:34","guid":{"rendered":"https:\/\/cdl-aragon.es\/capa\/?page_id=1040"},"modified":"2025-12-04T12:53:09","modified_gmt":"2025-12-04T12:53:09","slug":"memoria-historica","status":"publish","type":"page","link":"https:\/\/cdl-aragon.es\/capa\/index.php\/memoria-historica\/","title":{"rendered":"Memoria Hist\u00f3rica"},"content":{"rendered":"\n<p><\/p>\n\n\n\n<ol class=\"wp-block-list\">\n<li><strong><em>LAS MOLEJAS: UN ESTUDIO APROXIMADO SOBRE LAS POSICIONES DEFENSIVAS ENAZUARA<\/em><\/strong>.<\/li>\n<\/ol>\n\n\n\n<p><em>Autor principal&nbsp;<strong>Erik Salvador Artigas<\/strong><\/em>.<\/p>\n\n\n\n<p>El descubrimiento de nuevos hallazgos en las investigaciones sobre la Guerra Civil Espa\u00f1ola en el t\u00e9rmino municipal de Azuara ha proporcionado importantes datos e informaci\u00f3n del conflicto, facilitando la localizaci\u00f3n e identificaci\u00f3n del conjunto de vestigios arqueol\u00f3gicos fortificados en la localidad. Entre los diferentes enclaves defensivos situados en el sector norte, destaca la posici\u00f3n denominada Las Molejas, que compone la segunda l\u00ednea fortificada de Azuara. Esta ubicaci\u00f3n constituye una de las principales huellas de la contienda b\u00e9lica del municipio. M\u00e1s concretamente, est\u00e1 situada en una loma, en la cota 620, a 650 metros del pueblo, controlando la carretera CV-303 direcci\u00f3n Belchite. Este emplazamiento, cuya fecha exacta de edificaci\u00f3n se desconoce, destaca por sus caracter\u00edsticas constructivas, localizaci\u00f3n, dimensiones y proximidad con el frente de guerra, adem\u00e1s de su papel en ofensivas como la de Belchite y Zaragoza.<\/p>\n\n\n\n<p>Asimismo, cabe destacar la \u00f3ptima disposici\u00f3n que la orograf\u00eda del terreno presenta respecto a su construcci\u00f3n. Seg\u00fan informes documentales, su realizaci\u00f3n estuvo a cargo del 25 Batall\u00f3n de Obras y Fortificaciones del XII Cuerpo de Ej\u00e9rcito destacado en Azuara. Esta corresponde<\/p>\n\n\n\n<p>con el periodo de estabilizaci\u00f3n del frente y fortificaci\u00f3n de posiciones. Los trabajos del Batall\u00f3n durante esta etapa no se centraron exclusivamente en el t\u00e9rmino municipal, sino en la fortificaci\u00f3n de otras posiciones en Mediana de Arag\u00f3n, Fuendetodos, Eras Bajas y Santo.<\/p>\n\n\n\n<p>La aportaci\u00f3n de investigadores e historiadores, adem\u00e1s de fuentes archiv\u00edsticas documentales y orales han arrojado informaci\u00f3n muy relevante acerca del papel que tuvieron estas posiciones en el escenario de retaguardia. Por ende, estos descubrimientos han permitido elaborar un mapa preciso y detallado del desarrollo de los combates que concluyeron con la toma de la localidad por el ej\u00e9rcito sublevado durante la primera fase de la Ofensiva de Arag\u00f3n. En definitiva, se trata de un estudio multidisciplinar del conjunto de vestigios arqueol\u00f3gicos. En consecuencia, la puesta en valor de estos enclaves y el conocimiento del impacto que tuvo el conflicto en, Azuara personifica los objetivos de su intervenci\u00f3n.<\/p>\n\n\n\n<p><strong><em>Palabras clave: Azuara, Guerra Civil Espa\u00f1ola, vestigios arqueol\u00f3gicos, posici\u00f3n defensiva.<\/em><\/strong><\/p>\n\n\n\n<p><\/p>\n\n\n\n<p><strong>LAS POSICIONES REPUBLICANAS DE LA LOMA DE LA SOLANA (CA\u00d1ADA VELLIDA, TERUEL).<\/strong><\/p>\n\n\n\n<p>Autor principal<strong>&nbsp;Rub\u00e9n S\u00e1ez Abad&nbsp;<\/strong><em>junto con el autor<\/em><strong>&nbsp;Javier Ib\u00e1\u00f1ez Gonz\u00e1lez.<\/strong><\/p>\n\n\n\n<p><em>En la Loma de la Solana (Ca\u00f1ada Vellida) se conserva un extenso y complejo sistema de posiciones fortificadas republicanas, destinado a cerrar la principal v\u00eda de acceso desde Teruel a las Cuencas Mineras y el Bajo Arag\u00f3n. Se extiende por m\u00e1s de 33 ha de superficie e integra l\u00edneas kilom\u00e9tricas de trincheras, decenas de grandes depresiones (algunas de m\u00e1s de 50 m<sup>2<\/sup>&nbsp;de superficie) y cientos de puestos y otras construcciones m\u00e1s peque\u00f1as que forman una especie de \u201corlas\u201d de m\u00e1s de 500 m de longitud. Tambi\u00e9n hay varios emplazamientos fortificados independientes a modo de \u201creductos\u201d circulares de m\u00e1s de 40 m de di\u00e1metro, cuyas trincheras no enlazan con las l\u00edneas principales.<\/em><\/p>\n\n\n\n<p><em>Las excavaciones arqueol\u00f3gicas se han centrado en tres de los sectores de la extensa loma.<\/em><\/p>\n\n\n\n<ul class=\"wp-block-list\">\n<li><strong><em>LS-1.\u00a0<\/em><\/strong><em>Conjunto muy extenso, que comprende m\u00e1s de un centenar de estructuras, diferenci\u00e1ndose dos sectores: el oriental, m\u00e1s reducido y que responde al modelo habitual (ramales de trincheras con puestos de ametralladora o pozos de tirador en vanguardia, y con almacenes y espacios de vida a retaguardia); y el central y occidental, con estructuras dispersas que no est\u00e1n comunicadas entre s\u00ed mediante trincheras. Se trata de una posici\u00f3n inconclusa, en la que se construyeron sus puestos principales, pero no sus comunicaciones.<\/em><\/li>\n\n\n\n<li><strong><em>LS-2.\u00a0<\/em><\/strong><em>Amplio recinto cuya planta recuerda a una \u201ctela de ara\u00f1a\u201d. No estaba comunicaba con ninguna otra posici\u00f3n, lo que le permit\u00eda operar de forma independiente. Estaba protegida por una trinchera excavada en la cantera rocosa con un parapeto de mamposter\u00eda en seco. Presenta aspilleras a la altura del suelo en su frente m\u00e1s expuesto, elemento inhabitual en este tipo de posiciones. Dentro del recinto se han excavado arqueol\u00f3gicamente un total de 12 espacios, incluido el puesto de mando.<\/em><\/li>\n\n\n\n<li><strong><em>LS-6.\u00a0<\/em><\/strong><em>Es la posici\u00f3n m\u00e1s antigua. Se fue ampliando con la construcci\u00f3n de nuevas estructuras interiores en funci\u00f3n de las necesidades. Este crecimiento no planificado, hasta comprender 30 puestos excavados en su interior (m\u00e1s varios puestos avanzados en los puntos m\u00e1s expuestos), le confiere un aspecto laber\u00edntico. Este conjunto actuaba como un n\u00facleo de defensa independiente, protegido con una trinchera y un parapeto de mamposter\u00eda en seco y comunicado mediante una trinchera con otra posici\u00f3n m\u00e1s peque\u00f1a, situada a 400 m de distancia.<\/em><\/li>\n<\/ul>\n\n\n\n<p><strong><em>Palabras clave: guerra Civil, trincheras, Loma de la Solana.<\/em><\/strong><\/p>\n\n\n\n<p><\/p>\n\n\n\n<p>&nbsp;<strong>LAS FOSAS COMUNES DEL CEMENTERIO DE BELCHITE:LOCALIZACI\u00d3N DE LAS FOSAS 11 Y 12.<\/strong><\/p>\n\n\n\n<p><em>Autor principal de&nbsp;<strong>Jose Ignacio Lorenzo Lizalde<\/strong>&nbsp;junto con el autor&nbsp;<\/em><strong><em>Hugo Chaut\u00f3n P\u00e9rez<\/em><\/strong><\/p>\n\n\n\n<p>En 2024 prosiguieron los trabajos de localizaci\u00f3n de v\u00edctimas en el cementerio de Belchite, En diferentes localizaciones del cementerio se localiz\u00f3 la fosa 11 que conternia 3 cuerpos con claras se\u00f1ales de haber sido objeto de asesinato. En otra punta del cementerio se localiz\u00f3 otra fosa con al menos e v\u00edctimas amontonas, una sobre otra con claras evidencias de haber sido objeto de asesinato e intento de ser ocultadas.<\/p>\n\n\n\n<p><em><strong>Palabras clave: Fosas comunes de 1936 en Belchite. Represi\u00f3n en Belchite.<\/strong><\/em><\/p>\n\n\n\n<p><\/p>\n\n\n\n<p><strong>ARQUEOLOG\u00cdA SIN MEMORIA: IMPACTOS DE LA DEROGACI\u00d3N DE LA LEY 14\/2018 DE MEMORIA DEMOCR\u00c1TICA DE ARAG\u00d3N EN LAS INVESTIGACIONES FORENSES SOBRE LA REPRESI\u00d3N FRANQUISTA<\/strong>.<\/p>\n\n\n\n<p><em>Autor principal&nbsp;<strong>Hugo Chaut\u00f3n P\u00e9rez<\/strong><\/em>.<\/p>\n\n\n\n<p>La derogaci\u00f3n en 2024 de la Ley 14\/2018 de Memoria Democr\u00e1tica de Arag\u00f3n ha abierto un escenario de incertidumbre institucional que afecta de manera directa a las investigaciones forenses sobre la represi\u00f3n franquista. Su anulaci\u00f3n no solo ha interrumpido la cooperaci\u00f3n entre administraciones, universidades y asociaciones de memoria, sino que ha devuelto la gesti\u00f3n de los procesos de exhumaci\u00f3n al terreno de la arbitrariedad pol\u00edtica. Esta situaci\u00f3n plantea un riesgo grave para la autonom\u00eda cient\u00edfica y la integridad metodol\u00f3gica de las disciplinas implicadas.<\/p>\n\n\n\n<p>El trabajo aborda la creciente injerencia de los poderes pol\u00edticos en el control de la investigaci\u00f3n sobre el pasado reciente y denuncia la tendencia a reescribir la historia seg\u00fan los intereses ideol\u00f3gicos del presente. Frente a esta deriva, se reivindica la independencia de la ciencia como garant\u00eda de verdad, especialmente en campos donde la evidencia arqueol\u00f3gica y antropol\u00f3gica forense constituye una prueba material de la violencia y la represi\u00f3n.<\/p>\n\n\n\n<p>Se analizan las consecuencias patrimoniales, \u00e9ticas y sociales de este retroceso normativo, y se propone una reflexi\u00f3n sobre el papel del investigador como agente cr\u00edtico y garante de la verdad hist\u00f3rica. En un contexto de desmemoria institucional y manipulaci\u00f3n pol\u00edtica, la arqueolog\u00eda de la represi\u00f3n se configura como un acto de resistencia epistemol\u00f3gica que defiende la autonom\u00eda del conocimiento frente al revisionismo y la negaci\u00f3n del pasado.<\/p>\n","protected":false},"excerpt":{"rendered":"<p>Autor principal&nbsp;Erik Salvador Artigas. El descubrimiento de nuevos hallazgos en las investigaciones sobre la Guerra Civil Espa\u00f1ola en el t\u00e9rmino municipal de Azuara ha proporcionado importantes datos e informaci\u00f3n del &#8230;<\/p>\n","protected":false},"author":1,"featured_media":0,"parent":0,"menu_order":0,"comment_status":"closed","ping_status":"closed","template":"","meta":{"_monsterinsights_skip_tracking":false,"_monsterinsights_sitenote_active":false,"_monsterinsights_sitenote_note":"","_monsterinsights_sitenote_category":0,"footnotes":""},"class_list":["post-1040","page","type-page","status-publish","hentry"],"_links":{"self":[{"href":"https:\/\/cdl-aragon.es\/capa\/index.php\/wp-json\/wp\/v2\/pages\/1040","targetHints":{"allow":["GET"]}}],"collection":[{"href":"https:\/\/cdl-aragon.es\/capa\/index.php\/wp-json\/wp\/v2\/pages"}],"about":[{"href":"https:\/\/cdl-aragon.es\/capa\/index.php\/wp-json\/wp\/v2\/types\/page"}],"author":[{"embeddable":true,"href":"https:\/\/cdl-aragon.es\/capa\/index.php\/wp-json\/wp\/v2\/users\/1"}],"replies":[{"embeddable":true,"href":"https:\/\/cdl-aragon.es\/capa\/index.php\/wp-json\/wp\/v2\/comments?post=1040"}],"version-history":[{"count":4,"href":"https:\/\/cdl-aragon.es\/capa\/index.php\/wp-json\/wp\/v2\/pages\/1040\/revisions"}],"predecessor-version":[{"id":1371,"href":"https:\/\/cdl-aragon.es\/capa\/index.php\/wp-json\/wp\/v2\/pages\/1040\/revisions\/1371"}],"wp:attachment":[{"href":"https:\/\/cdl-aragon.es\/capa\/index.php\/wp-json\/wp\/v2\/media?parent=1040"}],"curies":[{"name":"wp","href":"https:\/\/api.w.org\/{rel}","templated":true}]}}