{"id":1020,"date":"2023-10-23T10:23:00","date_gmt":"2023-10-23T10:23:00","guid":{"rendered":"https:\/\/cdl-aragon.es\/capa\/?page_id=1020"},"modified":"2025-11-12T19:15:32","modified_gmt":"2025-11-12T19:15:32","slug":"listado-de-comunicaciones-aceptadas","status":"publish","type":"page","link":"https:\/\/cdl-aragon.es\/capa\/index.php\/listado-de-comunicaciones-aceptadas\/","title":{"rendered":"Listado de comunicaciones aceptadas"},"content":{"rendered":"\n<h2 class=\"wp-block-heading\">Organizaci\u00f3n provisional<\/h2>\n\n\n\n<h3 class=\"wp-block-heading\"><a href=\"https:\/\/cdl-aragon.es\/capa\/index.php\/prehistoria-2\/\"><mark style=\"background-color:#ffffff\" class=\"has-inline-color has-vivid-cyan-blue-color\">Prehistoria<\/mark> (Res\u00famenes)<\/a><\/h3>\n\n\n\n<ol class=\"wp-block-list\">\n<li><strong>RESULTADOS PRELIMINARES DEL AN\u00c1LISIS ZOOARQUEOL\u00d3GICO Y TAFON\u00d3MICO DE LA FAUNA MUSTERIENSE DE LA CUEVA AGP5 (AGUIL\u00d3N, ZARAGOZA<\/strong>)<\/li>\n\n\n\n<li><strong>PRESENTACI\u00d3N DE LA ASOCIACI\u00d3N DE ARQUEOBIOLOG\u00cdA ARAGONESA (ASARB)<\/strong><\/li>\n\n\n\n<li><strong><em>PROPUESTA METODOL\u00d3GICA PARA LA LIMPIEZA DE CARBONATOS DE CALCIO (CACO\u2083) EN HERRAMIENTAS L\u00cdTICAS DE LA CUEVA P5 DE AGUIL\u00d3N (ZARAGOZA).<\/em><\/strong><\/li>\n\n\n\n<li><strong>NUEVAS INVESTIGACIONES EN EL ABRIGO DE HUERTO RASO (COLUNGO-ASQUE, HUESCA): OCUPACIONES NEOL\u00cdTICAS Y CALCOL\u00cdTICAS EN EL CA\u00d1\u00d3N DEL VERO<\/strong><\/li>\n\n\n\n<li><strong>CRONOLOG\u00cdA Y DIN\u00c1MICAS DE OCUPACI\u00d3N DE LA CUEVA DE CORO TRASITO (TELLA, SOBRARBE) DURANTE EL NEOL\u00cdTICO ANTIGUO<\/strong>.<\/li>\n\n\n\n<li><strong>LA NECR\u00d3POLIS DE RIOLS I (MEQUINENZA, ZARAGOZA) Y SU RELACI\u00d3N CON LAS SEPULTURAS EN CISTA DEL VALLE DEL EBRO<\/strong>.<\/li>\n\n\n\n<li><strong>CONTINUIDAD, CAMBIO Y RELACIONES COMUNITARIAS: BIOARQUEOLOG\u00cdA Y ARQUEOGEN\u00d3MICA DESDE EL NEOL\u00cdTICO HASTA LA EDAD DEL BRONCE FINAL EN EL VALLE MEDIO DEL EBRO<\/strong><\/li>\n\n\n\n<li><strong>ECOS DEL CALCOL\u00cdTICO: EXPLORANDO LOS PRIMEROS HALLAZGOS DE LA EXCAVACI\u00d3N DEL ENTERRAMIENTO COLECTIVO DE LA PARIDERA DE LA DEHESA<\/strong>.<\/li>\n\n\n\n<li><strong>A VUELTAS CON LOS VASOS GEMINADOS: TRES EJEMPLARES EN EL VALLE MEDIO Y ALTO DEL EBRO<\/strong>.<\/li>\n\n\n\n<li><strong>PALEOPATOLOG\u00cdA HIST\u00d3RICA<\/strong>.<\/li>\n<\/ol>\n\n\n\n<p><\/p>\n\n\n\n<hr class=\"wp-block-separator has-alpha-channel-opacity\"\/>\n\n\n\n<h3 class=\"wp-block-heading\"><mark style=\"background-color:rgba(0, 0, 0, 0)\" class=\"has-inline-color has-vivid-cyan-blue-color\">Protohistoria (Resumenes)<\/mark><\/h3>\n\n\n\n<ol class=\"wp-block-list\">\n<li><strong>EL ASENTAMIENTO PROTOHIST\u00d3RICO DEL CONVENTO DE MALL\u00c9N (ZARAGOZA).<\/strong><\/li>\n\n\n\n<li><strong>LA MUELA DE JORCAS, CAMPA\u00d1AS ARQUEOL\u00d3GICAS DE 2023 Y 2024 (TERUEL).<\/strong><\/li>\n\n\n\n<li><strong>LA NECR\u00d3POLIS DEL CABEZO DE BALLESTEROS (\u00c9PILA, ZARAGOZA). UNA REVISI\u00d3N INTEGRAL DEL CEMENTERIO PROTOHIST\u00d3RICO A TRAV\u00c9S DE LAS NUEVAS EXCAVACIONES DE 2022 Y 2023<\/strong>.<\/li>\n\n\n\n<li><strong>A VUELTAS (DE NUEVO) SOBRE <em>SALDUIE<\/em>: NUEVOS DATOS SOBRE SU EXTENSI\u00d3N, MATERIALES Y CRONOLOG\u00cdA<\/strong>.<\/li>\n\n\n\n<li><strong>NUEVOS DATOS SOBRE LOS RESTOS PRERROMANOS DE DAROCA Y LA PRESENCIA DE UN <em>OPPIDUM<\/em> CELTIB\u00c9RICO BAJO SU CASCO URBANO<\/strong>.<\/li>\n\n\n\n<li><strong>EXCAVACI\u00d3N ARQUEOL\u00d3GICA Y PUESTA EN VALOR DEL YACIMIENTO DE \u201cEL CALVARIO\u201d EN GOTOR (ZARAGOZA)<\/strong><\/li>\n<\/ol>\n\n\n\n<h3 class=\"wp-block-heading\"><a href=\"https:\/\/cdl-aragon.es\/capa\/index.php\/arqueologia-clasica-2\/\"><mark style=\"background-color:#ffffff\" class=\"has-inline-color has-vivid-cyan-blue-color\">Arqueolog\u00eda cl\u00e1sica<\/mark> (Res\u00famenes)<\/a><\/h3>\n\n\n\n<ol class=\"wp-block-list\">\n<li><strong>PRESENTACI\u00d3N DEL PROYECTO FRUCTUS ET SEMINA: AGRICULTURA Y GESTI\u00d3N DE RECURSOS AGROALIMENTARIOS A TRAV\u00c9S DE LA ARQUEOBOT\u00c1NICA EN LA TARRACONENSE<\/strong>.<\/li>\n\n\n\n<li><strong>EL BALNEUM DEL CABEZO DE ALCAL\u00c1, DE AZAILA (TERUEL): NUEVA LECTURA<\/strong>.<\/li>\n\n\n\n<li><strong>LA PRESENCIA DE RESTOS ROMANOS EN EL CASCO HIST\u00d3RICO DE DAROCA Y SU RELACI\u00d3N CON UN POSIBLE ASENTAMIENTO URBANO DE CRONOLOG\u00cdA ALTOIMPERIAL<\/strong>.<\/li>\n\n\n\n<li><strong>APORTACIONES AL SISTEMA HIDR\u00c1ULICO Y GESTI\u00d3N DEL AGUA EN LA VILLA ROMANA DE LA MALENA (AZUARA, ZARAGOZA).<\/strong><\/li>\n\n\n\n<li><strong>CONTEXTOS DE HABITACI\u00d3N Y ABANDONO DE \u00c9POCA ROMANA EN BELSINON (EL CONVENTO DE MALL\u00c9N, ZARAGOZA).<\/strong><\/li>\n\n\n\n<li><strong>UN FRAGMENTO DE ESCULTURA MONUMENTAL ALTOIMPERIAL ROMANA EN M\u00c1RMOL BLANCO DE GRANO FINO PROCEDENTE DE SAN PEDRO EL VIEJO DE HUESCA\u201d<\/strong>.<\/li>\n\n\n\n<li><strong>LA REPRESENTACI\u00d3N ORNITOL\u00d3GICA EN EL MOSAICO DE ORFEO DE SAN JUAN DE LOS PANETES (ZARAGOZA).<\/strong><\/li>\n\n\n\n<li><strong>PRIMERAS EXCAVACIONES EN LOS YACIMIENTOS DE DATOS Y EL PICURUCHO (BADULES): UN MODELO DE ARQUEOLOG\u00cdA DEL PAISAJE CON ENFOQUE COMUNITARIO.<\/strong><\/li>\n\n\n\n<li><strong>NUEVAS APORTACIONES AL CONOCIMIENTO DE LA NECR\u00d3POLIS ORIENTAL DE <em>CAESAR AUGUSTA: <\/em>LAS <em>USTRINA<\/em> HALLADAS DURANTE LAS OBRAS DE RECUPERACI\u00d3N DE LAS RIBERAS DE HUERVA<\/strong>.<\/li>\n\n\n\n<li><strong>VIDRIOS ARQUEOL\u00d3GICOS EN LA CALLE CONDE DE ARANDA, 2 (ZARAGOZA)<\/strong>.<\/li>\n\n\n\n<li><strong><em>TESTUDINES <\/em>Y<em> SIMILES<\/em> EN MOSAICO Y VIDRIOS&nbsp; DEL MUSEO DE ZARAGOZA, EN EL CONTEXTO DEL IMPERIO ROMANO<\/strong>.<\/li>\n\n\n\n<li><strong>ICONOGRAF\u00cdA DE <em>NYMPHAEA <\/em>L. EN VIDRIO, CON EJEMPLOS DEL ARAGON ROMANO<\/strong>.<\/li>\n\n\n\n<li><strong>CORAL Y <em>SIMILES<\/em> EN VIDRIOS DE LA ANTIG\u00dcEDAD A \u00c9POCA CONTEMPOR\u00c1NEA. BIENES CULTURALES EN ARAG\u00d3N<\/strong>.<\/li>\n\n\n\n<li><strong>DE CICER\u00d3N A GORDON: AVANCE SOBRE LA INCINERACI\u00d3N 30 DE LA NECR\u00d3POLIS DE CABEZA LADRERO<\/strong>.<\/li>\n\n\n\n<li><strong>\u00c9POCA PALEOCRISTIANA EN ARAG\u00d3N. RECONSIDERACIONES SOBRE ICONOGRAF\u00cdA Y ARQUEOLOG\u00cdA<\/strong>.<\/li>\n\n\n\n<li><strong>LA FUENSANTA VS. PE\u00d1ALBA: LA PERVIVENCIA DE UN PAISAJE SAGRADO.<\/strong><\/li>\n<\/ol>\n\n\n\n<hr class=\"wp-block-separator has-alpha-channel-opacity\"\/>\n\n\n\n<h3 class=\"wp-block-heading\"><a href=\"https:\/\/cdl-aragon.es\/capa\/index.php\/arqueologia-medieval-a-industrial\/\"><mark style=\"background-color:rgba(0, 0, 0, 0)\" class=\"has-inline-color has-vivid-cyan-blue-color\">Arqueolog\u00eda medieval, industrial, urbana y preventiva<\/mark> (Res\u00famenes)<\/a><\/h3>\n\n\n\n<ol class=\"wp-block-list\">\n<li><strong>UN NUEVO ARRABAL Y DOS NECR\u00d3POLIS ANDALUS\u00cdES. LA EXPANSI\u00d3N DE <em>SARAQUSTA<\/em> POR LA MARGEN DERECHA DEL R\u00cdO HUERVA<\/strong>.<\/li>\n\n\n\n<li><strong>EL HISN DE NOVALLAS Y LOS OR\u00cdGENES ISL\u00c1MICOS DE LOS N\u00daCLEOS URBANOS DEL VALLE DEL QUEILES<\/strong>.<\/li>\n\n\n\n<li><strong>LA MURALLA DE PIEDRA CON CUBOS ISL\u00c1MICA DE <em>SARAQUSTA<\/em> (ZARAGOZA) Y SU INFLUENCIA EN LA POLIORC\u00c9TICA EN LA FRANCIA MEDIEVAL<\/strong><\/li>\n\n\n\n<li><strong><em>KASHRUT <\/em>EN LA MESA Y EL CUCHILLO: UN ESTUDIO ARQUEOZOOL\u00d3GICO SOBRE LAS PR\u00c1CTICAS ALIMENTARIAS Y DE CARNICER\u00cdA EN EL SEXTO TORRE\u00d3N DE LA JUDER\u00cdA MEDIEVAL DE ALCA\u00d1IZ (TERUEL)<\/strong>.<\/li>\n\n\n\n<li><strong>EL CASTILLO Y LA NECR\u00d3POLIS DE FUENTES CLARAS (TERUEL).<\/strong><\/li>\n\n\n\n<li><strong><em>EL CASTILLO DE FORNILLOS DE VIOLADA. ALMUD\u00c9VAR (HUESCA).<\/em><\/strong><\/li>\n\n\n\n<li><strong>PRIMERAS INVESTIGACIONES ARQUEOL\u00d3GICAS EN EL CASTILLO DE SANTED (ZARAGOZA) EN EL MARCO DE LA PRIMERA CAMPA\u00d1A DE CONSOLIDACI\u00d3N<\/strong><\/li>\n\n\n\n<li><strong>LA REHABILITACI\u00d3N DEL <em>CASTRO STOPANIANO<\/em> EN ESTIPI\u00d1AN DEL CASTILLO Y EL HALLAZGO UN ORATORIO.<\/strong><\/li>\n\n\n\n<li><strong>ARTE RUPESTRE DE CRONOLOG\u00cdA HIST\u00d3RICA EN EL ALTO MIJARES. EL COVACHO DEL CORRAL DE LOS COVARCHONES (EL CASTELLAR, TERUEL)<\/strong>.<\/li>\n\n\n\n<li><strong>EN BUSCA DE LA BODEGA DE SANTA CRISTINA DE SOMPORT<\/strong>.<\/li>\n\n\n\n<li><strong>LA GRAN CALERA DE EL BALSAR (VALBONA, TERUEL): UN AN\u00c1LISIS GEOQU\u00cdMICO Y ARQUEOL\u00d3GICO DE UNA ESTRUCTURA BAJOMEDIEVAL DE CAR\u00c1CTER PROTOINDUSTRIAL.<\/strong><\/li>\n\n\n\n<li><strong>EL CAMPOSANTO DE \u00c9POCA MODERNA Y BAJOMEDIEVAL DEL CONVENTO DE LA MERCED DE HUESCA.<\/strong><\/li>\n\n\n\n<li><strong>EXCAVACI\u00d3N ARQUEOL\u00d3GICA EN LA \u201cREFORMA DEL ALBERGUE MUNICIPAL \u2013 CUARTEL DE SAN AGUSTIN\u201d DE ZARAGOZA<\/strong>.<\/li>\n\n\n\n<li><strong>EXHUMACI\u00d3N Y REINHUMACI\u00d3N DEL ARZOBISPO DE ZARAGOZA DALMAU DE MUR, S. XV.<\/strong><\/li>\n<\/ol>\n\n\n\n<hr class=\"wp-block-separator has-alpha-channel-opacity\"\/>\n\n\n\n<h3 class=\"wp-block-heading\"><a href=\"https:\/\/cdl-aragon.es\/capa\/index.php\/memoria-historica\/\"><mark style=\"background-color:rgba(0, 0, 0, 0)\" class=\"has-inline-color has-vivid-cyan-blue-color\">Memoria Hist\u00f3rica<\/mark> (Res\u00famenes)<\/a><\/h3>\n\n\n\n<ol class=\"wp-block-list\">\n<li><strong>LAS MOLEJAS: UN ESTUDIO APROXIMADO SOBRE LAS POSICIONES DEFENSIVAS ENAZUARA<\/strong>.<\/li>\n\n\n\n<li><strong>LAS POSICIONES REPUBLICANAS DE LA LOMA DE LA SOLANA (CA\u00d1ADA VELLIDA, TERUEL).<\/strong><\/li>\n\n\n\n<li><strong>LAS FOSAS COMUNES DEL CEMENTERIO DE BELCHITE LOCALIZACI\u00d3N DE LAS FOSAS 11 Y 12.<\/strong><\/li>\n\n\n\n<li><strong>ARQUEOLOG\u00cdA SIN MEMORIA: IMPACTOS DE LA DEROGACI\u00d3N DE LA LEY 14\/2018 DE MEMORIA DEMOCR\u00c1TICA DE ARAG\u00d3N EN LAS INVESTIGACIONES FORENSES SOBRE LA REPRESI\u00d3N FRANQUISTA<\/strong><\/li>\n<\/ol>\n\n\n\n<hr class=\"wp-block-separator has-alpha-channel-opacity\"\/>\n\n\n\n<h3 class=\"wp-block-heading\"><a href=\"https:\/\/cdl-aragon.es\/capa\/index.php\/patrimonio-y-didactica\/\" data-type=\"link\" data-id=\"https:\/\/cdl-aragon.es\/capa\/index.php\/patrimonio-y-didactica\/\"><mark style=\"background-color:rgba(0, 0, 0, 0)\" class=\"has-inline-color has-vivid-cyan-blue-color\">Patrimonio y did\u00e1ctica<\/mark> (Res\u00famenes)<\/a><\/h3>\n\n\n\n<ol class=\"wp-block-list\">\n<li><strong>PROYECTO DE INVESTIGACI\u00d3N ARQUEOL\u00d3GICA Y PUESTA EN VALOR DEL YACIMIENTO DE \u201cLA MALENA\u201d EN MOYUELA (ZARAGOZA)<\/strong>.<\/li>\n\n\n\n<li><strong>PROSPECCIONES Y SONDEOS ARQUEOL\u00d3GICOS EN LA CABECERA DEL BARRANCO DE CONSUSA EN TELLA-SIN (SOBRARBE, HUESCA)<\/strong>.<\/li>\n\n\n\n<li><strong>CONCEPCI\u00d3N DE LA ARQUEOLOG\u00cdA Y DEL PATRIMONIO ARQUEOL\u00d3GICO POR PARTE DE LA SOCIEDAD: UN AN\u00c1LISIS DEL CASO DEL CASTILLO DE PERACENSE DESDE LA PERSPECTIVA DE LA EDUCACI\u00d3N PATRIMONIAL.<\/strong><\/li>\n\n\n\n<li><strong>LAS BATALLAS DE LA GUERRA DE INDEPENDENCIA EN LA PROVINCIA DE TERUEL: UN RECURSO TUR\u00cdSTICO Y PATRIMONIAL.<\/strong><\/li>\n\n\n\n<li><strong>EL MEDIO RURAL COMO ESCENARIO EDUCATIVO: PERCEPCIONES DEL ALUMNADO UNIVERSITARIO Y TENSIONES ENTRE IDEALIZACI\u00d3N Y DIVERSIDAD EN TORNO AL PATRIMONIO<\/strong><\/li>\n\n\n\n<li><strong>LA RECONSTRUCCI\u00d3N FISIOGN\u00d3MICA. EXPERIENCIAS PR\u00c1CTICAS.<\/strong><\/li>\n\n\n\n<li><strong>GEMELOS DIGITALES, SOPORTES Y R\u00c9PLICAS 3D: SOLUCIONES PR\u00c1CTICAS PARA LA CONSERVACI\u00d3N, EXPOSICI\u00d3N Y DID\u00c1CTICA DEL MATERIAL ARQUEOL\u00d3GICO.<\/strong><\/li>\n<\/ol>\n\n\n\n<hr class=\"wp-block-separator has-alpha-channel-opacity\"\/>\n\n\n\n<h2 class=\"wp-block-heading\"><a href=\"https:\/\/cdl-aragon.es\/capa\/index.php\/posteres\/\">P\u00f3sters (Res\u00famenes)<\/a><\/h2>\n\n\n\n<ol class=\"wp-block-list\">\n<li><strong>EXPLORANDO EL ARTE RUPESTRE ARAGON\u00c9S: UN PROYECTO DE INNOVACI\u00d3N DOCENTE EN EDUCACI\u00d3N SUPERIOR<\/strong>.<\/li>\n\n\n\n<li><strong>SEARCHING FOR THE ORIGINS OF ROCK ART IN ARAG\u00d3N<\/strong><\/li>\n\n\n\n<li><strong>EL MONASTERIO DE SANTA MAR\u00cdA DE FONFR\u00cdA (SALVATIERRA DE ESC\u00c1, ZARAGOZA): APROXIMACI\u00d3N ARQUEOL\u00d3GICA A SU ENTORNO INMEDIATO<\/strong>.<\/li>\n\n\n\n<li><strong>DE LA CONSERVACI\u00d3N A LA COMUNICACI\u00d3N: ESTRATEGIA DIGITAL PARA EL PATRIMONIO CULTURAL.<\/strong><\/li>\n\n\n\n<li><strong>INTEGRACI\u00d3N DE NUEVAS PR\u00c1XIS EN ARQUEOLOG\u00cdA CL\u00c1SICA, LA M\u00c1QUINA DE FLOTACI\u00d3N DEL PROYECTO CABEZA LADRERO.<\/strong><\/li>\n\n\n\n<li><strong>LA PA\u00d1ARUELA-EL BOYAL: EL HORIZONTE DE LA EDAD DEL BRONCE EN LAS TERRAZAS DEL BAJO G\u00c1LLEGO.<\/strong><\/li>\n\n\n\n<li><strong>DOCUMENTACI\u00d3N E INTERPRETACI\u00d3N DE LOS GRAFITOS DEL PALACIO DE LA ALJAFER\u00cdA (ZARAGOZA)<\/strong>.<\/li>\n\n\n\n<li><strong>GANADER\u00cdA E ISLAMIZACI\u00d3N SOCIAL EN DOS ALQUER\u00cdAS ANDALUS\u00cdES DEL VALLE DEL EBRO (SIGLOS XI-XII)<\/strong><\/li>\n\n\n\n<li><strong>GANADER\u00cdA Y ESTRATEGIAS DE SUBSISTENCIA EN LA CODERA (ALCOLEA DE CINCA, HUESCA) DURANTE LA PRIMERA EDAD DEL HIERRO: UN ESTUDIO ARQUEOZOOL\u00d3GICO<\/strong>.<\/li>\n<\/ol>\n\n\n\n<p><\/p>\n","protected":false},"excerpt":{"rendered":"<p>Organizaci\u00f3n provisional Prehistoria (Res\u00famenes) Protohistoria (Resumenes) Arqueolog\u00eda cl\u00e1sica (Res\u00famenes) Arqueolog\u00eda medieval, industrial, urbana y preventiva (Res\u00famenes) Memoria Hist\u00f3rica (Res\u00famenes) Patrimonio y did\u00e1ctica (Res\u00famenes) P\u00f3sters (Res\u00famenes)<\/p>\n","protected":false},"author":1,"featured_media":0,"parent":0,"menu_order":0,"comment_status":"closed","ping_status":"closed","template":"","meta":{"_monsterinsights_skip_tracking":false,"_monsterinsights_sitenote_active":false,"_monsterinsights_sitenote_note":"","_monsterinsights_sitenote_category":0,"footnotes":""},"class_list":["post-1020","page","type-page","status-publish","hentry"],"_links":{"self":[{"href":"https:\/\/cdl-aragon.es\/capa\/index.php\/wp-json\/wp\/v2\/pages\/1020","targetHints":{"allow":["GET"]}}],"collection":[{"href":"https:\/\/cdl-aragon.es\/capa\/index.php\/wp-json\/wp\/v2\/pages"}],"about":[{"href":"https:\/\/cdl-aragon.es\/capa\/index.php\/wp-json\/wp\/v2\/types\/page"}],"author":[{"embeddable":true,"href":"https:\/\/cdl-aragon.es\/capa\/index.php\/wp-json\/wp\/v2\/users\/1"}],"replies":[{"embeddable":true,"href":"https:\/\/cdl-aragon.es\/capa\/index.php\/wp-json\/wp\/v2\/comments?post=1020"}],"version-history":[{"count":28,"href":"https:\/\/cdl-aragon.es\/capa\/index.php\/wp-json\/wp\/v2\/pages\/1020\/revisions"}],"predecessor-version":[{"id":1343,"href":"https:\/\/cdl-aragon.es\/capa\/index.php\/wp-json\/wp\/v2\/pages\/1020\/revisions\/1343"}],"wp:attachment":[{"href":"https:\/\/cdl-aragon.es\/capa\/index.php\/wp-json\/wp\/v2\/media?parent=1020"}],"curies":[{"name":"wp","href":"https:\/\/api.w.org\/{rel}","templated":true}]}}